{"id":2314,"date":"2023-03-14T17:22:49","date_gmt":"2023-03-14T17:22:49","guid":{"rendered":"https:\/\/cool-style.md\/?post_type=product&#038;p=2314"},"modified":"2023-07-11T09:22:05","modified_gmt":"2023-07-11T09:22:05","slug":"master-barber-penuar-yellow-guler","status":"publish","type":"product","link":"https:\/\/cool-style.md\/ro\/product\/master-barber-penuar-yellow-guler\/","title":{"rendered":"Pelerina Nishman Master Barber Penuar Yellow cu guler"},"content":{"rendered":"<h2><span style=\"font-size: 75%;\">Pelerina Nishman Master Barber Penuar Yellow cu guler din neopren<\/span><\/h2>\n<p><a href=\"https:\/\/cool-style.md\/wp-content\/uploads\/2023\/03\/Cool-style.md-Pelerina-Nishman-Master-Barber.jpeg\"><img decoding=\"async\" class=\" wp-image-2313 alignleft\" src=\"https:\/\/cool-style.md\/wp-content\/uploads\/2023\/03\/Cool-style.md-Pelerina-Nishman-Master-Barber-300x400.jpeg\" alt=\"Cool-style.md Pelerina Nishman Master Barber\" width=\"266\" height=\"355\" srcset=\"https:\/\/cool-style.md\/wp-content\/uploads\/2023\/03\/Cool-style.md-Pelerina-Nishman-Master-Barber-300x400.jpeg 300w, https:\/\/cool-style.md\/wp-content\/uploads\/2023\/03\/Cool-style.md-Pelerina-Nishman-Master-Barber.jpeg 412w\" sizes=\"(max-width: 266px) 100vw, 266px\" \/><\/a>Pelerina <a href=\"https:\/\/nishman.com.tr\/\" target=\"_blank\" rel=\"noopener\">Nishman<\/a> de \u00eenalt\u0103 calitate pentru saloane, fabricat\u0103 din material rezistent \u0219i impermeabil. Gulerul din neopren se potrive\u0219te perfect \u00een jurul g\u00e2tului, \u00eempiedic\u00e2nd p\u0103trunderea firelor de p\u0103r \u0219i a impurit\u0103\u021bilor \u00een timpul procedurii. Se foloseste pentru diferite tipuri de lucrari: tunsoare, vopsit, coafat etc. Un <a href=\"https:\/\/cool-style.md\/ro\/accesorii\/\">accesoriu<\/a> esential pentru orice salon pentru a proteja hainele si pielea clientului de lichide fierbinti, stropi, murdarie, praf, vopsea, lipici si fire de par fine.<\/p>\n<p>Pelerina este realizat\u0103 din material durabil, de \u00eenalt\u0103 calitate, care ofer\u0103 siguran\u021b\u0103 \u0219i protec\u021bie fiabil\u0103 pentru o varietate de locuri de munc\u0103.<\/p>","protected":false},"excerpt":{"rendered":"<p><span style=\"font-size: 100%;\">Nishman Master Barber Penuar Yellow v\u0103 va ajuta s\u0103 proteja\u021bi \u00eembr\u0103c\u0103mintea clientului de murd\u0103rie \u00een timpul lucrului.<\/span><span style=\"font-size: 100%;\"><\/span><\/p>\n","protected":false},"featured_media":2318,"template":"","meta":[],"product_brand":[],"product_cat":[29,132],"product_tag":[],"class_list":{"0":"post-2314","1":"product","2":"type-product","3":"status-publish","4":"has-post-thumbnail","6":"product_cat-accesorii","7":"product_cat-diverse-accesorii","8":"pa_brand-nishman","9":"pa_felul-produsului-tip-pelerina","10":"pa_producator-turcia","12":"first","13":"instock","14":"shipping-taxable","15":"purchasable","16":"product-type-simple"},"_links":{"self":[{"href":"https:\/\/cool-style.md\/ro\/wp-json\/wp\/v2\/product\/2314","targetHints":{"allow":["GET"]}}],"collection":[{"href":"https:\/\/cool-style.md\/ro\/wp-json\/wp\/v2\/product"}],"about":[{"href":"https:\/\/cool-style.md\/ro\/wp-json\/wp\/v2\/types\/product"}],"wp:featuredmedia":[{"embeddable":true,"href":"https:\/\/cool-style.md\/ro\/wp-json\/wp\/v2\/media\/2318"}],"wp:attachment":[{"href":"https:\/\/cool-style.md\/ro\/wp-json\/wp\/v2\/media?parent=2314"}],"wp:term":[{"taxonomy":"product_brand","embeddable":true,"href":"https:\/\/cool-style.md\/ro\/wp-json\/wp\/v2\/product_brand?post=2314"},{"taxonomy":"product_cat","embeddable":true,"href":"https:\/\/cool-style.md\/ro\/wp-json\/wp\/v2\/product_cat?post=2314"},{"taxonomy":"product_tag","embeddable":true,"href":"https:\/\/cool-style.md\/ro\/wp-json\/wp\/v2\/product_tag?post=2314"}],"curies":[{"name":"wp","href":"https:\/\/api.w.org\/{rel}","templated":true}]}}