{"id":2321,"date":"2023-03-14T17:45:35","date_gmt":"2023-03-14T17:45:35","guid":{"rendered":"https:\/\/cool-style.md\/?post_type=product&#038;p=2321"},"modified":"2025-09-12T07:41:36","modified_gmt":"2025-09-12T07:41:36","slug":"folie-de-aluminiu","status":"publish","type":"product","link":"https:\/\/cool-style.md\/ro\/product\/folie-de-aluminiu\/","title":{"rendered":"Folie de aluminiu \u00een rulou 100m"},"content":{"rendered":"<h2><span style=\"font-size: 75%;\">\u0424\u043e\u043b\u044c\u0433\u0430 \u0430\u043b\u044e\u043c\u0438\u043d\u0438\u0435\u0432\u0430\u044f \u0432 \u0440\u0443\u043b\u043e\u043d\u0435<\/span><\/h2>\n<p>Folia sub\u021bire de aluminiu &#8211; un <a href=\"https:\/\/cool-style.md\/accesorii\/\">accesoriu<\/a> folosit \u00een saloanele de \u00eenfrumuse\u021bare \u0219i de coafur\u0103. Se utilizeaz\u0103 pe scar\u0103 larg\u0103 pentru procedurile de vopsire \u0219i decolorare a p\u0103rului, precum \u0219i pentru \u00eendep\u0103rtarea lacurilor pe baz\u0103 de gel.<\/p>\n<p><span style=\"font-size: 100%;\"><b>Volum:<\/b>\u00a0 100 m<\/span><\/p>\n<h2><span style=\"font-size: 75%;\"><\/span><\/p>","protected":false},"excerpt":{"rendered":"<p><span style=\"font-size: 100%;\">Folie de aluminiu pentru procedurile de vopsire \u0219i decolorare a p\u0103rului.<\/span><span style=\"font-size: 100%;\"><\/span><\/p>\n","protected":false},"featured_media":2322,"template":"","meta":[],"product_brand":[],"product_cat":[132,262],"product_tag":[],"class_list":{"0":"post-2321","1":"product","2":"type-product","3":"status-publish","4":"has-post-thumbnail","6":"product_cat-diverse-accesorii","7":"product_cat-unica-folosinta","8":"pa_felul-produsului-folie","9":"pa_volum-100m","11":"first","12":"instock","13":"shipping-taxable","14":"purchasable","15":"product-type-simple"},"_links":{"self":[{"href":"https:\/\/cool-style.md\/ro\/wp-json\/wp\/v2\/product\/2321","targetHints":{"allow":["GET"]}}],"collection":[{"href":"https:\/\/cool-style.md\/ro\/wp-json\/wp\/v2\/product"}],"about":[{"href":"https:\/\/cool-style.md\/ro\/wp-json\/wp\/v2\/types\/product"}],"wp:featuredmedia":[{"embeddable":true,"href":"https:\/\/cool-style.md\/ro\/wp-json\/wp\/v2\/media\/2322"}],"wp:attachment":[{"href":"https:\/\/cool-style.md\/ro\/wp-json\/wp\/v2\/media?parent=2321"}],"wp:term":[{"taxonomy":"product_brand","embeddable":true,"href":"https:\/\/cool-style.md\/ro\/wp-json\/wp\/v2\/product_brand?post=2321"},{"taxonomy":"product_cat","embeddable":true,"href":"https:\/\/cool-style.md\/ro\/wp-json\/wp\/v2\/product_cat?post=2321"},{"taxonomy":"product_tag","embeddable":true,"href":"https:\/\/cool-style.md\/ro\/wp-json\/wp\/v2\/product_tag?post=2321"}],"curies":[{"name":"wp","href":"https:\/\/api.w.org\/{rel}","templated":true}]}}