{"id":2391,"date":"2023-03-15T17:08:30","date_gmt":"2023-03-15T17:08:30","guid":{"rendered":"https:\/\/cool-style.md\/?post_type=product&#038;p=2391"},"modified":"2024-12-05T20:28:06","modified_gmt":"2024-12-05T20:28:06","slug":"nishman-peel-of-mask-gold-200ml","status":"publish","type":"product","link":"https:\/\/cool-style.md\/ro\/product\/nishman-peel-of-mask-gold-200ml\/","title":{"rendered":"Masca de cur\u0103\u021bare pentru fa\u021b\u0103 Nishman Peel Of Mask Gold 200ml"},"content":{"rendered":"<h2><span style=\"font-size: 75%;\">Masca de cur\u0103\u021bare pentru fa\u021b\u0103 Nishman Peel Of Mask Gold<\/span><\/h2>\n<ul>\n<li>Elimina punctele negre;<\/li>\n<li>Hidrateaz\u0103 \u0219i hr\u0103ne\u0219te pielea fe\u021bei;<\/li>\n<li>Neteze\u0219te ridurile \u0219i \u00eembun\u0103t\u0103\u021be\u0219te fermitatea;<\/li>\n<li>Normalizeaz\u0103 activitatea glandelor sebacee;<\/li>\n<li>Fabricat din ingrediente naturale;<\/li>\n<li>Potrivit pentru toate tipurile de piele;<\/li>\n<\/ul>\n<p><a href=\"https:\/\/cool-style.md\/wp-content\/uploads\/2023\/03\/Cool-style.md-Nishman-Peel-Of-Mask-200ml.jpg\"><img decoding=\"async\" class=\"size-medium wp-image-2392 alignleft\" src=\"https:\/\/cool-style.md\/wp-content\/uploads\/2023\/03\/Cool-style.md-Nishman-Peel-Of-Mask-200ml-320x400.jpg\" alt=\"Nishman Peel Of Mask\" width=\"320\" height=\"400\" srcset=\"https:\/\/cool-style.md\/wp-content\/uploads\/2023\/03\/Cool-style.md-Nishman-Peel-Of-Mask-200ml-320x400.jpg 320w, https:\/\/cool-style.md\/wp-content\/uploads\/2023\/03\/Cool-style.md-Nishman-Peel-Of-Mask-200ml-510x637.jpg 510w, https:\/\/cool-style.md\/wp-content\/uploads\/2023\/03\/Cool-style.md-Nishman-Peel-Of-Mask-200ml-640x800.jpg 640w, https:\/\/cool-style.md\/wp-content\/uploads\/2023\/03\/Cool-style.md-Nishman-Peel-Of-Mask-200ml-768x959.jpg 768w, https:\/\/cool-style.md\/wp-content\/uploads\/2023\/03\/Cool-style.md-Nishman-Peel-Of-Mask-200ml-1229x1536.jpg 1229w, https:\/\/cool-style.md\/wp-content\/uploads\/2023\/03\/Cool-style.md-Nishman-Peel-Of-Mask-200ml.jpg 1440w\" sizes=\"(max-width: 320px) 100vw, 320px\" \/><\/a><a href=\"https:\/\/nishman.com.tr\/\" target=\"_blank\" rel=\"noopener\">Nishman<\/a> Gold Purifying Mask pentru <a href=\"https:\/\/cool-style.md\/ro\/cosmetice-barbati\/ingrijirea-fetei\/\">fa\u021b\u0103<\/a> ajut\u0103 la sc\u0103derea punctelor negre, cur\u0103\u021b\u0103 \u0219i \u00eendep\u0103rteaz\u0103 celulele moarte ale pielii. Dup\u0103 utilizarea peliculei pentru masc\u0103, pielea fe\u021bei arat\u0103 s\u0103n\u0103toas\u0103, \u00eengrijit\u0103, cap\u0103t\u0103 un ton uniform, devine elastic\u0103, neted\u0103 \u0219i lucioas\u0103. Combate inflamatia, acneea si porii mariti. Masca \u00eembun\u0103t\u0103\u021be\u0219te aspectul \u0219i calitatea pielii grase \u0219i mixte.<\/p>\n<p><strong>Volum:<\/strong> 200 ml<\/p>\n<p><strong>Mod de utilizare:<\/strong> pe pielea cur\u0103\u021bat\u0103 \u00een prealabil, aplica\u021bi un strat suficient de gros de masc\u0103, ocolind zona ochilor, buzelor \u0219i zonelor de cre\u0219tere a p\u0103rului. A\u0219tepta\u021bi p\u00e2n\u0103 se usuc\u0103 complet \u0219i \u00eendep\u0103rta\u021bi cu grij\u0103 masca, \u00eencep\u00e2nd de la b\u0103rbie.<\/p>\n<p><strong>Aten\u021bie:<\/strong> numai pentru uz extern. \u00cen caz de contact cu ochii, cl\u0103ti\u021bi cu mult\u0103 ap\u0103. A nu se lasa la indemana copiilor.<\/p>","protected":false},"excerpt":{"rendered":"<p><span style=\"font-size: 100%;\">Nishman Peel Of Mask Gold ajut\u0103 la eliminarea punctelor negre, neteze\u0219te ridurile \u0219i \u00eendep\u0103rteaz\u0103 celulele moarte.<\/span><span style=\"font-size: 100%;\"><\/span><\/p>\n","protected":false},"featured_media":2394,"template":"","meta":[],"product_brand":[],"product_cat":[33],"product_tag":[],"class_list":{"0":"post-2391","1":"product","2":"type-product","3":"status-publish","4":"has-post-thumbnail","6":"product_cat-ingrijirea-fetei","7":"pa_brand-nishman","8":"pa_felul-produsului-tip-masca","9":"pa_producator-turcia","10":"pa_volum-200ml","12":"first","13":"instock","14":"featured","15":"shipping-taxable","16":"purchasable","17":"product-type-simple"},"_links":{"self":[{"href":"https:\/\/cool-style.md\/ro\/wp-json\/wp\/v2\/product\/2391","targetHints":{"allow":["GET"]}}],"collection":[{"href":"https:\/\/cool-style.md\/ro\/wp-json\/wp\/v2\/product"}],"about":[{"href":"https:\/\/cool-style.md\/ro\/wp-json\/wp\/v2\/types\/product"}],"wp:featuredmedia":[{"embeddable":true,"href":"https:\/\/cool-style.md\/ro\/wp-json\/wp\/v2\/media\/2394"}],"wp:attachment":[{"href":"https:\/\/cool-style.md\/ro\/wp-json\/wp\/v2\/media?parent=2391"}],"wp:term":[{"taxonomy":"product_brand","embeddable":true,"href":"https:\/\/cool-style.md\/ro\/wp-json\/wp\/v2\/product_brand?post=2391"},{"taxonomy":"product_cat","embeddable":true,"href":"https:\/\/cool-style.md\/ro\/wp-json\/wp\/v2\/product_cat?post=2391"},{"taxonomy":"product_tag","embeddable":true,"href":"https:\/\/cool-style.md\/ro\/wp-json\/wp\/v2\/product_tag?post=2391"}],"curies":[{"name":"wp","href":"https:\/\/api.w.org\/{rel}","templated":true}]}}