{"id":2418,"date":"2023-03-23T09:54:02","date_gmt":"2023-03-23T09:54:02","guid":{"rendered":"https:\/\/cool-style.md\/?post_type=product&#038;p=2418"},"modified":"2025-04-09T16:04:15","modified_gmt":"2025-04-09T16:04:15","slug":"freshfade-2020c-clipper-silver","status":"publish","type":"product","link":"https:\/\/cool-style.md\/ro\/product\/freshfade-2020c-clipper-silver\/","title":{"rendered":"Ma\u015fin\u0103 de tuns JRL FreshFade 2020C Clipper Silver"},"content":{"rendered":"<h2 style=\"text-align: center;\">Ma\u0219in\u0103 de tuns FreshFade 2020C Clipper Silver<\/h2>\n<p><a href=\"https:\/\/cool-style.md\/wp-content\/uploads\/2023\/03\/Masina-de-tuns-FreshFade-2020C-Clipper.jpg\"><img decoding=\"async\" class=\"aligncenter wp-image-2419\" src=\"https:\/\/cool-style.md\/wp-content\/uploads\/2023\/03\/Masina-de-tuns-FreshFade-2020C-Clipper-711x400.jpg\" alt=\"FreshFade 2020C Clipper\" width=\"533\" height=\"300\" srcset=\"https:\/\/cool-style.md\/wp-content\/uploads\/2023\/03\/Masina-de-tuns-FreshFade-2020C-Clipper-711x400.jpg 711w, https:\/\/cool-style.md\/wp-content\/uploads\/2023\/03\/Masina-de-tuns-FreshFade-2020C-Clipper-510x287.jpg 510w, https:\/\/cool-style.md\/wp-content\/uploads\/2023\/03\/Masina-de-tuns-FreshFade-2020C-Clipper-768x432.jpg 768w, https:\/\/cool-style.md\/wp-content\/uploads\/2023\/03\/Masina-de-tuns-FreshFade-2020C-Clipper.jpg 1280w\" sizes=\"(max-width: 533px) 100vw, 533px\" \/><\/a><\/p>\n<p><span style=\"font-size: 100%;\"><a href=\"https:\/\/cool-style.md\/accesorii\/aparate-de-tuns\/\">Ma\u0219in\u0103 de tuns<\/a> profesional\u0103 de la produc\u0103torul <a href=\"https:\/\/www.jrlusa.com\/\" target=\"_blank\" rel=\"noopener\">JRL Professional<\/a> cu design \u0219i func\u021bionalitate excelent\u0103.<\/span><\/p>\n<ul>\n<li><span style=\"font-size: 100%;\">Func\u021bia avansat\u0103 de blocare a p\u00e2rghiei asigur\u0103 siguran\u021b\u0103 pentru utilizare pe termen lung;<\/span><\/li>\n<li><span style=\"font-size: 100%;\">4 ore de lucru fara reincarcare;<\/span><\/li>\n<li><span style=\"font-size: 100%;\">Lama ascutita revolutionara;<\/span><\/li>\n<li><span style=\"font-size: 100%;\">2 viteze pentru diferite tipuri de tunsoare &#8211; 6000 \u0219i 7200 rpm;<\/span><\/li>\n<li><span style=\"font-size: 100%;\">Func\u021bionare silen\u021bioas\u0103;<\/span><\/li>\n<li><span style=\"font-size: 100%;\">Baterie litiu-ion;<\/span><\/li>\n<li><span style=\"font-size: 100%;\">Tehnologie patentat\u0103 Smart-Clip<\/span><\/li>\n<li><span style=\"font-size: 100%;\">Interval de t\u0103iere mai lung &#8211; 0,5 p\u00e2n\u0103 la 3,5 mm;<\/span><\/li>\n<\/ul>\n<p><span style=\"font-size: 100%;\"><strong>\u00cen cutie:<\/strong> 1 \u0219urubelni\u021b\u0103, 1 perie, 1 ulei lubrifiant, 1 ap\u0103r\u0103toare pentru lam\u0103, 10 bi\u021bi de la 1,5 la 25 mm, 1 \u00eenc\u0103rc\u0103tor.<\/span><\/p>\n<p><span style=\"font-size: 100%;\"><strong>Material lamei:<\/strong> o\u021bel inoxidabil \u0219i titan<\/span><\/p>\n<p><span style=\"font-size: 100%;\"><strong>Timp de \u00eenc\u0103rcare complet\u0103:<\/strong> 3 ore<\/span><\/p>\n<p><span style=\"font-size: 100%;\"><strong>Culoare:<\/strong> argintiu<\/span><\/p>\n<p><span style=\"font-size: 100%;\"><\/span><\/p>\n<div class=\"video video-fit mb\" style=\"padding-top:50%;\"><p><iframe title=\"New JRL FF2020C Clipper Features\" width=\"1020\" height=\"574\" src=\"https:\/\/www.youtube.com\/embed\/XHXEOgOEX9U?feature=oembed\" frameborder=\"0\" allow=\"accelerometer; autoplay; clipboard-write; encrypted-media; gyroscope; picture-in-picture; web-share\" allowfullscreen><\/iframe><\/p>\n<\/div>","protected":false},"excerpt":{"rendered":"<p><span style=\"font-size: 100%;\">FreshFade 2020C Clipper Silver &#8211; aparat profesional pentru tuns.<\/span><span style=\"font-size: 100%;\"><\/span><\/p>\n","protected":false},"featured_media":2425,"template":"","meta":[],"product_brand":[],"product_cat":[177,29],"product_tag":[],"class_list":{"0":"post-2418","1":"product","2":"type-product","3":"status-publish","4":"has-post-thumbnail","6":"product_cat-aparate-de-tuns","7":"product_cat-accesorii","8":"pa_brand-jrl-professional","9":"pa_felul-produsului-masina-de-tuns","10":"pa_producator-china","12":"first","13":"instock","14":"shipping-taxable","15":"purchasable","16":"product-type-simple"},"_links":{"self":[{"href":"https:\/\/cool-style.md\/ro\/wp-json\/wp\/v2\/product\/2418","targetHints":{"allow":["GET"]}}],"collection":[{"href":"https:\/\/cool-style.md\/ro\/wp-json\/wp\/v2\/product"}],"about":[{"href":"https:\/\/cool-style.md\/ro\/wp-json\/wp\/v2\/types\/product"}],"wp:featuredmedia":[{"embeddable":true,"href":"https:\/\/cool-style.md\/ro\/wp-json\/wp\/v2\/media\/2425"}],"wp:attachment":[{"href":"https:\/\/cool-style.md\/ro\/wp-json\/wp\/v2\/media?parent=2418"}],"wp:term":[{"taxonomy":"product_brand","embeddable":true,"href":"https:\/\/cool-style.md\/ro\/wp-json\/wp\/v2\/product_brand?post=2418"},{"taxonomy":"product_cat","embeddable":true,"href":"https:\/\/cool-style.md\/ro\/wp-json\/wp\/v2\/product_cat?post=2418"},{"taxonomy":"product_tag","embeddable":true,"href":"https:\/\/cool-style.md\/ro\/wp-json\/wp\/v2\/product_tag?post=2418"}],"curies":[{"name":"wp","href":"https:\/\/api.w.org\/{rel}","templated":true}]}}