{"id":2439,"date":"2023-03-23T12:09:04","date_gmt":"2023-03-23T12:09:04","guid":{"rendered":"https:\/\/cool-style.md\/?post_type=product&#038;p=2439"},"modified":"2025-04-09T16:06:04","modified_gmt":"2025-04-09T16:06:04","slug":"freshfade-2020t-trimmer-gold","status":"publish","type":"product","link":"https:\/\/cool-style.md\/ro\/product\/freshfade-2020t-trimmer-gold\/","title":{"rendered":"Trimmer JRL FreshFade 2020T Trimmer Gold"},"content":{"rendered":"<h2 style=\"text-align: center;\">Trimmer JRL FreshFade 2020T Trimmer Gold<\/h2>\n<p><span style=\"font-size: 100%;\"><a href=\"https:\/\/cool-style.md\/wp-content\/uploads\/2023\/03\/Trimmer-JRL-FreshFade-2020T-Trimmer.webp\"><img decoding=\"async\" class=\"size-medium wp-image-2438 alignleft\" src=\"https:\/\/cool-style.md\/wp-content\/uploads\/2023\/03\/Trimmer-JRL-FreshFade-2020T-Trimmer-400x400.webp\" alt=\"FreshFade 2020T Trimmer Silver\" width=\"400\" height=\"400\" srcset=\"https:\/\/cool-style.md\/wp-content\/uploads\/2023\/03\/Trimmer-JRL-FreshFade-2020T-Trimmer-400x400.webp 400w, https:\/\/cool-style.md\/wp-content\/uploads\/2023\/03\/Trimmer-JRL-FreshFade-2020T-Trimmer-300x300.webp 300w, https:\/\/cool-style.md\/wp-content\/uploads\/2023\/03\/Trimmer-JRL-FreshFade-2020T-Trimmer-100x100.webp 100w, https:\/\/cool-style.md\/wp-content\/uploads\/2023\/03\/Trimmer-JRL-FreshFade-2020T-Trimmer-510x510.webp 510w, https:\/\/cool-style.md\/wp-content\/uploads\/2023\/03\/Trimmer-JRL-FreshFade-2020T-Trimmer-800x800.webp 800w, https:\/\/cool-style.md\/wp-content\/uploads\/2023\/03\/Trimmer-JRL-FreshFade-2020T-Trimmer-280x280.webp 280w, https:\/\/cool-style.md\/wp-content\/uploads\/2023\/03\/Trimmer-JRL-FreshFade-2020T-Trimmer-768x768.webp 768w, https:\/\/cool-style.md\/wp-content\/uploads\/2023\/03\/Trimmer-JRL-FreshFade-2020T-Trimmer.webp 1280w\" sizes=\"(max-width: 400px) 100vw, 400px\" \/><\/a><a href=\"https:\/\/cool-style.md\/accesorii\/aparate-de-tuns\/\">Trimmer<\/a> profesional de la produc\u0103torul <a href=\"https:\/\/www.jrlusa.com\/\" target=\"_blank\" rel=\"noopener\">JRL Professional<\/a> cu design \u0219i func\u021bionalitate excelent\u0103.<\/span><\/p>\n<ul>\n<li>Lam\u0103 ultra-sub\u021bire, deschis\u0103 la 360\u00b0;<\/li>\n<li>2 ore de munc\u0103 f\u0103r\u0103 re\u00eenc\u0103rcare;<\/li>\n<li>7200 rpm;<\/li>\n<li>Func\u021bionare silen\u021bioas\u0103 &#8211; mai pu\u021bin de 60 dB;<\/li>\n<li>Tehnologia Cool Blade: lama r\u0103m\u00e2ne rece \u0219i ascu\u021bit\u0103 dup\u0103 o utilizare prelungit\u0103;<\/li>\n<li>Tehnologie patentat\u0103 Smart-Clip<\/li>\n<li>Interval de t\u0103iere &#8211; de la 0 la 0,5 mm;<\/li>\n<\/ul>\n<p><span style=\"font-size: 100%;\"><strong>\u00cen cutie:<\/strong> 1 \u0219urubelni\u021b\u0103, 1 perie, 1 ulei lubrifiant, 1 ap\u0103r\u0103toare pentru lam\u0103, 1 \u00eenc\u0103rc\u0103tor.<\/span><\/p>\n<p><span style=\"font-size: 100%;\"><strong>Material lamei:<\/strong> o\u021bel inoxidabil \u0219i titan<\/span><\/p>\n<p><span style=\"font-size: 100%;\"><strong>Timp de \u00eenc\u0103rcare complet\u0103:<\/strong> 2 ore<\/span><\/p>\n<p><span style=\"font-size: 100%;\"><strong>Culoare:<\/strong> argintiu<\/span><\/p>\n<p><span style=\"font-size: 100%;\"><\/span><\/p>\n<div class=\"video video-fit mb\" style=\"padding-top:50%;\"><p><iframe title=\"JRL FF2020T Trimmer\" width=\"1020\" height=\"574\" src=\"https:\/\/www.youtube.com\/embed\/iRubPzAViXI?feature=oembed\" frameborder=\"0\" allow=\"accelerometer; autoplay; clipboard-write; encrypted-media; gyroscope; picture-in-picture; web-share\" allowfullscreen><\/iframe><\/p>\n<\/div>","protected":false},"excerpt":{"rendered":"<p><span style=\"font-size: 100%;\">FreshFade 2020T Trimmer Gold &#8211; aparat profesional pentru tuns.<\/span><span style=\"font-size: 100%;\"><\/span><\/p>\n","protected":false},"featured_media":2445,"template":"","meta":[],"product_brand":[],"product_cat":[177,29],"product_tag":[],"class_list":{"0":"post-2439","1":"product","2":"type-product","3":"status-publish","4":"has-post-thumbnail","6":"product_cat-aparate-de-tuns","7":"product_cat-accesorii","8":"pa_brand-jrl-professional","9":"pa_felul-produsului-trimmer","10":"pa_producator-china","12":"first","13":"instock","14":"shipping-taxable","15":"purchasable","16":"product-type-simple"},"_links":{"self":[{"href":"https:\/\/cool-style.md\/ro\/wp-json\/wp\/v2\/product\/2439","targetHints":{"allow":["GET"]}}],"collection":[{"href":"https:\/\/cool-style.md\/ro\/wp-json\/wp\/v2\/product"}],"about":[{"href":"https:\/\/cool-style.md\/ro\/wp-json\/wp\/v2\/types\/product"}],"wp:featuredmedia":[{"embeddable":true,"href":"https:\/\/cool-style.md\/ro\/wp-json\/wp\/v2\/media\/2445"}],"wp:attachment":[{"href":"https:\/\/cool-style.md\/ro\/wp-json\/wp\/v2\/media?parent=2439"}],"wp:term":[{"taxonomy":"product_brand","embeddable":true,"href":"https:\/\/cool-style.md\/ro\/wp-json\/wp\/v2\/product_brand?post=2439"},{"taxonomy":"product_cat","embeddable":true,"href":"https:\/\/cool-style.md\/ro\/wp-json\/wp\/v2\/product_cat?post=2439"},{"taxonomy":"product_tag","embeddable":true,"href":"https:\/\/cool-style.md\/ro\/wp-json\/wp\/v2\/product_tag?post=2439"}],"curies":[{"name":"wp","href":"https:\/\/api.w.org\/{rel}","templated":true}]}}