{"id":2471,"date":"2023-06-08T11:18:50","date_gmt":"2023-06-08T11:18:50","guid":{"rendered":"https:\/\/cool-style.md\/?post_type=product&#038;p=2471"},"modified":"2024-12-05T20:33:48","modified_gmt":"2024-12-05T20:33:48","slug":"maxx-deluxe-men-anti-gray-color-cream-02-natural-black","status":"publish","type":"product","link":"https:\/\/cool-style.md\/ro\/product\/maxx-deluxe-men-anti-gray-color-cream-02-natural-black\/","title":{"rendered":"Vopsea pentru p\u0103r Maxx Deluxe Men Anti-Gray Color Cream 02 Natural Black 60ml"},"content":{"rendered":"<h2><span style=\"font-size: 75%;\">Vopsea pentru p\u0103r Maxx Deluxe Men Anti-Gray Color Cream 02 Natural Black<\/span><\/h2>\n<ul>\n<li>Vopsea \u00eempotriva p\u0103rului gri;<\/li>\n<li>Pentru o culoare frumoas\u0103 natural\u0103;<\/li>\n<li>Aplicare rapida \u0219i u\u0219oar\u0103;<\/li>\n<\/ul>\n<p><a href=\"https:\/\/cool-style.md\/wp-content\/uploads\/2023\/06\/Cool-style.md-Maxx-Deluxe-Men-Color-Cream.jpg\"><img decoding=\"async\" class=\"wp-image-2467 alignleft\" src=\"https:\/\/cool-style.md\/wp-content\/uploads\/2023\/06\/Cool-style.md-Maxx-Deluxe-Men-Color-Cream-783x400.jpg\" alt=\"\" width=\"400\" height=\"204\" srcset=\"https:\/\/cool-style.md\/wp-content\/uploads\/2023\/06\/Cool-style.md-Maxx-Deluxe-Men-Color-Cream-783x400.jpg 783w, https:\/\/cool-style.md\/wp-content\/uploads\/2023\/06\/Cool-style.md-Maxx-Deluxe-Men-Color-Cream-510x261.jpg 510w, https:\/\/cool-style.md\/wp-content\/uploads\/2023\/06\/Cool-style.md-Maxx-Deluxe-Men-Color-Cream-768x392.jpg 768w, https:\/\/cool-style.md\/wp-content\/uploads\/2023\/06\/Cool-style.md-Maxx-Deluxe-Men-Color-Cream.jpg 1390w\" sizes=\"(max-width: 400px) 100vw, 400px\" \/><\/a>Vopsea pentru <a href=\"https:\/\/cool-style.md\/ru\/product-category\/cosmetice-barbati\/ingrijirea-par-barbati\/\">p\u0103r<\/a> <a href=\"https:\/\/www.lilacosmetics.com.tr\/\" target=\"_blank\" rel=\"noopener\">Maxx Deluxe<\/a> pentru b\u0103rba\u021bi. Acoper\u0103 eficient p\u0103rul gri. Ofer\u0103 cel mai natural aspect. Coloreaz\u0103 p\u0103rul \u00een 5 minute.<\/p>\n<p><strong>Culoare:<\/strong> neagr\u0103<\/p>\n<p><strong>Volum:<\/strong> 60 ml<\/p>\n<p><strong>Aten\u021bie:<\/strong> numai pentru uz extern. A se pastra departe de caldura si lumina soarelui. \u00cen caz de contact cu ochii, cl\u0103ti\u021bi cu mult\u0103 ap\u0103. A nu se lasa la indemana copiilor.<\/p>","protected":false},"excerpt":{"rendered":"<p><span style=\"font-size: 100%;\">Vopsea pentru p\u0103r Maxx Deluxe ascunde instantaneu p\u0103rul gri.<\/span><span style=\"font-size: 100%;\"><\/span><\/p>\n","protected":false},"featured_media":2475,"template":"","meta":[],"product_brand":[],"product_cat":[182,31],"product_tag":[],"class_list":{"0":"post-2471","1":"product","2":"type-product","3":"status-publish","4":"has-post-thumbnail","6":"product_cat-vopsele-barbati","7":"product_cat-ingrijirea-par-barbati","8":"pa_brand-maxx-deluxe","9":"pa_culoarea-negru","10":"pa_felul-produsului-tip-vopsele","11":"pa_producator-turcia","12":"pa_volum-60ml","14":"first","15":"instock","16":"featured","17":"shipping-taxable","18":"purchasable","19":"product-type-simple"},"_links":{"self":[{"href":"https:\/\/cool-style.md\/ro\/wp-json\/wp\/v2\/product\/2471","targetHints":{"allow":["GET"]}}],"collection":[{"href":"https:\/\/cool-style.md\/ro\/wp-json\/wp\/v2\/product"}],"about":[{"href":"https:\/\/cool-style.md\/ro\/wp-json\/wp\/v2\/types\/product"}],"wp:featuredmedia":[{"embeddable":true,"href":"https:\/\/cool-style.md\/ro\/wp-json\/wp\/v2\/media\/2475"}],"wp:attachment":[{"href":"https:\/\/cool-style.md\/ro\/wp-json\/wp\/v2\/media?parent=2471"}],"wp:term":[{"taxonomy":"product_brand","embeddable":true,"href":"https:\/\/cool-style.md\/ro\/wp-json\/wp\/v2\/product_brand?post=2471"},{"taxonomy":"product_cat","embeddable":true,"href":"https:\/\/cool-style.md\/ro\/wp-json\/wp\/v2\/product_cat?post=2471"},{"taxonomy":"product_tag","embeddable":true,"href":"https:\/\/cool-style.md\/ro\/wp-json\/wp\/v2\/product_tag?post=2471"}],"curies":[{"name":"wp","href":"https:\/\/api.w.org\/{rel}","templated":true}]}}