{"id":2481,"date":"2023-06-08T12:22:32","date_gmt":"2023-06-08T12:22:32","guid":{"rendered":"https:\/\/cool-style.md\/?post_type=product&#038;p=2481"},"modified":"2024-12-05T20:35:11","modified_gmt":"2024-12-05T20:35:11","slug":"maxx-deluxe-ready-to-color-pink","status":"publish","type":"product","link":"https:\/\/cool-style.md\/ro\/product\/maxx-deluxe-ready-to-color-pink\/","title":{"rendered":"Vopsea pentru p\u0103r MAXX DELUXE Ready To Color Pink 2x50ml"},"content":{"rendered":"<h2><span style=\"font-size: 75%;\">Vopsea pentru p\u0103r MAXX DELUXE Ready To Color Pink<\/span><\/h2>\n<ul>\n<li>ofer\u0103 p\u0103rului moliciune m\u0103t\u0103soas\u0103;<\/li>\n<li>ofer\u0103 stralucire naturala;<\/li>\n<li>ofer\u0103 un stil luminos pentru o perioad\u0103 lung\u0103 de timp.<\/li>\n<\/ul>\n<p><span style=\"font-size: 100%;\"><a href=\"https:\/\/cool-style.md\/wp-content\/uploads\/2023\/06\/Cool-style.md-Maxx-Deluxe-Ready-to-Color.jpg\"><img decoding=\"async\" class=\"alignnone size-medium wp-image-2479\" src=\"https:\/\/cool-style.md\/wp-content\/uploads\/2023\/06\/Cool-style.md-Maxx-Deluxe-Ready-to-Color-800x296.jpg\" alt=\"MAXX DELUXE Ready To Color\" width=\"800\" height=\"296\" srcset=\"https:\/\/cool-style.md\/wp-content\/uploads\/2023\/06\/Cool-style.md-Maxx-Deluxe-Ready-to-Color-800x296.jpg 800w, https:\/\/cool-style.md\/wp-content\/uploads\/2023\/06\/Cool-style.md-Maxx-Deluxe-Ready-to-Color-510x189.jpg 510w, https:\/\/cool-style.md\/wp-content\/uploads\/2023\/06\/Cool-style.md-Maxx-Deluxe-Ready-to-Color-1400x518.jpg 1400w, https:\/\/cool-style.md\/wp-content\/uploads\/2023\/06\/Cool-style.md-Maxx-Deluxe-Ready-to-Color-768x284.jpg 768w, https:\/\/cool-style.md\/wp-content\/uploads\/2023\/06\/Cool-style.md-Maxx-Deluxe-Ready-to-Color-1536x568.jpg 1536w, https:\/\/cool-style.md\/wp-content\/uploads\/2023\/06\/Cool-style.md-Maxx-Deluxe-Ready-to-Color.jpg 1920w\" sizes=\"(max-width: 800px) 100vw, 800px\" \/><\/a><\/span><\/p>\n<p>Vopsea semi-peranent\u0103 <a href=\"https:\/\/www.lilacosmetics.com.tr\/\" target=\"_blank\" rel=\"noopener\">Maxx Deluxe<\/a>, conceput\u0103 pentru a crea un aspect vibrant \u0219i expresiv, este un produs gata de utilizat, cu 6 variante de culoare. Nu contine amoniac. Ofer\u0103 str\u0103lucire \u0219i catifelare p\u0103rului. Culoarea dureaz\u0103 p\u00e2n\u0103 la 6-12 sp\u0103l\u0103ri, \u00een func\u021bie de nuan\u021ba aleas\u0103. Potrivit<a href=\"https:\/\/cool-style.md\/ro\/cosmetice-femei\/ingrijirea-par-femei\/\"> pentru toate tipurile de p\u0103r.<\/a><\/p>\n<p><strong>Volum:<\/strong> 2&#215;50 ml<\/p>\n<p><strong>Culoare:\u00a0<\/strong>roz<\/p>\n<p><span style=\"font-size: 100%;\"><strong>Aten\u021bie:<\/strong> numai pentru uz extern. \u00cen caz de contact cu ochii, cl\u0103ti\u021bi cu mult\u0103 ap\u0103. A nu se lasa la indemana copiilor.<\/span><\/p>","protected":false},"excerpt":{"rendered":"<p><span style=\"font-size: 100%;\">MAXX DELUXE Ready To Color Pink creeaz\u0103 un aspect vibrant \u0219i expresiv.<\/span><span style=\"font-size: 100%;\"><\/span><\/p>\n","protected":false},"featured_media":2487,"template":"","meta":[],"product_brand":[],"product_cat":[37],"product_tag":[],"class_list":{"0":"post-2481","1":"product","2":"type-product","3":"status-publish","4":"has-post-thumbnail","6":"product_cat-vopsele-par","7":"pa_brand-maxx-deluxe","8":"pa_culoarea-roz","9":"pa_felul-produsului-tip-vopsele","10":"pa_producator-turcia","11":"pa_volum-2x50ml","13":"first","14":"instock","15":"featured","16":"shipping-taxable","17":"purchasable","18":"product-type-simple"},"_links":{"self":[{"href":"https:\/\/cool-style.md\/ro\/wp-json\/wp\/v2\/product\/2481","targetHints":{"allow":["GET"]}}],"collection":[{"href":"https:\/\/cool-style.md\/ro\/wp-json\/wp\/v2\/product"}],"about":[{"href":"https:\/\/cool-style.md\/ro\/wp-json\/wp\/v2\/types\/product"}],"wp:featuredmedia":[{"embeddable":true,"href":"https:\/\/cool-style.md\/ro\/wp-json\/wp\/v2\/media\/2487"}],"wp:attachment":[{"href":"https:\/\/cool-style.md\/ro\/wp-json\/wp\/v2\/media?parent=2481"}],"wp:term":[{"taxonomy":"product_brand","embeddable":true,"href":"https:\/\/cool-style.md\/ro\/wp-json\/wp\/v2\/product_brand?post=2481"},{"taxonomy":"product_cat","embeddable":true,"href":"https:\/\/cool-style.md\/ro\/wp-json\/wp\/v2\/product_cat?post=2481"},{"taxonomy":"product_tag","embeddable":true,"href":"https:\/\/cool-style.md\/ro\/wp-json\/wp\/v2\/product_tag?post=2481"}],"curies":[{"name":"wp","href":"https:\/\/api.w.org\/{rel}","templated":true}]}}