{"id":2499,"date":"2023-06-08T13:09:55","date_gmt":"2023-06-08T13:09:55","guid":{"rendered":"https:\/\/cool-style.md\/?post_type=product&#038;p=2499"},"modified":"2024-12-05T20:38:18","modified_gmt":"2024-12-05T20:38:18","slug":"sea-color-bleaching-powder-super-blonde-2kg","status":"publish","type":"product","link":"https:\/\/cool-style.md\/ro\/product\/sea-color-bleaching-powder-super-blonde-2kg\/","title":{"rendered":"Pudr\u0103 pentru decolorarea p\u0103rului Sea Color Bleaching Powder Super Blonde 2000gr"},"content":{"rendered":"<h2><span style=\"font-size: 75%;\">Pudr\u0103 pentru decolorarea p\u0103rului Sea Color Bleaching Powder Super Blonde<\/span><\/h2>\n<ul>\n<li>Decoloreaz\u0103 p\u0103rul de orice nuan\u021b\u0103;<\/li>\n<li>P\u0103streaz\u0103 consisten\u021ba cremoasa;<\/li>\n<li>Nu usuc\u0103 p\u0103rul;<\/li>\n<li>Ofer\u0103 nuan\u021ba dorit\u0103.<\/li>\n<\/ul>\n<p><span style=\"font-size: 100%;\"><a href=\"https:\/\/cool-style.md\/wp-content\/uploads\/2023\/06\/Cool-style.md-Sea-Color-Super-Blonde.jpg\"><img decoding=\"async\" class=\"wp-image-2497 alignleft\" src=\"https:\/\/cool-style.md\/wp-content\/uploads\/2023\/06\/Cool-style.md-Sea-Color-Super-Blonde-488x400.jpg\" alt=\"Sea Color Bleaching Powder Super Blonde\" width=\"329\" height=\"270\" srcset=\"https:\/\/cool-style.md\/wp-content\/uploads\/2023\/06\/Cool-style.md-Sea-Color-Super-Blonde-488x400.jpg 488w, https:\/\/cool-style.md\/wp-content\/uploads\/2023\/06\/Cool-style.md-Sea-Color-Super-Blonde-510x418.jpg 510w, https:\/\/cool-style.md\/wp-content\/uploads\/2023\/06\/Cool-style.md-Sea-Color-Super-Blonde-768x630.jpg 768w, https:\/\/cool-style.md\/wp-content\/uploads\/2023\/06\/Cool-style.md-Sea-Color-Super-Blonde.jpg 782w\" sizes=\"(max-width: 329px) 100vw, 329px\" \/><\/a><\/span>Pudr\u0103 <span style=\"font-size: 100%;\"><a href=\"https:\/\/www.lilacosmetics.com.tr\/\" target=\"_blank\" rel=\"noopener\">Sea Color<\/a><\/span> ajut\u0103 la luminarea p\u0103rului natural sau vopsit de orice nuan\u021b\u0103. Asigur\u0103 lipsa de spum\u0103, uscare, scurgere \u0219i aglomerare \u00een ambalaj. P\u0103streaz\u0103 o textur\u0103 moale, cremoas\u0103. Nu usuca parul si ofera nuanta naturala dorita. Numai pentru uz profesional, <a href=\"https:\/\/cool-style.md\/ro\/cosmetice-femei\/ingrijirea-par-femei\/\">pentru toate tipurile de p\u0103r.<\/a><\/p>\n<p><strong>Volum:<\/strong> 2000 gr<\/p>\n<p><strong>Mod de utilizare:<\/strong> Amesteca\u021bi cu o crema oxidanta, aplica\u021bi pe par. Timpul de mentinere este de la 15 la 55 de minute, in functie de rezultatul dorit. Apoi, p\u0103rul trebuie sp\u0103lat cu \u0219ampon.<\/p>\n<p><span style=\"font-size: 100%;\"><strong>Aten\u021bie:<\/strong> numai pentru uz extern. \u00cen caz de contact cu ochii, cl\u0103ti\u021bi cu mult\u0103 ap\u0103. A nu se lasa la indemana copiilor.<\/span><\/p>","protected":false},"excerpt":{"rendered":"<p>Sea Color Bleaching Powder Super Blonde decoloreaz\u0103 p\u0103rul de orice ton, nu usuc\u0103 p\u0103rul.<\/span><span style=\"font-size: 100%;\"><\/span><\/p>\n","protected":false},"featured_media":2501,"template":"","meta":[],"product_brand":[],"product_cat":[130],"product_tag":[],"class_list":{"0":"post-2499","1":"product","2":"type-product","3":"status-publish","4":"has-post-thumbnail","6":"product_cat-oxidanti","7":"pa_brand-sea-color","8":"pa_felul-produsului-tip-pudra-decolorarea","9":"pa_producator-turcia","10":"pa_volum-2000gr","12":"first","13":"instock","14":"featured","15":"shipping-taxable","16":"purchasable","17":"product-type-simple"},"_links":{"self":[{"href":"https:\/\/cool-style.md\/ro\/wp-json\/wp\/v2\/product\/2499","targetHints":{"allow":["GET"]}}],"collection":[{"href":"https:\/\/cool-style.md\/ro\/wp-json\/wp\/v2\/product"}],"about":[{"href":"https:\/\/cool-style.md\/ro\/wp-json\/wp\/v2\/types\/product"}],"wp:featuredmedia":[{"embeddable":true,"href":"https:\/\/cool-style.md\/ro\/wp-json\/wp\/v2\/media\/2501"}],"wp:attachment":[{"href":"https:\/\/cool-style.md\/ro\/wp-json\/wp\/v2\/media?parent=2499"}],"wp:term":[{"taxonomy":"product_brand","embeddable":true,"href":"https:\/\/cool-style.md\/ro\/wp-json\/wp\/v2\/product_brand?post=2499"},{"taxonomy":"product_cat","embeddable":true,"href":"https:\/\/cool-style.md\/ro\/wp-json\/wp\/v2\/product_cat?post=2499"},{"taxonomy":"product_tag","embeddable":true,"href":"https:\/\/cool-style.md\/ro\/wp-json\/wp\/v2\/product_tag?post=2499"}],"curies":[{"name":"wp","href":"https:\/\/api.w.org\/{rel}","templated":true}]}}