{"id":2502,"date":"2023-06-08T13:15:49","date_gmt":"2023-06-08T13:15:49","guid":{"rendered":"https:\/\/cool-style.md\/?post_type=product&#038;p=2502"},"modified":"2024-12-05T20:38:48","modified_gmt":"2024-12-05T20:38:48","slug":"lilafix-contrast-colour-powder","status":"publish","type":"product","link":"https:\/\/cool-style.md\/ro\/product\/lilafix-contrast-colour-powder\/","title":{"rendered":"Pudr\u0103 pentru tonifiere p\u0103rului \u00een ro\u0219u LILAFIX Contrast Colour Powder 400gr"},"content":{"rendered":"<h2><span style=\"font-size: 75%;\">Pudr\u0103 pentru tonifiere p\u0103rului \u00een ro\u0219u LILAFIX Contrast Colour Powder<\/span><\/h2>\n<ul>\n<li>Decoloreaz\u0103 p\u0103rul de orice nuan\u021b\u0103;<\/li>\n<li>P\u0103streaz\u0103 consisten\u021ba cremoasa;<\/li>\n<li>Nu usuc\u0103 p\u0103rul;<\/li>\n<li>Vopse\u0219te p\u0103rul \u00eentr-o nuan\u021b\u0103 de rodie.<\/li>\n<\/ul>\n<p>Pudra <a href=\"https:\/\/www.lilacosmetics.com.tr\/\" target=\"_blank\" rel=\"noopener\">LILAFIX<\/a> ajut\u0103 la luminarea p\u0103rului natural sau vopsit de orice nuan\u021b\u0103, precum \u0219i la vopsirea \u00een ro\u0219u \u00eentr-o singur\u0103 aplicare. Garanteaz\u0103 lipsa de spum\u0103, uscare, scurgere sau aglomerare \u00een pachet. Men\u021bine o textur\u0103 moale cremoas\u0103. Nu usuc\u0103 p\u0103rul, \u00eel reface \u0219i revitalizeaz\u0103. Numai pentru uz profesional, <a href=\"https:\/\/cool-style.md\/ro\/cosmetice-femei\/ingrijirea-par-femei\/\">pentru toate tipurile de par<\/a>.<\/p>\n<p><strong>Volum:<\/strong> 400 gr<\/p>\n<p><strong>Mod de utilizare:<\/strong> Amesteca\u021bi cu o crema oxidanta, aplica\u021bi pe par. Timpul de mentinere este de la 15 la 55 de minute, in functie de rezultatul dorit. Apoi, p\u0103rul trebuie sp\u0103lat cu \u0219ampon.<\/p>\n<p><span style=\"font-size: 100%;\"><strong>Aten\u021bie:<\/strong> numai pentru uz extern. \u00cen caz de contact cu ochii, cl\u0103ti\u021bi cu mult\u0103 ap\u0103. A nu se lasa la indemana copiilor.<\/span><\/p>","protected":false},"excerpt":{"rendered":"<p>LILAFIX Contrast Colour Powder decoloreaz\u0103 p\u0103rul de orice nuan\u021b\u0103 \u0219i \u00eel vopse\u0219te \u00een ro\u0219u.<\/span><span style=\"font-size: 100%;\"><\/span><\/p>\n","protected":false},"featured_media":2503,"template":"","meta":[],"product_brand":[],"product_cat":[37,130],"product_tag":[],"class_list":{"0":"post-2502","1":"product","2":"type-product","3":"status-publish","4":"has-post-thumbnail","6":"product_cat-vopsele-par","7":"product_cat-oxidanti","8":"pa_brand-lilafix","9":"pa_felul-produsului-tip-vopsele","10":"pa_felul-produsului-tip-pudra-decolorarea","11":"pa_producator-turcia","12":"pa_volum-400gr","14":"first","15":"instock","16":"shipping-taxable","17":"purchasable","18":"product-type-simple"},"_links":{"self":[{"href":"https:\/\/cool-style.md\/ro\/wp-json\/wp\/v2\/product\/2502","targetHints":{"allow":["GET"]}}],"collection":[{"href":"https:\/\/cool-style.md\/ro\/wp-json\/wp\/v2\/product"}],"about":[{"href":"https:\/\/cool-style.md\/ro\/wp-json\/wp\/v2\/types\/product"}],"wp:featuredmedia":[{"embeddable":true,"href":"https:\/\/cool-style.md\/ro\/wp-json\/wp\/v2\/media\/2503"}],"wp:attachment":[{"href":"https:\/\/cool-style.md\/ro\/wp-json\/wp\/v2\/media?parent=2502"}],"wp:term":[{"taxonomy":"product_brand","embeddable":true,"href":"https:\/\/cool-style.md\/ro\/wp-json\/wp\/v2\/product_brand?post=2502"},{"taxonomy":"product_cat","embeddable":true,"href":"https:\/\/cool-style.md\/ro\/wp-json\/wp\/v2\/product_cat?post=2502"},{"taxonomy":"product_tag","embeddable":true,"href":"https:\/\/cool-style.md\/ro\/wp-json\/wp\/v2\/product_tag?post=2502"}],"curies":[{"name":"wp","href":"https:\/\/api.w.org\/{rel}","templated":true}]}}