{"id":2642,"date":"2023-11-27T08:28:45","date_gmt":"2023-11-27T08:28:45","guid":{"rendered":"https:\/\/cool-style.md\/?post_type=product&#038;p=2642"},"modified":"2024-12-05T20:40:20","modified_gmt":"2024-12-05T20:40:20","slug":"nishlady-botox-theraphy-set","status":"publish","type":"product","link":"https:\/\/cool-style.md\/ro\/product\/nishlady-botox-theraphy-set\/","title":{"rendered":"Set pentru p\u0103r uscat \u0219i deteriorat 3 unit\u0103\u021bi NishLady Botox Theraphy Set"},"content":{"rendered":"<h2><span style=\"font-size: 75%;\">Set pentru p\u0103r uscat \u0219i deteriorat NishLady Botox Theraphy Set<\/span><\/h2>\n<ul>\n<li><strong>Pasul 1:<\/strong> NishLady Botox Therapy Sampon 503ml<\/li>\n<li><strong>Pasul 2:<\/strong> Nish Lady Hair Treatment Botox Therapy 503ml<\/li>\n<li><strong>Pasul 3:<\/strong> Masc\u0103 de p\u0103r\u00a0Nish Lady Hair Care Mask Botox Therapy 503ml<\/li>\n<\/ul>\n<ol>\n<li><a href=\"https:\/\/cool-style.md\/felul-produsului\/tip-sampon\/\">\u0218amponul<\/a> <a href=\"https:\/\/nishlady.com\/\" target=\"_blank\" rel=\"noopener\">NishLady<\/a> f\u0103r\u0103 sulfa\u021bi cu un nivel de pH de 8-9 este un produs care este folosit pentru a repara p\u0103rul uscat \u0219i deteriorat \u0219i, de asemenea, pentru a elimina m\u0103trea\u021ba. \u00cen ciuda nivelului ridicat al pH-ului, nu \u00eengreuneaz\u0103 \u0219i nu usuc\u0103 p\u0103rul (dup\u0103 aplicare, se recomand\u0103 utilizarea \u0219amponului Nishlady Color Protect).<\/li>\n<li>Hair Treatment, un produs eficient de \u00eengrijire a p\u0103rului, con\u021bine vitamina E, unt de shea, keratina, complex de colagen \u0219i argan. Aceste componente sunt ingredientele active necesare pentru refacerea \u0219i tratamentul p\u0103rului. Nu con\u021bine substan\u021be toxice \u0219i face p\u0103rul moale \u0219i m\u0103t\u0103sos.<\/li>\n<li>O masc\u0103 de Botox care con\u021bine cheratina \u0219i unt de shea este un instrument indispensabil pentru acoperirea solzilor de p\u0103r dup\u0103 procedur\u0103, catifelarea p\u0103rului \u0219i ad\u0103ugarea de str\u0103lucire. V\u0103 permite s\u0103 ob\u021bine\u021bi str\u0103lucire vizibil\u0103.<\/li>\n<\/ol>\n<p><strong>Volum:<\/strong> 3&#215;503 ml<\/p>\n<p><span style=\"font-size: 100%;\"><strong>Aten\u021bie:<\/strong> numai pentru uz extern. \u00cen caz de contact cu ochii, cl\u0103ti\u021bi cu mult\u0103 ap\u0103. A nu se lasa la indemana copiilor.<\/span><\/p>","protected":false},"excerpt":{"rendered":"<p><span style=\"font-size: 100%;\">NishLady Botox Theraphy Set set de produse de \u00eengrijire pentru p\u0103r uscat \u0219i deteriorat.<\/span><span style=\"font-size: 100%;\"><\/span><\/p>\n","protected":false},"featured_media":2644,"template":"","meta":[],"product_brand":[],"product_cat":[36],"product_tag":[],"class_list":{"0":"post-2642","1":"product","2":"type-product","3":"status-publish","4":"has-post-thumbnail","6":"product_cat-ingrijirea-par-femei","7":"pa_brand-nishlady","8":"pa_felul-produsului-tip-masca","9":"pa_felul-produsului-tip-sampon","10":"pa_producator-turcia","11":"pa_volum-3x503ml","13":"first","14":"instock","15":"featured","16":"shipping-taxable","17":"purchasable","18":"product-type-simple"},"_links":{"self":[{"href":"https:\/\/cool-style.md\/ro\/wp-json\/wp\/v2\/product\/2642","targetHints":{"allow":["GET"]}}],"collection":[{"href":"https:\/\/cool-style.md\/ro\/wp-json\/wp\/v2\/product"}],"about":[{"href":"https:\/\/cool-style.md\/ro\/wp-json\/wp\/v2\/types\/product"}],"wp:featuredmedia":[{"embeddable":true,"href":"https:\/\/cool-style.md\/ro\/wp-json\/wp\/v2\/media\/2644"}],"wp:attachment":[{"href":"https:\/\/cool-style.md\/ro\/wp-json\/wp\/v2\/media?parent=2642"}],"wp:term":[{"taxonomy":"product_brand","embeddable":true,"href":"https:\/\/cool-style.md\/ro\/wp-json\/wp\/v2\/product_brand?post=2642"},{"taxonomy":"product_cat","embeddable":true,"href":"https:\/\/cool-style.md\/ro\/wp-json\/wp\/v2\/product_cat?post=2642"},{"taxonomy":"product_tag","embeddable":true,"href":"https:\/\/cool-style.md\/ro\/wp-json\/wp\/v2\/product_tag?post=2642"}],"curies":[{"name":"wp","href":"https:\/\/api.w.org\/{rel}","templated":true}]}}