{"id":2651,"date":"2023-11-27T09:42:49","date_gmt":"2023-11-27T09:42:49","guid":{"rendered":"https:\/\/cool-style.md\/?post_type=product&#038;p=2651"},"modified":"2024-12-05T20:42:36","modified_gmt":"2024-12-05T20:42:36","slug":"nishlady-color-protect-conditioner","status":"publish","type":"product","link":"https:\/\/cool-style.md\/ro\/product\/nishlady-color-protect-conditioner\/","title":{"rendered":"Balsam pentru p\u0103r vopsit NishLady Color Protect Conditioner 503ml"},"content":{"rendered":"<h2><span style=\"font-size: 75%;\">Balsam pentru p\u0103r vopsit NishLady Color Protect Conditioner<\/span><\/h2>\n<ul>\n<li>contine extracte de bujor si rodie;<\/li>\n<li><span style=\"font-size: 14.4px;\">fixeaz\u0103 pigmen\u021bii de culoare;<\/span><\/li>\n<li>men\u021bine luminozitatea culorii;<\/li>\n<li>ofer\u0103 o str\u0103lucire s\u0103n\u0103toas\u0103;<\/li>\n<li>nu contine saruri si parabeni.<\/li>\n<\/ul>\n<p><a href=\"https:\/\/cool-style.md\/wp-content\/uploads\/2023\/11\/Cool-style.md-NishLady-Color-Protect.png\"><img decoding=\"async\" class=\"alignleft wp-image-2754\" src=\"https:\/\/cool-style.md\/wp-content\/uploads\/2023\/11\/Cool-style.md-NishLady-Color-Protect-434x400.png\" alt=\"NishLady Color Protect\" width=\"345\" height=\"318\" srcset=\"https:\/\/cool-style.md\/wp-content\/uploads\/2023\/11\/Cool-style.md-NishLady-Color-Protect-434x400.png 434w, https:\/\/cool-style.md\/wp-content\/uploads\/2023\/11\/Cool-style.md-NishLady-Color-Protect-510x470.png 510w, https:\/\/cool-style.md\/wp-content\/uploads\/2023\/11\/Cool-style.md-NishLady-Color-Protect-868x800.png 868w, https:\/\/cool-style.md\/wp-content\/uploads\/2023\/11\/Cool-style.md-NishLady-Color-Protect-768x708.png 768w, https:\/\/cool-style.md\/wp-content\/uploads\/2023\/11\/Cool-style.md-NishLady-Color-Protect.png 1054w\" sizes=\"(max-width: 345px) 100vw, 345px\" \/><\/a>Balsamul <a href=\"https:\/\/nishlady.com\/\" target=\"_blank\" rel=\"noopener\">Nishlady<\/a> Color Protect, care are nivelul necesar de pH pentru a proteja pigmen\u021bii de culoare din solzii de p\u0103r, este recomandat s\u0103 fie folosit dup\u0103 fiecare sp\u0103lare a p\u0103rului. Cu extract de bujor, ajut\u0103 la restabilirea umidit\u0103\u021bii esen\u021biale a p\u0103rului, oferindu-i un aspect neted \u0219i puternic, prelungind \u00een acela\u0219i timp timpul de reziden\u021b\u0103 al culorii.<\/p>\n<p><strong>Volum:<\/strong> 503 ml<\/p>\n<p><strong>Mod de utilizare:<\/strong> Aplicati pe parul curat si umed dupa samponare cu miscari usoare de masaj. Cl\u0103ti\u021bi cu ap\u0103 cald\u0103 dup\u0103 c\u00e2teva minute.<\/p>\n<p><span style=\"font-size: 100%;\"><strong>Aten\u021bie:<\/strong> numai pentru uz extern. \u00cen caz de contact cu ochii, cl\u0103ti\u021bi cu mult\u0103 ap\u0103. A nu se lasa la indemana copiilor.<\/span><\/p>","protected":false},"excerpt":{"rendered":"<p><span style=\"font-size: 100%;\">NishLady Color Protect Conditioner \u00eenmoaie p\u0103rul, protejeaz\u0103 culoarea p\u0103rului.<\/span><span style=\"font-size: 100%;\"><\/span><\/p>\n","protected":false},"featured_media":2652,"template":"","meta":[],"product_brand":[],"product_cat":[36],"product_tag":[],"class_list":{"0":"post-2651","1":"product","2":"type-product","3":"status-publish","4":"has-post-thumbnail","6":"product_cat-ingrijirea-par-femei","7":"pa_brand-nishlady","8":"pa_felul-produsului-tip-balsam","9":"pa_producator-turcia","10":"pa_volum-503ml","12":"first","13":"instock","14":"featured","15":"shipping-taxable","16":"purchasable","17":"product-type-simple"},"_links":{"self":[{"href":"https:\/\/cool-style.md\/ro\/wp-json\/wp\/v2\/product\/2651","targetHints":{"allow":["GET"]}}],"collection":[{"href":"https:\/\/cool-style.md\/ro\/wp-json\/wp\/v2\/product"}],"about":[{"href":"https:\/\/cool-style.md\/ro\/wp-json\/wp\/v2\/types\/product"}],"wp:featuredmedia":[{"embeddable":true,"href":"https:\/\/cool-style.md\/ro\/wp-json\/wp\/v2\/media\/2652"}],"wp:attachment":[{"href":"https:\/\/cool-style.md\/ro\/wp-json\/wp\/v2\/media?parent=2651"}],"wp:term":[{"taxonomy":"product_brand","embeddable":true,"href":"https:\/\/cool-style.md\/ro\/wp-json\/wp\/v2\/product_brand?post=2651"},{"taxonomy":"product_cat","embeddable":true,"href":"https:\/\/cool-style.md\/ro\/wp-json\/wp\/v2\/product_cat?post=2651"},{"taxonomy":"product_tag","embeddable":true,"href":"https:\/\/cool-style.md\/ro\/wp-json\/wp\/v2\/product_tag?post=2651"}],"curies":[{"name":"wp","href":"https:\/\/api.w.org\/{rel}","templated":true}]}}