{"id":2653,"date":"2023-11-27T09:49:45","date_gmt":"2023-11-27T09:49:45","guid":{"rendered":"https:\/\/cool-style.md\/?post_type=product&#038;p=2653"},"modified":"2024-12-05T20:43:16","modified_gmt":"2024-12-05T20:43:16","slug":"nishlady-color-protect-bi-phase-conditioner","status":"publish","type":"product","link":"https:\/\/cool-style.md\/ro\/product\/nishlady-color-protect-bi-phase-conditioner\/","title":{"rendered":"Balsam-spray bifazic pentru p\u0103r vopsit NishLady Color Protect Bi-Phase Conditioner 386ml"},"content":{"rendered":"<h2><span style=\"font-size: 75%;\">Balsam-spray bifazic pentru p\u0103r vopsit\u00a0NishLady Color Protect Bi-Phase Conditioner<\/span><\/h2>\n<ul>\n<li>contine extracte de bujor si rodie;<\/li>\n<li><span style=\"font-size: 14.4px;\">fixeaz\u0103 pigmen\u021bii de culoare;<\/span><\/li>\n<li>men\u021bine luminozitatea culorii;<\/li>\n<li>ofer\u0103 o str\u0103lucire s\u0103n\u0103toas\u0103;<\/li>\n<li>nu contine saruri si parabeni.<\/li>\n<\/ul>\n<p><a href=\"https:\/\/cool-style.md\/wp-content\/uploads\/2023\/11\/Cool-style.md-NishLady-Color-Protect.png\"><img decoding=\"async\" class=\"alignleft wp-image-2754\" src=\"https:\/\/cool-style.md\/wp-content\/uploads\/2023\/11\/Cool-style.md-NishLady-Color-Protect-434x400.png\" alt=\"NishLady Color Protect\" width=\"345\" height=\"318\" srcset=\"https:\/\/cool-style.md\/wp-content\/uploads\/2023\/11\/Cool-style.md-NishLady-Color-Protect-434x400.png 434w, https:\/\/cool-style.md\/wp-content\/uploads\/2023\/11\/Cool-style.md-NishLady-Color-Protect-510x470.png 510w, https:\/\/cool-style.md\/wp-content\/uploads\/2023\/11\/Cool-style.md-NishLady-Color-Protect-868x800.png 868w, https:\/\/cool-style.md\/wp-content\/uploads\/2023\/11\/Cool-style.md-NishLady-Color-Protect-768x708.png 768w, https:\/\/cool-style.md\/wp-content\/uploads\/2023\/11\/Cool-style.md-NishLady-Color-Protect.png 1054w\" sizes=\"(max-width: 345px) 100vw, 345px\" \/><\/a>Balsam-spray <a href=\"https:\/\/nishlady.com\/\" target=\"_blank\" rel=\"noopener\">Nishlady<\/a> bifazic. Datorit\u0103 u\u0219urin\u021bei \u00een utilizare, care nu necesit\u0103 cl\u0103tire, p\u0103rul cap\u0103t\u0103 o textur\u0103 str\u0103lucitoare, m\u0103t\u0103soas\u0103 \u0219i este u\u0219or de piept\u0103nat. Produsul nu \u00eengreuneaz\u0103 p\u0103rul, cre\u0219te durabilitatea culorii datorit\u0103 extractelor de bujor \u0219i are un efect protector \u00eempotriva temperaturilor (usc\u0103tor de p\u0103r, soare).<\/p>\n<p><strong>Volum:<\/strong> 386 ml<\/p>\n<p><strong>Mod de utilizare:<\/strong> Pulveriza\u021bi o cantitate necesar\u0103 de spray pe p\u0103rul umed sau uscat \u0219i \u00eencepe\u021bi s\u0103 piept\u0103na\u021bi sau s\u0103 usca\u021bi.<\/p>\n<p><span style=\"font-size: 100%;\"><strong>Aten\u021bie:<\/strong> numai pentru uz extern. \u00cen caz de contact cu ochii, cl\u0103ti\u021bi cu mult\u0103 ap\u0103. A nu se lasa la indemana copiilor.<\/span><\/p>","protected":false},"excerpt":{"rendered":"<p><span style=\"font-size: 100%;\">NishLady Color Protect Bi-Phase Conditioner \u00eenmoaie p\u0103rul, protejeaz\u0103 culoarea p\u0103rului.<\/span><span style=\"font-size: 100%;\"><\/span><\/p>\n","protected":false},"featured_media":2654,"template":"","meta":[],"product_brand":[],"product_cat":[36],"product_tag":[],"class_list":{"0":"post-2653","1":"product","2":"type-product","3":"status-publish","4":"has-post-thumbnail","6":"product_cat-ingrijirea-par-femei","7":"pa_brand-nishlady","8":"pa_felul-produsului-tip-balsam","9":"pa_producator-turcia","10":"pa_volum-386ml","12":"first","13":"instock","14":"featured","15":"shipping-taxable","16":"purchasable","17":"product-type-simple"},"_links":{"self":[{"href":"https:\/\/cool-style.md\/ro\/wp-json\/wp\/v2\/product\/2653","targetHints":{"allow":["GET"]}}],"collection":[{"href":"https:\/\/cool-style.md\/ro\/wp-json\/wp\/v2\/product"}],"about":[{"href":"https:\/\/cool-style.md\/ro\/wp-json\/wp\/v2\/types\/product"}],"wp:featuredmedia":[{"embeddable":true,"href":"https:\/\/cool-style.md\/ro\/wp-json\/wp\/v2\/media\/2654"}],"wp:attachment":[{"href":"https:\/\/cool-style.md\/ro\/wp-json\/wp\/v2\/media?parent=2653"}],"wp:term":[{"taxonomy":"product_brand","embeddable":true,"href":"https:\/\/cool-style.md\/ro\/wp-json\/wp\/v2\/product_brand?post=2653"},{"taxonomy":"product_cat","embeddable":true,"href":"https:\/\/cool-style.md\/ro\/wp-json\/wp\/v2\/product_cat?post=2653"},{"taxonomy":"product_tag","embeddable":true,"href":"https:\/\/cool-style.md\/ro\/wp-json\/wp\/v2\/product_tag?post=2653"}],"curies":[{"name":"wp","href":"https:\/\/api.w.org\/{rel}","templated":true}]}}