{"id":2655,"date":"2023-11-27T09:57:13","date_gmt":"2023-11-27T09:57:13","guid":{"rendered":"https:\/\/cool-style.md\/?post_type=product&#038;p=2655"},"modified":"2024-12-05T20:43:51","modified_gmt":"2024-12-05T20:43:51","slug":"nishlady-color-protect-hair-care-mask","status":"publish","type":"product","link":"https:\/\/cool-style.md\/ro\/product\/nishlady-color-protect-hair-care-mask\/","title":{"rendered":"Masc\u0103 pentru p\u0103r vopsit NishLady Color Protect Hair Care Mask 296ml"},"content":{"rendered":"<h2><span style=\"font-size: 75%;\">Masc\u0103 pentru p\u0103r vopsit NishLady Color Protect Hair Care Mask<\/span><\/h2>\n<ul>\n<li>contine extracte de bujor si rodie;<\/li>\n<li><span style=\"font-size: 14.4px;\">fixeaz\u0103 pigmen\u021bii de culoare;<\/span><\/li>\n<li>men\u021bine luminozitatea culorii;<\/li>\n<li>ofer\u0103 o str\u0103lucire s\u0103n\u0103toas\u0103;<\/li>\n<li>nu contine saruri si parabeni.<\/li>\n<\/ul>\n<p><a href=\"https:\/\/cool-style.md\/wp-content\/uploads\/2023\/11\/Cool-style.md-NishLady-Color-Protect.png\"><img decoding=\"async\" class=\"alignleft wp-image-2754\" src=\"https:\/\/cool-style.md\/wp-content\/uploads\/2023\/11\/Cool-style.md-NishLady-Color-Protect-434x400.png\" alt=\"NishLady Color Protect\" width=\"345\" height=\"318\" srcset=\"https:\/\/cool-style.md\/wp-content\/uploads\/2023\/11\/Cool-style.md-NishLady-Color-Protect-434x400.png 434w, https:\/\/cool-style.md\/wp-content\/uploads\/2023\/11\/Cool-style.md-NishLady-Color-Protect-510x470.png 510w, https:\/\/cool-style.md\/wp-content\/uploads\/2023\/11\/Cool-style.md-NishLady-Color-Protect-868x800.png 868w, https:\/\/cool-style.md\/wp-content\/uploads\/2023\/11\/Cool-style.md-NishLady-Color-Protect-768x708.png 768w, https:\/\/cool-style.md\/wp-content\/uploads\/2023\/11\/Cool-style.md-NishLady-Color-Protect.png 1054w\" sizes=\"(max-width: 345px) 100vw, 345px\" \/><\/a>Masc\u0103 de protec\u021bie culorii <a href=\"https:\/\/nishlady.com\/\" target=\"_blank\" rel=\"noopener\">Nishlady<\/a>, un produs care demonstreaz\u0103 cel mai bine importan\u021ba unei m\u0103\u0219ti pentru p\u0103rul vopsit care necesit\u0103 \u00eengrijire special\u0103, hr\u0103ne\u0219te p\u0103rul de la r\u0103d\u0103cin\u0103 p\u00e2n\u0103 la v\u00e2rfuri, datorit\u0103 extractelor de bujor pe care le con\u021bine, re\u021bine pigmen\u021bii de culoare de pe suprafa\u021ba p\u0103rului mai mult timp. , \u00een timp ce hidrateaz\u0103 p\u0103rul \u0219i \u00eei confer\u0103 un aspect str\u0103lucitor.<\/p>\n<p><strong>Volum:<\/strong> 296 ml<\/p>\n<p><strong>Mod de utilizare:<\/strong> Aplica\u021bi o cantitate mic\u0103 de masc\u0103 pe p\u0103r, cl\u0103ti\u021bi bine cu ap\u0103 dup\u0103 c\u00e2teva minute. Se recomand\u0103 utilizarea de 2-3 ori pe s\u0103pt\u0103m\u00e2n\u0103.<\/p>\n<p><span style=\"font-size: 100%;\"><strong>Aten\u021bie:<\/strong> numai pentru uz extern. \u00cen caz de contact cu ochii, cl\u0103ti\u021bi cu mult\u0103 ap\u0103. A nu se lasa la indemana copiilor.<\/span><\/p>","protected":false},"excerpt":{"rendered":"<p><span style=\"font-size: 100%;\">NishLady Color Protect Hair Care Mask \u00eenmoaie p\u0103rul, protejeaz\u0103 culoarea p\u0103rului.<\/span><span style=\"font-size: 100%;\"><\/span><\/p>\n","protected":false},"featured_media":2656,"template":"","meta":[],"product_brand":[],"product_cat":[36],"product_tag":[],"class_list":{"0":"post-2655","1":"product","2":"type-product","3":"status-publish","4":"has-post-thumbnail","6":"product_cat-ingrijirea-par-femei","7":"pa_brand-nishlady","8":"pa_felul-produsului-tip-masca","9":"pa_producator-turcia","10":"pa_volum-296ml","12":"first","13":"instock","14":"featured","15":"shipping-taxable","16":"purchasable","17":"product-type-simple"},"_links":{"self":[{"href":"https:\/\/cool-style.md\/ro\/wp-json\/wp\/v2\/product\/2655","targetHints":{"allow":["GET"]}}],"collection":[{"href":"https:\/\/cool-style.md\/ro\/wp-json\/wp\/v2\/product"}],"about":[{"href":"https:\/\/cool-style.md\/ro\/wp-json\/wp\/v2\/types\/product"}],"wp:featuredmedia":[{"embeddable":true,"href":"https:\/\/cool-style.md\/ro\/wp-json\/wp\/v2\/media\/2656"}],"wp:attachment":[{"href":"https:\/\/cool-style.md\/ro\/wp-json\/wp\/v2\/media?parent=2655"}],"wp:term":[{"taxonomy":"product_brand","embeddable":true,"href":"https:\/\/cool-style.md\/ro\/wp-json\/wp\/v2\/product_brand?post=2655"},{"taxonomy":"product_cat","embeddable":true,"href":"https:\/\/cool-style.md\/ro\/wp-json\/wp\/v2\/product_cat?post=2655"},{"taxonomy":"product_tag","embeddable":true,"href":"https:\/\/cool-style.md\/ro\/wp-json\/wp\/v2\/product_tag?post=2655"}],"curies":[{"name":"wp","href":"https:\/\/api.w.org\/{rel}","templated":true}]}}