{"id":2667,"date":"2023-11-27T14:06:34","date_gmt":"2023-11-27T14:06:34","guid":{"rendered":"https:\/\/cool-style.md\/?post_type=product&#038;p=2667"},"modified":"2024-12-05T20:46:10","modified_gmt":"2024-12-05T20:46:10","slug":"nishlady-curl-manifesto-shampoo-small","status":"publish","type":"product","link":"https:\/\/cool-style.md\/ro\/product\/nishlady-curl-manifesto-shampoo-small\/","title":{"rendered":"\u0218ampon f\u0103r\u0103 sulfa\u021bi pentru p\u0103rul cre\u021b NishLady Curl Manifesto Shampoo 503ml"},"content":{"rendered":"<h2><span style=\"font-size: 75%;\">\u0218ampon f\u0103r\u0103 sulfa\u021bi pentru p\u0103rul cre\u021b NishLady Curl Manifesto Shampoo<\/span><\/h2>\n<ul>\n<li>con\u021bine extracte de coac\u0103z negru;<\/li>\n<li>ofer\u0103 un aspect s\u0103n\u0103tos;<\/li>\n<li>hr\u0103ne\u0219te \u0219i hidrateaz\u0103 p\u0103rul;<\/li>\n<li>face p\u0103rul mai u\u0219or de gestionat;<\/li>\n<li>nu contine saruri si parabeni.<\/li>\n<\/ul>\n<p><span style=\"font-size: 100%;\"><a href=\"https:\/\/cool-style.md\/wp-content\/uploads\/2023\/11\/Cool-style.md-Nish-Lady-Curl-Manifesto.png\"><img decoding=\"async\" class=\"alignleft wp-image-2755\" src=\"https:\/\/cool-style.md\/wp-content\/uploads\/2023\/11\/Cool-style.md-Nish-Lady-Curl-Manifesto-433x400.png\" alt=\"Nish-Lady-Curl-Manifesto\" width=\"345\" height=\"319\" srcset=\"https:\/\/cool-style.md\/wp-content\/uploads\/2023\/11\/Cool-style.md-Nish-Lady-Curl-Manifesto-433x400.png 433w, https:\/\/cool-style.md\/wp-content\/uploads\/2023\/11\/Cool-style.md-Nish-Lady-Curl-Manifesto-510x471.png 510w, https:\/\/cool-style.md\/wp-content\/uploads\/2023\/11\/Cool-style.md-Nish-Lady-Curl-Manifesto-866x800.png 866w, https:\/\/cool-style.md\/wp-content\/uploads\/2023\/11\/Cool-style.md-Nish-Lady-Curl-Manifesto-768x709.png 768w, https:\/\/cool-style.md\/wp-content\/uploads\/2023\/11\/Cool-style.md-Nish-Lady-Curl-Manifesto.png 1050w\" sizes=\"(max-width: 345px) 100vw, 345px\" \/><\/a><\/span>Formula f\u0103r\u0103 sulfa\u021bi a seriei <a href=\"https:\/\/nishlady.com\/\" target=\"_blank\" rel=\"noopener\">Nishlady<\/a> Manifesto joac\u0103 un rol activ \u00een manifestarea buclelor, ceea ce elimin\u0103 cea mai mare problem\u0103 a p\u0103rului ondulat necontrolat. <a href=\"https:\/\/cool-style.md\/felul-produsului\/tip-sampon\/\">\u0218amponul<\/a> ofer\u0103 un aspect s\u0103n\u0103tos prin blocarea umidit\u0103\u021bii de care p\u0103rul t\u0103u are nevoie. Ingredientul activ din \u0219ampon este coac\u0103zele negre, care hr\u0103ne\u0219te eficient noii foliculi de p\u0103r.<\/p>\n<p><strong>Volum:<\/strong> 503 ml<\/p>\n<p><strong>Mod de utilizare:<\/strong> Aplica\u021bi cantitatea necesar\u0103 de \u0219ampon pe p\u0103rul umed. Maseaz\u0103-\u021bi p\u0103rul p\u00e2n\u0103 se formeaz\u0103 o spum\u0103 groas\u0103, apoi cl\u0103te\u0219te-te cu ap\u0103 cald\u0103. Repeta\u021bi procesul dup\u0103 cum este necesar.<\/p>\n<p><span style=\"font-size: 100%;\"><strong>Aten\u021bie:<\/strong> numai pentru uz extern. \u00cen caz de contact cu ochii, cl\u0103ti\u021bi cu mult\u0103 ap\u0103. A nu se lasa la indemana copiilor.<\/span><\/p>","protected":false},"excerpt":{"rendered":"<p><span style=\"font-size: 100%;\">NishLady Curl Manifesto Shampoo pentru \u00eengrijirea p\u0103rului cre\u021b \u0219i ondulat.<\/span><span style=\"font-size: 100%;\"><\/span><\/p>\n","protected":false},"featured_media":2668,"template":"","meta":[],"product_brand":[],"product_cat":[36],"product_tag":[],"class_list":{"0":"post-2667","1":"product","2":"type-product","3":"status-publish","4":"has-post-thumbnail","6":"product_cat-ingrijirea-par-femei","7":"pa_brand-nishlady","8":"pa_felul-produsului-tip-sampon","9":"pa_producator-turcia","10":"pa_volum-503ml","12":"first","13":"instock","14":"featured","15":"shipping-taxable","16":"purchasable","17":"product-type-simple"},"_links":{"self":[{"href":"https:\/\/cool-style.md\/ro\/wp-json\/wp\/v2\/product\/2667","targetHints":{"allow":["GET"]}}],"collection":[{"href":"https:\/\/cool-style.md\/ro\/wp-json\/wp\/v2\/product"}],"about":[{"href":"https:\/\/cool-style.md\/ro\/wp-json\/wp\/v2\/types\/product"}],"wp:featuredmedia":[{"embeddable":true,"href":"https:\/\/cool-style.md\/ro\/wp-json\/wp\/v2\/media\/2668"}],"wp:attachment":[{"href":"https:\/\/cool-style.md\/ro\/wp-json\/wp\/v2\/media?parent=2667"}],"wp:term":[{"taxonomy":"product_brand","embeddable":true,"href":"https:\/\/cool-style.md\/ro\/wp-json\/wp\/v2\/product_brand?post=2667"},{"taxonomy":"product_cat","embeddable":true,"href":"https:\/\/cool-style.md\/ro\/wp-json\/wp\/v2\/product_cat?post=2667"},{"taxonomy":"product_tag","embeddable":true,"href":"https:\/\/cool-style.md\/ro\/wp-json\/wp\/v2\/product_tag?post=2667"}],"curies":[{"name":"wp","href":"https:\/\/api.w.org\/{rel}","templated":true}]}}