{"id":2672,"date":"2023-11-27T14:15:18","date_gmt":"2023-11-27T14:15:18","guid":{"rendered":"https:\/\/cool-style.md\/?post_type=product&#038;p=2672"},"modified":"2024-12-05T20:47:44","modified_gmt":"2024-12-05T20:47:44","slug":"nishlady-curl-manifesto-bi-phase-conditioner","status":"publish","type":"product","link":"https:\/\/cool-style.md\/ro\/product\/nishlady-curl-manifesto-bi-phase-conditioner\/","title":{"rendered":"Balsam-spray bifazic pentru p\u0103rul cre\u021b NishLady Curl Manifesto Bi-Phase Conditioner 386ml"},"content":{"rendered":"<h2><span style=\"font-size: 75%;\">Balsam-spray bifazic pentru p\u0103rul cre\u021b NishLady Curl Manifesto Bi-Phase Conditioner<\/span><\/h2>\n<ul>\n<li>con\u021bine extracte de coac\u0103z negru;<\/li>\n<li>ofer\u0103 un aspect s\u0103n\u0103tos;<\/li>\n<li>hr\u0103ne\u0219te \u0219i hidrateaz\u0103 p\u0103rul;<\/li>\n<li>face p\u0103rul mai u\u0219or de gestionat;<\/li>\n<li>nu contine saruri si parabeni.<\/li>\n<\/ul>\n<p><a href=\"https:\/\/cool-style.md\/wp-content\/uploads\/2023\/11\/Cool-style.md-Nish-Lady-Curl-Manifesto.png\"><img decoding=\"async\" class=\"alignleft wp-image-2755\" src=\"https:\/\/cool-style.md\/wp-content\/uploads\/2023\/11\/Cool-style.md-Nish-Lady-Curl-Manifesto-433x400.png\" alt=\"Nish-Lady-Curl-Manifesto\" width=\"345\" height=\"319\" srcset=\"https:\/\/cool-style.md\/wp-content\/uploads\/2023\/11\/Cool-style.md-Nish-Lady-Curl-Manifesto-433x400.png 433w, https:\/\/cool-style.md\/wp-content\/uploads\/2023\/11\/Cool-style.md-Nish-Lady-Curl-Manifesto-510x471.png 510w, https:\/\/cool-style.md\/wp-content\/uploads\/2023\/11\/Cool-style.md-Nish-Lady-Curl-Manifesto-866x800.png 866w, https:\/\/cool-style.md\/wp-content\/uploads\/2023\/11\/Cool-style.md-Nish-Lady-Curl-Manifesto-768x709.png 768w, https:\/\/cool-style.md\/wp-content\/uploads\/2023\/11\/Cool-style.md-Nish-Lady-Curl-Manifesto.png 1050w\" sizes=\"(max-width: 345px) 100vw, 345px\" \/><\/a>Balsam-spray <a href=\"https:\/\/nishlady.com\/\" target=\"_blank\" rel=\"noopener\">Nishlady<\/a> bifazic, care nu necesit\u0103 cl\u0103tire, este un produs de \u00eengrijire excelent datorit\u0103 u\u0219urin\u021bei sale de utilizare. Ofer\u0103 p\u0103rului un aspect str\u0103lucitor, u\u0219or de gestionat \u0219i previne \u00eencre\u021birea \u0219i \u00eencre\u021birea pe tot parcursul zilei. \u00ce\u021bi va fi u\u0219or s\u0103 dai forma dorit\u0103. De asemenea, spray-ul protejeaz\u0103 p\u0103rul de expunerea la temperaturi ridicate.<\/p>\n<p><strong>Volum:<\/strong> 386 ml<\/p>\n<p><strong>Mod de utilizare:<\/strong> Pulveriza\u021bi o cantitate necesar\u0103 de spray pe p\u0103rul umed sau uscat \u0219i \u00eencepe\u021bi s\u0103 piept\u0103na\u021bi sau s\u0103 usca\u021bi.<\/p>\n<p><span style=\"font-size: 100%;\"><strong>Aten\u021bie:<\/strong> numai pentru uz extern. \u00cen caz de contact cu ochii, cl\u0103ti\u021bi cu mult\u0103 ap\u0103. A nu se lasa la indemana copiilor.<\/span><\/p>","protected":false},"excerpt":{"rendered":"<p><span style=\"font-size: 100%;\">NishLady Curl Manifesto Bi-Phase Conditioner pentru \u00eengrijirea p\u0103rului cre\u021b \u0219i ondulat.<\/span><\/p>\n","protected":false},"featured_media":2673,"template":"","meta":[],"product_brand":[],"product_cat":[36],"product_tag":[],"class_list":{"0":"post-2672","1":"product","2":"type-product","3":"status-publish","4":"has-post-thumbnail","6":"product_cat-ingrijirea-par-femei","7":"pa_brand-nishlady","8":"pa_felul-produsului-tip-balsam","9":"pa_producator-turcia","10":"pa_volum-386ml","12":"first","13":"instock","14":"featured","15":"shipping-taxable","16":"purchasable","17":"product-type-simple"},"_links":{"self":[{"href":"https:\/\/cool-style.md\/ro\/wp-json\/wp\/v2\/product\/2672","targetHints":{"allow":["GET"]}}],"collection":[{"href":"https:\/\/cool-style.md\/ro\/wp-json\/wp\/v2\/product"}],"about":[{"href":"https:\/\/cool-style.md\/ro\/wp-json\/wp\/v2\/types\/product"}],"wp:featuredmedia":[{"embeddable":true,"href":"https:\/\/cool-style.md\/ro\/wp-json\/wp\/v2\/media\/2673"}],"wp:attachment":[{"href":"https:\/\/cool-style.md\/ro\/wp-json\/wp\/v2\/media?parent=2672"}],"wp:term":[{"taxonomy":"product_brand","embeddable":true,"href":"https:\/\/cool-style.md\/ro\/wp-json\/wp\/v2\/product_brand?post=2672"},{"taxonomy":"product_cat","embeddable":true,"href":"https:\/\/cool-style.md\/ro\/wp-json\/wp\/v2\/product_cat?post=2672"},{"taxonomy":"product_tag","embeddable":true,"href":"https:\/\/cool-style.md\/ro\/wp-json\/wp\/v2\/product_tag?post=2672"}],"curies":[{"name":"wp","href":"https:\/\/api.w.org\/{rel}","templated":true}]}}