{"id":2678,"date":"2023-11-27T14:28:00","date_gmt":"2023-11-27T14:28:00","guid":{"rendered":"https:\/\/cool-style.md\/?post_type=product&#038;p=2678"},"modified":"2024-12-05T20:48:30","modified_gmt":"2024-12-05T20:48:30","slug":"nishlady-curl-manifesto-leave-in-serum","status":"publish","type":"product","link":"https:\/\/cool-style.md\/ro\/product\/nishlady-curl-manifesto-leave-in-serum\/","title":{"rendered":"Ser pentru p\u0103rul cre\u021b NishLady Curl Manifesto Leave-In Serum 97ml"},"content":{"rendered":"<h2><span style=\"font-size: 75%;\">Serul pentru p\u0103rul cre\u021b NishLady Curl Manifesto Leave-In Serum<\/span><\/h2>\n<ul>\n<li>contine extracte de bujor si rodie;<\/li>\n<li><span style=\"font-size: 14.4px;\">fixeaz\u0103 pigmen\u021bii de culoare;<\/span><\/li>\n<li>men\u021bine luminozitatea culorii;<\/li>\n<li>ofer\u0103 o str\u0103lucire s\u0103n\u0103toas\u0103;<\/li>\n<li>nu contine saruri si parabeni.<\/li>\n<\/ul>\n<p><a href=\"https:\/\/cool-style.md\/wp-content\/uploads\/2023\/11\/Cool-style.md-Nish-Lady-Curl-Manifesto.png\"><img decoding=\"async\" class=\"alignleft wp-image-2755\" src=\"https:\/\/cool-style.md\/wp-content\/uploads\/2023\/11\/Cool-style.md-Nish-Lady-Curl-Manifesto-433x400.png\" alt=\"Nish-Lady-Curl-Manifesto\" width=\"345\" height=\"319\" srcset=\"https:\/\/cool-style.md\/wp-content\/uploads\/2023\/11\/Cool-style.md-Nish-Lady-Curl-Manifesto-433x400.png 433w, https:\/\/cool-style.md\/wp-content\/uploads\/2023\/11\/Cool-style.md-Nish-Lady-Curl-Manifesto-510x471.png 510w, https:\/\/cool-style.md\/wp-content\/uploads\/2023\/11\/Cool-style.md-Nish-Lady-Curl-Manifesto-866x800.png 866w, https:\/\/cool-style.md\/wp-content\/uploads\/2023\/11\/Cool-style.md-Nish-Lady-Curl-Manifesto-768x709.png 768w, https:\/\/cool-style.md\/wp-content\/uploads\/2023\/11\/Cool-style.md-Nish-Lady-Curl-Manifesto.png 1050w\" sizes=\"(max-width: 345px) 100vw, 345px\" \/><\/a>Nishlady Hair <a href=\"https:\/\/cool-style.md\/felul-produsului\/tip-ser\/\">Serum<\/a> potrivit pentru utilizarea de zi cu zi. Are un efect vizibil pe care \u00eel pute\u021bi vedea asupra p\u0103rului &#8211; este hidratare \u0219i str\u0103lucire. Protejeaz\u0103 \u00eempotriva expunerii la temperaturi ridicate atunci c\u00e2nd este folosit umed, iar atunci c\u00e2nd este folosit uscat, este eficient \u00eempotriva electrific\u0103rii \u0219i a p\u0103tarii care pot ap\u0103rea dup\u0103 \u00eenc\u0103lzire.<\/p>\n<p><strong>Volum:<\/strong> 97 ml<\/p>\n<p><strong>Mod de utilizare:<\/strong> Aplica\u021bi uniform pe p\u0103rul sp\u0103lat \u0219i uscat cu prosopul. Pute\u021bi apoi s\u0103 usca\u021bi p\u0103rul cu usc\u0103tor pentru un aspect mai fin sau s\u0103 \u00eel l\u0103sa\u021bi s\u0103 se usuce la aer pentru a controla \u00eencre\u021birea. De asemenea, \u00eel pute\u021bi aplica pe p\u0103rul uscat pe tot parcursul zilei.<\/p>\n<p><span style=\"font-size: 100%;\"><strong>Aten\u021bie:<\/strong> numai pentru uz extern. \u00cen caz de contact cu ochii, cl\u0103ti\u021bi cu mult\u0103 ap\u0103. A nu se lasa la indemana copiilor.<\/span><\/p>","protected":false},"excerpt":{"rendered":"<p><span style=\"font-size: 100%;\">NishLady Curl Manifesto Leave-In Serum pentru \u00eengrijirea p\u0103rului cre\u021b \u0219i ondulat.<\/span><\/p>\n","protected":false},"featured_media":2679,"template":"","meta":[],"product_brand":[],"product_cat":[36],"product_tag":[],"class_list":{"0":"post-2678","1":"product","2":"type-product","3":"status-publish","4":"has-post-thumbnail","6":"product_cat-ingrijirea-par-femei","7":"pa_brand-nishlady","8":"pa_felul-produsului-tip-ser","9":"pa_producator-turcia","10":"pa_volum-97ml","12":"first","13":"instock","14":"featured","15":"shipping-taxable","16":"purchasable","17":"product-type-simple"},"_links":{"self":[{"href":"https:\/\/cool-style.md\/ro\/wp-json\/wp\/v2\/product\/2678","targetHints":{"allow":["GET"]}}],"collection":[{"href":"https:\/\/cool-style.md\/ro\/wp-json\/wp\/v2\/product"}],"about":[{"href":"https:\/\/cool-style.md\/ro\/wp-json\/wp\/v2\/types\/product"}],"wp:featuredmedia":[{"embeddable":true,"href":"https:\/\/cool-style.md\/ro\/wp-json\/wp\/v2\/media\/2679"}],"wp:attachment":[{"href":"https:\/\/cool-style.md\/ro\/wp-json\/wp\/v2\/media?parent=2678"}],"wp:term":[{"taxonomy":"product_brand","embeddable":true,"href":"https:\/\/cool-style.md\/ro\/wp-json\/wp\/v2\/product_brand?post=2678"},{"taxonomy":"product_cat","embeddable":true,"href":"https:\/\/cool-style.md\/ro\/wp-json\/wp\/v2\/product_cat?post=2678"},{"taxonomy":"product_tag","embeddable":true,"href":"https:\/\/cool-style.md\/ro\/wp-json\/wp\/v2\/product_tag?post=2678"}],"curies":[{"name":"wp","href":"https:\/\/api.w.org\/{rel}","templated":true}]}}