{"id":2686,"date":"2023-11-28T07:40:56","date_gmt":"2023-11-28T07:40:56","guid":{"rendered":"https:\/\/cool-style.md\/?post_type=product&#038;p=2686"},"modified":"2024-12-05T20:49:57","modified_gmt":"2024-12-05T20:49:57","slug":"nishlady-deep-detox-conditioner","status":"publish","type":"product","link":"https:\/\/cool-style.md\/ro\/product\/nishlady-deep-detox-conditioner\/","title":{"rendered":"Balsam pentru p\u0103rul gras NishLady Deep Detox Conditioner 503ml"},"content":{"rendered":"<h2><span style=\"font-size: 75%;\">Balsam pentru p\u0103rul gras NishLady Deep Detox Conditioner<\/span><\/h2>\n<ul>\n<li>con\u021bine ceai verde \u0219i extracte de avocado;<\/li>\n<li>cur\u0103\u021b\u0103 \u00een profunzime p\u0103rul \u0219i scalpul;<\/li>\n<li>echilibreaz\u0103 pH-ul;<\/li>\n<li>nu con\u021bine saruri \u0219i parabeni.<\/li>\n<\/ul>\n<p><a href=\"https:\/\/cool-style.md\/wp-content\/uploads\/2023\/11\/Cool-style.md-Nish-Lady-Deep-Detox.png\"><img decoding=\"async\" class=\"alignleft wp-image-2756\" src=\"https:\/\/cool-style.md\/wp-content\/uploads\/2023\/11\/Cool-style.md-Nish-Lady-Deep-Detox-346x400.png\" alt=\"Nish Lady Deep Detox\" width=\"276\" height=\"319\" srcset=\"https:\/\/cool-style.md\/wp-content\/uploads\/2023\/11\/Cool-style.md-Nish-Lady-Deep-Detox-346x400.png 346w, https:\/\/cool-style.md\/wp-content\/uploads\/2023\/11\/Cool-style.md-Nish-Lady-Deep-Detox-510x590.png 510w, https:\/\/cool-style.md\/wp-content\/uploads\/2023\/11\/Cool-style.md-Nish-Lady-Deep-Detox-691x800.png 691w, https:\/\/cool-style.md\/wp-content\/uploads\/2023\/11\/Cool-style.md-Nish-Lady-Deep-Detox-768x889.png 768w, https:\/\/cool-style.md\/wp-content\/uploads\/2023\/11\/Cool-style.md-Nish-Lady-Deep-Detox.png 838w\" sizes=\"(max-width: 276px) 100vw, 276px\" \/><\/a>Ca orice p\u0103r, p\u0103rul cre\u021b \u0219i ondulat are nevoie de balsam, adic\u0103 de <a href=\"https:\/\/cool-style.md\/felul-produsului\/tip-balsam\/\">balsam<\/a> pentru a face mai u\u0219or piept\u0103narea \u0219i a preveni ruperea dup\u0103 \u0219amponare. Proteina de gr\u00e2u INCI utilizat\u0103 \u00een seria <a href=\"https:\/\/nishlady.com\/\" target=\"_blank\" rel=\"noopener\">Nishlady<\/a> Curl Manifesto hr\u0103ne\u0219te \u00een profunzime p\u0103rul, restabile\u0219te proteinele pierdute \u00een timp, previne ruperea p\u0103rului \u0219i u\u0219ureaz\u0103 piept\u0103narea.<\/p>\n<p><a href=\"https:\/\/cool-style.md\/felul-produsului\/tip-balsam\/\">Balsamul<\/a> de cur\u0103\u021bare profund\u0103 <a href=\"https:\/\/cool-style.md\/felul-produsului\/tip-balsam\/\">Nishlady<\/a>, recomandat pentru utilizare dup\u0103 fiecare sp\u0103lare a p\u0103rului, cur\u0103\u021b\u0103 impurit\u0103\u021bile cu ceai verde antioxidant \u0219i extracte de avocado, oferind \u00een acela\u0219i timp \u00eengrijire esen\u021bial\u0103. Ajut\u0103 la hr\u0103nirea p\u0103rului de la r\u0103d\u0103cini p\u00e2n\u0103 la v\u00e2rfuri, elimin\u00e2nd deteriorarea p\u0103rului. Pentru rezultate mai eficiente, se recomand\u0103 utilizarea cu alte produse din serie.<\/p>\n<p><strong>Volum:<\/strong> 503 ml<\/p>\n<p><strong>Mod de utilizare:<\/strong> Aplicati pe parul curat si umed dupa samponare cu miscari usoare de masaj. Cl\u0103ti\u021bi cu ap\u0103 cald\u0103 dup\u0103 c\u00e2teva minute.<\/p>\n<p><span style=\"font-size: 100%;\"><strong>Aten\u021bie:<\/strong> numai pentru uz extern. \u00cen caz de contact cu ochii, cl\u0103ti\u021bi cu mult\u0103 ap\u0103. A nu se lasa la indemana copiilor.<\/span><\/p>","protected":false},"excerpt":{"rendered":"<p><span style=\"font-size: 100%;\">NishLady Deep Detox Conditioner cur\u0103\u021b\u0103 \u00een profunzime p\u0103rul \u0219i scalpul.<\/span><\/p>\n","protected":false},"featured_media":2687,"template":"","meta":[],"product_brand":[],"product_cat":[36],"product_tag":[],"class_list":{"0":"post-2686","1":"product","2":"type-product","3":"status-publish","4":"has-post-thumbnail","6":"product_cat-ingrijirea-par-femei","7":"pa_brand-nishlady","8":"pa_felul-produsului-tip-balsam","9":"pa_producator-turcia","10":"pa_volum-503ml","12":"first","13":"instock","14":"featured","15":"shipping-taxable","16":"purchasable","17":"product-type-simple"},"_links":{"self":[{"href":"https:\/\/cool-style.md\/ro\/wp-json\/wp\/v2\/product\/2686","targetHints":{"allow":["GET"]}}],"collection":[{"href":"https:\/\/cool-style.md\/ro\/wp-json\/wp\/v2\/product"}],"about":[{"href":"https:\/\/cool-style.md\/ro\/wp-json\/wp\/v2\/types\/product"}],"wp:featuredmedia":[{"embeddable":true,"href":"https:\/\/cool-style.md\/ro\/wp-json\/wp\/v2\/media\/2687"}],"wp:attachment":[{"href":"https:\/\/cool-style.md\/ro\/wp-json\/wp\/v2\/media?parent=2686"}],"wp:term":[{"taxonomy":"product_brand","embeddable":true,"href":"https:\/\/cool-style.md\/ro\/wp-json\/wp\/v2\/product_brand?post=2686"},{"taxonomy":"product_cat","embeddable":true,"href":"https:\/\/cool-style.md\/ro\/wp-json\/wp\/v2\/product_cat?post=2686"},{"taxonomy":"product_tag","embeddable":true,"href":"https:\/\/cool-style.md\/ro\/wp-json\/wp\/v2\/product_tag?post=2686"}],"curies":[{"name":"wp","href":"https:\/\/api.w.org\/{rel}","templated":true}]}}