{"id":2689,"date":"2023-11-28T07:46:27","date_gmt":"2023-11-28T07:46:27","guid":{"rendered":"https:\/\/cool-style.md\/?post_type=product&#038;p=2689"},"modified":"2024-12-05T20:50:20","modified_gmt":"2024-12-05T20:50:20","slug":"nishlady-deep-detox-hair-care-mask","status":"publish","type":"product","link":"https:\/\/cool-style.md\/ro\/product\/nishlady-deep-detox-hair-care-mask\/","title":{"rendered":"Masc\u0103 pentru p\u0103rul gras NishLady Deep Detox Hair Care Mask 296ml"},"content":{"rendered":"<h2><span style=\"font-size: 75%;\">Masc\u0103 pentru p\u0103rul gras NishLady Deep Detox Hair Care Mask<\/span><\/h2>\n<ul>\n<li>con\u021bine ceai verde \u0219i extracte de avocado;<\/li>\n<li>cur\u0103\u021b\u0103 \u00een profunzime p\u0103rul \u0219i scalpul;<\/li>\n<li>echilibreaz\u0103 pH-ul;<\/li>\n<li>nu con\u021bine saruri \u0219i parabeni.<\/li>\n<\/ul>\n<h2><a href=\"https:\/\/cool-style.md\/wp-content\/uploads\/2023\/11\/Cool-style.md-Nish-Lady-Deep-Detox.png\"><img decoding=\"async\" class=\"alignleft wp-image-2756\" src=\"https:\/\/cool-style.md\/wp-content\/uploads\/2023\/11\/Cool-style.md-Nish-Lady-Deep-Detox-346x400.png\" alt=\"Nish Lady Deep Detox\" width=\"276\" height=\"319\" srcset=\"https:\/\/cool-style.md\/wp-content\/uploads\/2023\/11\/Cool-style.md-Nish-Lady-Deep-Detox-346x400.png 346w, https:\/\/cool-style.md\/wp-content\/uploads\/2023\/11\/Cool-style.md-Nish-Lady-Deep-Detox-510x590.png 510w, https:\/\/cool-style.md\/wp-content\/uploads\/2023\/11\/Cool-style.md-Nish-Lady-Deep-Detox-691x800.png 691w, https:\/\/cool-style.md\/wp-content\/uploads\/2023\/11\/Cool-style.md-Nish-Lady-Deep-Detox-768x889.png 768w, https:\/\/cool-style.md\/wp-content\/uploads\/2023\/11\/Cool-style.md-Nish-Lady-Deep-Detox.png 838w\" sizes=\"(max-width: 276px) 100vw, 276px\" \/><\/a><\/h2>\n<p><a href=\"https:\/\/cool-style.md\/felul-produsului\/tip-masca\/\">Masc\u0103<\/a> de p\u0103r <a href=\"https:\/\/nishlady.com\/\" target=\"_blank\" rel=\"noopener\">Nishlady<\/a> Deep Detox este destinat\u0103 utiliz\u0103rii \u00eenainte de \u0219amponare \u0219i cur\u0103\u021b\u0103 temeinic scalpul de ulei \u0219i murd\u0103rie sub influen\u021ba particulelor de jojoba. Datorit\u0103 structurii sale u\u0219oare, f\u0103r\u0103 silicon, ofer\u0103 \u00eengrijirea necesar\u0103 de la r\u0103d\u0103cini p\u00e2n\u0103 la v\u00e2rfuri, f\u0103r\u0103 a v\u0103 \u00eengreuna p\u0103rul. Pentru rezultate mai eficiente, se recomand\u0103 utilizarea cu alte produse din serie.<\/p>\n<p><strong>Volum:<\/strong> 296 ml<\/p>\n<p><strong>Mod de utilizare:<\/strong> Aplica\u021bi o cantitate mic\u0103 de masc\u0103 pe p\u0103r, cl\u0103ti\u021bi bine cu ap\u0103 dup\u0103 c\u00e2teva minute. Se recomand\u0103 utilizarea de 2-3 ori pe s\u0103pt\u0103m\u00e2n\u0103.<\/p>\n<p><span style=\"font-size: 100%;\"><strong>Aten\u021bie:<\/strong> numai pentru uz extern. \u00cen caz de contact cu ochii, cl\u0103ti\u021bi cu mult\u0103 ap\u0103. A nu se lasa la indemana copiilor.<\/span><\/p>","protected":false},"excerpt":{"rendered":"<p><span style=\"font-size: 100%;\">NishLady Deep Detox Hair Care Mask cur\u0103\u021b\u0103 \u00een profunzime p\u0103rul \u0219i scalpul.<\/span><\/p>\n","protected":false},"featured_media":2690,"template":"","meta":[],"product_brand":[],"product_cat":[36],"product_tag":[],"class_list":{"0":"post-2689","1":"product","2":"type-product","3":"status-publish","4":"has-post-thumbnail","6":"product_cat-ingrijirea-par-femei","7":"pa_brand-nishlady","8":"pa_felul-produsului-tip-masca","9":"pa_producator-turcia","10":"pa_volum-296ml","12":"first","13":"instock","14":"featured","15":"shipping-taxable","16":"purchasable","17":"product-type-simple"},"_links":{"self":[{"href":"https:\/\/cool-style.md\/ro\/wp-json\/wp\/v2\/product\/2689","targetHints":{"allow":["GET"]}}],"collection":[{"href":"https:\/\/cool-style.md\/ro\/wp-json\/wp\/v2\/product"}],"about":[{"href":"https:\/\/cool-style.md\/ro\/wp-json\/wp\/v2\/types\/product"}],"wp:featuredmedia":[{"embeddable":true,"href":"https:\/\/cool-style.md\/ro\/wp-json\/wp\/v2\/media\/2690"}],"wp:attachment":[{"href":"https:\/\/cool-style.md\/ro\/wp-json\/wp\/v2\/media?parent=2689"}],"wp:term":[{"taxonomy":"product_brand","embeddable":true,"href":"https:\/\/cool-style.md\/ro\/wp-json\/wp\/v2\/product_brand?post=2689"},{"taxonomy":"product_cat","embeddable":true,"href":"https:\/\/cool-style.md\/ro\/wp-json\/wp\/v2\/product_cat?post=2689"},{"taxonomy":"product_tag","embeddable":true,"href":"https:\/\/cool-style.md\/ro\/wp-json\/wp\/v2\/product_tag?post=2689"}],"curies":[{"name":"wp","href":"https:\/\/api.w.org\/{rel}","templated":true}]}}