{"id":2692,"date":"2023-11-28T08:03:02","date_gmt":"2023-11-28T08:03:02","guid":{"rendered":"https:\/\/cool-style.md\/?post_type=product&#038;p=2692"},"modified":"2024-12-05T20:51:03","modified_gmt":"2024-12-05T20:51:03","slug":"nishlady-hair-fixing-mousse","status":"publish","type":"product","link":"https:\/\/cool-style.md\/ro\/product\/nishlady-hair-fixing-mousse\/","title":{"rendered":"Mousse pentru coafat NishLady Hair Fixing Mousse 200ml"},"content":{"rendered":"<h2><span style=\"font-size: 75%;\">Mousse pentru coafat Nishlady Hair Fixing Mousse<\/span><\/h2>\n<ul>\n<li>Coafare u\u0219oar\u0103 \u0219i rapid\u0103;<\/li>\n<li>Potrivit pentru p\u0103r de orice lungime;<\/li>\n<li>Ofer\u0103 o str\u0103lucire natural\u0103, hr\u0103ne\u0219te scalpul;<\/li>\n<li>Nu \u00eengreuneaz\u0103 p\u0103rul;<\/li>\n<li>Se spal\u0103 la \u0219amponare.<\/li>\n<\/ul>\n<p><a href=\"https:\/\/cool-style.md\/felul-produsului\/spuma\/\">\u0421rem\u0103-spuma<\/a> de coafare u\u0219oar\u0103 <a href=\"https:\/\/nishlady.com\/\" target=\"_blank\" rel=\"noopener\">Nishlady<\/a>, solu\u021bia perfect\u0103 pentru toate nevoile tale de styling. Aceast\u0103 spum\u0103 inovatoare de p\u0103r ofer\u0103 o fixare de lung\u0103 durat\u0103 \u0219i v\u0103 permite s\u0103 crea\u021bi o varietate de coafuri f\u0103r\u0103 efort. Datorit\u0103 formulei sale u\u0219oare, ofer\u0103 control maxim \u0219i flexibilitate f\u0103r\u0103 a-\u021bi \u00eengreuna p\u0103rul. Indiferent dac\u0103 dori\u021bi s\u0103 crea\u021bi un aspect elegant \u0219i sofisticat sau un stil nervos \u0219i s\u0103lbatic, acest mousse va fi produsul dvs. obligatoriu.<\/p>\n<p><strong>Volum:<\/strong> 200 ml<\/p>\n<p><strong>Aten\u021bie:<\/strong> numai pentru uz extern. \u00cen caz de contact cu ochii, cl\u0103ti\u021bi cu mult\u0103 ap\u0103. A nu se lasa la indemana copiilor.<\/p>","protected":false},"excerpt":{"rendered":"<p>Nishlady Hair Fixing Mousse <span style=\"font-size: 100%;\">va ajuta la crearea diferitelor tipuri de coafuri.<\/span><span style=\"font-size: 100%;\"><\/span><\/p>\n","protected":false},"featured_media":2693,"template":"","meta":[],"product_brand":[],"product_cat":[35],"product_tag":[],"class_list":{"0":"post-2692","1":"product","2":"type-product","3":"status-publish","4":"has-post-thumbnail","6":"product_cat-coafarea-femei","7":"pa_brand-nishlady","8":"pa_felul-produsului-spuma","9":"pa_producator-turcia","10":"pa_volum-200ml","12":"first","13":"instock","14":"featured","15":"shipping-taxable","16":"purchasable","17":"product-type-simple"},"_links":{"self":[{"href":"https:\/\/cool-style.md\/ro\/wp-json\/wp\/v2\/product\/2692","targetHints":{"allow":["GET"]}}],"collection":[{"href":"https:\/\/cool-style.md\/ro\/wp-json\/wp\/v2\/product"}],"about":[{"href":"https:\/\/cool-style.md\/ro\/wp-json\/wp\/v2\/types\/product"}],"wp:featuredmedia":[{"embeddable":true,"href":"https:\/\/cool-style.md\/ro\/wp-json\/wp\/v2\/media\/2693"}],"wp:attachment":[{"href":"https:\/\/cool-style.md\/ro\/wp-json\/wp\/v2\/media?parent=2692"}],"wp:term":[{"taxonomy":"product_brand","embeddable":true,"href":"https:\/\/cool-style.md\/ro\/wp-json\/wp\/v2\/product_brand?post=2692"},{"taxonomy":"product_cat","embeddable":true,"href":"https:\/\/cool-style.md\/ro\/wp-json\/wp\/v2\/product_cat?post=2692"},{"taxonomy":"product_tag","embeddable":true,"href":"https:\/\/cool-style.md\/ro\/wp-json\/wp\/v2\/product_tag?post=2692"}],"curies":[{"name":"wp","href":"https:\/\/api.w.org\/{rel}","templated":true}]}}