{"id":2704,"date":"2023-11-28T08:43:50","date_gmt":"2023-11-28T08:43:50","guid":{"rendered":"https:\/\/cool-style.md\/?post_type=product&#038;p=2704"},"modified":"2024-12-05T20:53:45","modified_gmt":"2024-12-05T20:53:45","slug":"nishlady-magic-retouch-spray-light-brown","status":"publish","type":"product","link":"https:\/\/cool-style.md\/ro\/product\/nishlady-magic-retouch-spray-light-brown\/","title":{"rendered":"Spray-vopsea pentru p\u0103r NishLady Magic Retouch Spray Light Brown 100ml"},"content":{"rendered":"<h2><span style=\"font-size: 75%;\">Spray-vopsea pentru p\u0103r NishLady Magic Retouch Spray Light Brown<\/span><\/h2>\n<ul>\n<li>Potrivit pentru scalp \u0219i p\u0103r;<\/li>\n<li>Pentru o culoare frumoas\u0103 \u00een mod natural;<\/li>\n<li>Pulverizati cu un spray super fin;<\/li>\n<li>Se usuca rapid;<\/li>\n<li>Nu lasa pete;<\/li>\n<li><span style=\"font-size: 14.4px;\">Dureaz\u0103 p\u00e2n\u0103 la urm\u0103torul \u0219ampon.<\/span><\/li>\n<\/ul>\n<p>Consealer <a href=\"https:\/\/nishlady.com\/\" target=\"_blank\" rel=\"noopener\">NishLady<\/a> acoper\u0103 instantaneu r\u0103d\u0103cinile p\u0103rului, se \u00eembin\u0103 perfect cu culoarea p\u0103rului, ofer\u0103 un aspect natural \u0219i se usuc\u0103 rapid. Vopseaua spray ajut\u0103 la \u00eent\u0103rirea <a href=\"https:\/\/cool-style.md\/cosmetice-femei\/vopsele-par\/\">vopselei<\/a> pentru o lung\u0103 perioad\u0103 de timp.<\/p>\n<p><strong>Culoare:<\/strong> maro deschis<\/p>\n<p><strong>Volum:<\/strong> 100 ml<\/p>\n<p><strong>Mod de utilizare:<\/strong> Asigura\u021bi-v\u0103 c\u0103 p\u0103rul este curat \u0219i uscat \u00eenainte de utilizare. Agita\u021bi recipientul \u0219i pulveriza\u021bi pe p\u0103r la o distan\u021b\u0103 de 10-15 cm. A\u0219tepta\u021bi 1 minut s\u0103 se usuce complet.<\/p>\n<p><strong>Aten\u021bie:<\/strong> numai pentru uz extern. A se pastra departe de caldura si lumina soarelui. \u00cen caz de contact cu ochii, cl\u0103ti\u021bi cu mult\u0103 ap\u0103. A nu se lasa la indemana copiilor.<\/p>","protected":false},"excerpt":{"rendered":"<p><span style=\"font-size: 100%;\">NishLady Magic Retouch Spray Light Brown va ascunde momental r\u0103d\u0103cinile supracrescute.<\/span><span style=\"font-size: 100%;\"><\/span><\/p>\n","protected":false},"featured_media":2705,"template":"","meta":[],"product_brand":[],"product_cat":[37,36],"product_tag":[],"class_list":{"0":"post-2704","1":"product","2":"type-product","3":"status-publish","4":"has-post-thumbnail","6":"product_cat-vopsele-par","7":"product_cat-ingrijirea-par-femei","8":"pa_brand-nishlady","9":"pa_culoarea-maro-deschis","10":"pa_felul-produsului-tip-vopsele","11":"pa_producator-turcia","12":"pa_volum-100ml","14":"first","15":"instock","16":"featured","17":"shipping-taxable","18":"purchasable","19":"product-type-simple"},"_links":{"self":[{"href":"https:\/\/cool-style.md\/ro\/wp-json\/wp\/v2\/product\/2704","targetHints":{"allow":["GET"]}}],"collection":[{"href":"https:\/\/cool-style.md\/ro\/wp-json\/wp\/v2\/product"}],"about":[{"href":"https:\/\/cool-style.md\/ro\/wp-json\/wp\/v2\/types\/product"}],"wp:featuredmedia":[{"embeddable":true,"href":"https:\/\/cool-style.md\/ro\/wp-json\/wp\/v2\/media\/2705"}],"wp:attachment":[{"href":"https:\/\/cool-style.md\/ro\/wp-json\/wp\/v2\/media?parent=2704"}],"wp:term":[{"taxonomy":"product_brand","embeddable":true,"href":"https:\/\/cool-style.md\/ro\/wp-json\/wp\/v2\/product_brand?post=2704"},{"taxonomy":"product_cat","embeddable":true,"href":"https:\/\/cool-style.md\/ro\/wp-json\/wp\/v2\/product_cat?post=2704"},{"taxonomy":"product_tag","embeddable":true,"href":"https:\/\/cool-style.md\/ro\/wp-json\/wp\/v2\/product_tag?post=2704"}],"curies":[{"name":"wp","href":"https:\/\/api.w.org\/{rel}","templated":true}]}}