{"id":2708,"date":"2023-11-28T08:55:28","date_gmt":"2023-11-28T08:55:28","guid":{"rendered":"https:\/\/cool-style.md\/?post_type=product&#038;p=2708"},"modified":"2024-12-05T20:54:58","modified_gmt":"2024-12-05T20:54:58","slug":"nishlady-hair-perfume-ruby","status":"publish","type":"product","link":"https:\/\/cool-style.md\/ro\/product\/nishlady-hair-perfume-ruby\/","title":{"rendered":"Parfum de p\u0103r NishLady Hair Perfume Ruby 100ml"},"content":{"rendered":"<h2><span style=\"font-size: 75%;\">Parfum <a href=\"https:\/\/cool-style.md\/cosmetice-femei\/ingrijirea-par-femei\/\">de p\u0103r<\/a> <a href=\"https:\/\/nishlady.com\/\" target=\"_blank\" rel=\"noopener\">NishLady<\/a> Hair Perfume Ruby<\/span><\/h2>\n<p>Spray u\u0219or cu un parfum feminin unic. Acest parfum a fost creat pentru femeile \u00eencrez\u0103toare \u00een sine, curajoase \u0219i ambi\u021bioase care nu suport\u0103 niciodat\u0103 pierderile \u0219i ob\u021bin ceea ce \u00ee\u0219i doresc. Notele de v\u00e2rf, un bun venit fermec\u0103tor la notele fructate dulci, se combin\u0103 cu iris, iasomie \u0219i floare de portocal. \u00cen timp ce acordul de vanilie ad\u0103ugat \u00een formul\u0103 confer\u0103 parfumului o textur\u0103 cremoas\u0103, acordul de boabe de tonka creeaz\u0103 un efect magic. Paciuli adaug\u0103 mister \u0219i putere acestei integrit\u0103\u021bi.<\/p>\n<p><strong>Volum:<\/strong> 100 ml<\/p>\n<p><strong>Aten\u021bie:<\/strong> numai pentru uz extern. \u00cen caz de contact cu ochii, cl\u0103ti\u021bi cu mult\u0103 ap\u0103. A nu se lasa la indemana copiilor.<\/p>","protected":false},"excerpt":{"rendered":"<p><span style=\"font-size: 100%;\">NishLady Hair Perfume Ruby un spray u\u0219or cu un parfum feminin unic.<\/span><span style=\"font-size: 100%;\"><\/span><\/p>\n","protected":false},"featured_media":2709,"template":"","meta":[],"product_brand":[],"product_cat":[157,36],"product_tag":[],"class_list":{"0":"post-2708","1":"product","2":"type-product","3":"status-publish","4":"has-post-thumbnail","6":"product_cat-parmum-pentru-femei","7":"product_cat-ingrijirea-par-femei","8":"pa_brand-nishlady","9":"pa_producator-turcia","10":"pa_volum-100ml","12":"first","13":"instock","14":"featured","15":"shipping-taxable","16":"purchasable","17":"product-type-simple"},"_links":{"self":[{"href":"https:\/\/cool-style.md\/ro\/wp-json\/wp\/v2\/product\/2708","targetHints":{"allow":["GET"]}}],"collection":[{"href":"https:\/\/cool-style.md\/ro\/wp-json\/wp\/v2\/product"}],"about":[{"href":"https:\/\/cool-style.md\/ro\/wp-json\/wp\/v2\/types\/product"}],"wp:featuredmedia":[{"embeddable":true,"href":"https:\/\/cool-style.md\/ro\/wp-json\/wp\/v2\/media\/2709"}],"wp:attachment":[{"href":"https:\/\/cool-style.md\/ro\/wp-json\/wp\/v2\/media?parent=2708"}],"wp:term":[{"taxonomy":"product_brand","embeddable":true,"href":"https:\/\/cool-style.md\/ro\/wp-json\/wp\/v2\/product_brand?post=2708"},{"taxonomy":"product_cat","embeddable":true,"href":"https:\/\/cool-style.md\/ro\/wp-json\/wp\/v2\/product_cat?post=2708"},{"taxonomy":"product_tag","embeddable":true,"href":"https:\/\/cool-style.md\/ro\/wp-json\/wp\/v2\/product_tag?post=2708"}],"curies":[{"name":"wp","href":"https:\/\/api.w.org\/{rel}","templated":true}]}}