{"id":2710,"date":"2023-11-28T08:58:36","date_gmt":"2023-11-28T08:58:36","guid":{"rendered":"https:\/\/cool-style.md\/?post_type=product&#038;p=2710"},"modified":"2024-12-05T20:55:15","modified_gmt":"2024-12-05T20:55:15","slug":"nishlady-hair-perfume-diamond","status":"publish","type":"product","link":"https:\/\/cool-style.md\/ro\/product\/nishlady-hair-perfume-diamond\/","title":{"rendered":"Parfum de p\u0103r NishLady Hair Perfume Diamond 100ml"},"content":{"rendered":"<h2><span style=\"font-size: 75%;\">Parfum <a href=\"https:\/\/cool-style.md\/cosmetice-femei\/ingrijirea-par-femei\/\">de p\u0103r<\/a> <a href=\"https:\/\/nishlady.com\/\" target=\"_blank\" rel=\"noopener\">NishLady<\/a> Hair Perfume Diamond<\/span><\/h2>\n<p>Spray u\u0219or cu un parfum feminin unic. Un val de energie se remarc\u0103 \u00een notele de piper roz, lichior de coac\u0103ze negre \u0219i pere. Acesta este un dans floral care combin\u0103 trandafirul de mai, trandafirul ro\u0219u \u0219i iasomia. Acesta este un parfum pe baz\u0103 de heliotrop care ofer\u0103 pl\u0103cere \u0219i pl\u0103cere. Notele senzuale de paciuli sunt completate de note moi, lini\u0219titoare \u0219i sexy de vanilie \u0219i cedru, cre\u00e2nd un miros de lung\u0103 durat\u0103.<\/p>\n<p><strong>Volum:<\/strong> 100 ml<\/p>\n<p><strong>Aten\u021bie:<\/strong> numai pentru uz extern. \u00cen caz de contact cu ochii, cl\u0103ti\u021bi cu mult\u0103 ap\u0103. A nu se lasa la indemana copiilor.<\/p>","protected":false},"excerpt":{"rendered":"<p><span style=\"font-size: 100%;\">NishLady Hair Perfume Diamond un spray u\u0219or cu un parfum feminin unic.<\/span><span style=\"font-size: 100%;\"><\/span><\/p>\n","protected":false},"featured_media":2711,"template":"","meta":[],"product_brand":[],"product_cat":[157,36],"product_tag":[],"class_list":{"0":"post-2710","1":"product","2":"type-product","3":"status-publish","4":"has-post-thumbnail","6":"product_cat-parmum-pentru-femei","7":"product_cat-ingrijirea-par-femei","8":"pa_brand-nishlady","9":"pa_producator-turcia","10":"pa_volum-100ml","12":"first","13":"instock","14":"featured","15":"shipping-taxable","16":"purchasable","17":"product-type-simple"},"_links":{"self":[{"href":"https:\/\/cool-style.md\/ro\/wp-json\/wp\/v2\/product\/2710","targetHints":{"allow":["GET"]}}],"collection":[{"href":"https:\/\/cool-style.md\/ro\/wp-json\/wp\/v2\/product"}],"about":[{"href":"https:\/\/cool-style.md\/ro\/wp-json\/wp\/v2\/types\/product"}],"wp:featuredmedia":[{"embeddable":true,"href":"https:\/\/cool-style.md\/ro\/wp-json\/wp\/v2\/media\/2711"}],"wp:attachment":[{"href":"https:\/\/cool-style.md\/ro\/wp-json\/wp\/v2\/media?parent=2710"}],"wp:term":[{"taxonomy":"product_brand","embeddable":true,"href":"https:\/\/cool-style.md\/ro\/wp-json\/wp\/v2\/product_brand?post=2710"},{"taxonomy":"product_cat","embeddable":true,"href":"https:\/\/cool-style.md\/ro\/wp-json\/wp\/v2\/product_cat?post=2710"},{"taxonomy":"product_tag","embeddable":true,"href":"https:\/\/cool-style.md\/ro\/wp-json\/wp\/v2\/product_tag?post=2710"}],"curies":[{"name":"wp","href":"https:\/\/api.w.org\/{rel}","templated":true}]}}