{"id":2712,"date":"2023-11-28T09:09:46","date_gmt":"2023-11-28T09:09:46","guid":{"rendered":"https:\/\/cool-style.md\/?post_type=product&#038;p=2712"},"modified":"2024-12-05T20:55:44","modified_gmt":"2024-12-05T20:55:44","slug":"nishlady-hair-shining-spray","status":"publish","type":"product","link":"https:\/\/cool-style.md\/ro\/product\/nishlady-hair-shining-spray\/","title":{"rendered":"Spray pentru str\u0103lucirea p\u0103rului NishLady Hair Shining Spray 386ml"},"content":{"rendered":"<h2><span style=\"font-size: 75%;\">Spray pentru str\u0103lucirea p\u0103rului Nishlady Hair Shining Spray<\/span><\/h2>\n<ul>\n<li>Coafare u\u0219oar\u0103 \u0219i rapid\u0103;<\/li>\n<li>Potrivit pentru p\u0103r de orice lungime;<\/li>\n<li>Ofer\u0103 o str\u0103lucire natural\u0103, hr\u0103ne\u0219te scalpul;<\/li>\n<li>Nu \u00eengreuneaz\u0103 p\u0103rul;<\/li>\n<li>Se spal\u0103 la \u0219amponare.<\/li>\n<\/ul>\n<p>Spray-ul <a href=\"https:\/\/nishlady.com\/\" target=\"_blank\" rel=\"noopener\">Nishlady<\/a>\u00a0Crazy Styles Shine confer\u0103 p\u0103rului un aspect puternic \u0219i str\u0103lucitor, f\u0103r\u0103 s\u0103-l \u00eengreuneze. Restabile\u0219te echilibrul natural de umiditate al p\u0103rului \u0219i ofer\u0103 \u00eengrijirea de care are nevoie p\u0103rul pe tot parcursul zilei. Datorit\u0103 uleiurilor minunate, p\u0103rul t\u0103u arat\u0103 s\u0103n\u0103tos \u0219i vibrant. Fara alcool, potrivit pentru utilizarea zilnica.<\/p>\n<p><strong>Volum:<\/strong> 386 ml<\/p>\n<p><strong>Aten\u021bie:<\/strong> numai pentru uz extern. \u00cen caz de contact cu ochii, cl\u0103ti\u021bi cu mult\u0103 ap\u0103. A nu se lasa la indemana copiilor.<\/p>","protected":false},"excerpt":{"rendered":"<p><span style=\"font-size: 100%;\">Nishlady Hair Shining Spray adaug\u0103 str\u0103lucire \u0219i m\u0103t\u0103sos p\u0103rului t\u0103u.<\/span><span style=\"font-size: 100%;\"><\/span><\/p>\n","protected":false},"featured_media":2713,"template":"","meta":[],"product_brand":[],"product_cat":[36,35],"product_tag":[],"class_list":{"0":"post-2712","1":"product","2":"type-product","3":"status-publish","4":"has-post-thumbnail","6":"product_cat-ingrijirea-par-femei","7":"product_cat-coafarea-femei","8":"pa_brand-nishlady","9":"pa_felul-produsului-tip-lac-de-par","10":"pa_producator-turcia","11":"pa_volum-386ml","13":"first","14":"instock","15":"featured","16":"shipping-taxable","17":"purchasable","18":"product-type-simple"},"_links":{"self":[{"href":"https:\/\/cool-style.md\/ro\/wp-json\/wp\/v2\/product\/2712","targetHints":{"allow":["GET"]}}],"collection":[{"href":"https:\/\/cool-style.md\/ro\/wp-json\/wp\/v2\/product"}],"about":[{"href":"https:\/\/cool-style.md\/ro\/wp-json\/wp\/v2\/types\/product"}],"wp:featuredmedia":[{"embeddable":true,"href":"https:\/\/cool-style.md\/ro\/wp-json\/wp\/v2\/media\/2713"}],"wp:attachment":[{"href":"https:\/\/cool-style.md\/ro\/wp-json\/wp\/v2\/media?parent=2712"}],"wp:term":[{"taxonomy":"product_brand","embeddable":true,"href":"https:\/\/cool-style.md\/ro\/wp-json\/wp\/v2\/product_brand?post=2712"},{"taxonomy":"product_cat","embeddable":true,"href":"https:\/\/cool-style.md\/ro\/wp-json\/wp\/v2\/product_cat?post=2712"},{"taxonomy":"product_tag","embeddable":true,"href":"https:\/\/cool-style.md\/ro\/wp-json\/wp\/v2\/product_tag?post=2712"}],"curies":[{"name":"wp","href":"https:\/\/api.w.org\/{rel}","templated":true}]}}