{"id":2720,"date":"2023-11-28T10:02:53","date_gmt":"2023-11-28T10:02:53","guid":{"rendered":"https:\/\/cool-style.md\/?post_type=product&#038;p=2720"},"modified":"2024-12-05T20:58:15","modified_gmt":"2024-12-05T20:58:15","slug":"nishlady-stick-wax","status":"publish","type":"product","link":"https:\/\/cool-style.md\/ro\/product\/nishlady-stick-wax\/","title":{"rendered":"Cear\u0103 de coafat \u00een be\u021bi\u0219oare NishLady Stick Wax 75gr"},"content":{"rendered":"<h2><span style=\"font-size: 75%;\">Cear\u0103 de coafat \u00een be\u021bi\u0219oare\u00a0NishLady Stick Wax<\/span><\/h2>\n<ul>\n<li>Coafare u\u0219oar\u0103 \u0219i rapid\u0103;<\/li>\n<li>Potrivit pentru p\u0103r de orice lungime;<\/li>\n<li>Protejeaz\u0103 de umiditate;<\/li>\n<li>Nu \u00eengreuneaz\u0103 p\u0103rul;<\/li>\n<li>Se spal\u0103 la \u0219amponare.<\/li>\n<\/ul>\n<p><a href=\"https:\/\/cool-style.md\/wp-content\/uploads\/2023\/11\/Cool-style.md-Nishlady-Stick-Wax-.jpg\"><img decoding=\"async\" class=\"alignleft wp-image-2721\" src=\"https:\/\/cool-style.md\/wp-content\/uploads\/2023\/11\/Cool-style.md-Nishlady-Stick-Wax--395x400.jpg\" alt=\"NishLady Stick Wax\" width=\"341\" height=\"345\" srcset=\"https:\/\/cool-style.md\/wp-content\/uploads\/2023\/11\/Cool-style.md-Nishlady-Stick-Wax--395x400.jpg 395w, https:\/\/cool-style.md\/wp-content\/uploads\/2023\/11\/Cool-style.md-Nishlady-Stick-Wax--100x100.jpg 100w, https:\/\/cool-style.md\/wp-content\/uploads\/2023\/11\/Cool-style.md-Nishlady-Stick-Wax--510x516.jpg 510w, https:\/\/cool-style.md\/wp-content\/uploads\/2023\/11\/Cool-style.md-Nishlady-Stick-Wax--791x800.jpg 791w, https:\/\/cool-style.md\/wp-content\/uploads\/2023\/11\/Cool-style.md-Nishlady-Stick-Wax--768x777.jpg 768w, https:\/\/cool-style.md\/wp-content\/uploads\/2023\/11\/Cool-style.md-Nishlady-Stick-Wax--1518x1536.jpg 1518w, https:\/\/cool-style.md\/wp-content\/uploads\/2023\/11\/Cool-style.md-Nishlady-Stick-Wax-.jpg 1898w\" sizes=\"(max-width: 341px) 100vw, 341px\" \/><\/a><a href=\"https:\/\/cool-style.md\/felul-produsului\/tip-ceara\/\">Cear\u0103<\/a> lichid\u0103 pentru fixarea p\u0103rului \u00een be\u021bi\u0219oare <a href=\"https:\/\/nishlady.com\/\" target=\"_blank\" rel=\"noopener\">Nishlady<\/a> este realizat\u0103 din ingrediente naturale, d\u0103 form\u0103 chiar \u0219i celui mai indisciplinat p\u0103r, modeleaz\u0103 \u0219i neteze\u0219te v\u00e2rfurile, creeaz\u0103 o textur\u0103 de fixare flexibil\u0103 pentru crearea de efecte speciale \u0219i ajut\u0103 la detalierea coafurii. Pentru cele mai bune rezultate, \u00eel pute\u021bi aplica cu o perie sau un pieptene. Con\u021bine extract de avocado.<\/p>\n<p><strong>Volum:<\/strong> 75 gr<\/p>\n<p><strong>Aten\u021bie:<\/strong> numai pentru uz extern. \u00cen caz de contact cu ochii, cl\u0103ti\u021bi cu mult\u0103 ap\u0103. A nu se lasa la indemana copiilor.<\/p>","protected":false},"excerpt":{"rendered":"<p><span style=\"font-size: 100%;\">NishLady Stick Wax va ajuta la crearea diferitelor tipuri de coafuri.<\/span><span style=\"font-size: 100%;\"><\/span><\/p>\n","protected":false},"featured_media":2722,"template":"","meta":[],"product_brand":[],"product_cat":[35],"product_tag":[],"class_list":{"0":"post-2720","1":"product","2":"type-product","3":"status-publish","4":"has-post-thumbnail","6":"product_cat-coafarea-femei","7":"pa_brand-nishlady","8":"pa_felul-produsului-tip-ceara","9":"pa_producator-turcia","10":"pa_volum-750gr","12":"first","13":"instock","14":"featured","15":"shipping-taxable","16":"purchasable","17":"product-type-simple"},"_links":{"self":[{"href":"https:\/\/cool-style.md\/ro\/wp-json\/wp\/v2\/product\/2720","targetHints":{"allow":["GET"]}}],"collection":[{"href":"https:\/\/cool-style.md\/ro\/wp-json\/wp\/v2\/product"}],"about":[{"href":"https:\/\/cool-style.md\/ro\/wp-json\/wp\/v2\/types\/product"}],"wp:featuredmedia":[{"embeddable":true,"href":"https:\/\/cool-style.md\/ro\/wp-json\/wp\/v2\/media\/2722"}],"wp:attachment":[{"href":"https:\/\/cool-style.md\/ro\/wp-json\/wp\/v2\/media?parent=2720"}],"wp:term":[{"taxonomy":"product_brand","embeddable":true,"href":"https:\/\/cool-style.md\/ro\/wp-json\/wp\/v2\/product_brand?post=2720"},{"taxonomy":"product_cat","embeddable":true,"href":"https:\/\/cool-style.md\/ro\/wp-json\/wp\/v2\/product_cat?post=2720"},{"taxonomy":"product_tag","embeddable":true,"href":"https:\/\/cool-style.md\/ro\/wp-json\/wp\/v2\/product_tag?post=2720"}],"curies":[{"name":"wp","href":"https:\/\/api.w.org\/{rel}","templated":true}]}}