{"id":2726,"date":"2023-11-28T10:52:05","date_gmt":"2023-11-28T10:52:05","guid":{"rendered":"https:\/\/cool-style.md\/?post_type=product&#038;p=2726"},"modified":"2024-12-05T20:59:16","modified_gmt":"2024-12-05T20:59:16","slug":"nishlady-touch-of-silver-shampoo-small","status":"publish","type":"product","link":"https:\/\/cool-style.md\/ro\/product\/nishlady-touch-of-silver-shampoo-small\/","title":{"rendered":"\u0218ampon f\u0103r\u0103 sulfa\u021bi pentru p\u0103r blond NishLady Touch of Silver Shampoo 503ml"},"content":{"rendered":"<h2><span style=\"font-size: 75%;\">\u0218ampon f\u0103r\u0103 sulfa\u021bi pentru p\u0103r blond NishLady Touch of Silver Shampoo<\/span><\/h2>\n<ul>\n<li>con\u021bine pigmen\u021bi violeti;<\/li>\n<li>neutralizeaz\u0103 \u00eeng\u0103lbenirea;<\/li>\n<li>men\u021bine luminozitatea culorii;<\/li>\n<li>ofer\u0103 o str\u0103lucire s\u0103n\u0103toas\u0103;<\/li>\n<li>nu contine saruri si parabeni.<\/li>\n<\/ul>\n<p><span style=\"font-size: 100%;\"><a href=\"https:\/\/cool-style.md\/wp-content\/uploads\/2023\/11\/Cool-style.md-Nish-Lady-Touch-Of-Silver.png\"><img decoding=\"async\" class=\"alignleft wp-image-2725\" src=\"https:\/\/cool-style.md\/wp-content\/uploads\/2023\/11\/Cool-style.md-Nish-Lady-Touch-Of-Silver-473x400.png\" alt=\"NishLady Touch of Silver\" width=\"345\" height=\"292\" srcset=\"https:\/\/cool-style.md\/wp-content\/uploads\/2023\/11\/Cool-style.md-Nish-Lady-Touch-Of-Silver-473x400.png 473w, https:\/\/cool-style.md\/wp-content\/uploads\/2023\/11\/Cool-style.md-Nish-Lady-Touch-Of-Silver-510x431.png 510w, https:\/\/cool-style.md\/wp-content\/uploads\/2023\/11\/Cool-style.md-Nish-Lady-Touch-Of-Silver-946x800.png 946w, https:\/\/cool-style.md\/wp-content\/uploads\/2023\/11\/Cool-style.md-Nish-Lady-Touch-Of-Silver-768x649.png 768w, https:\/\/cool-style.md\/wp-content\/uploads\/2023\/11\/Cool-style.md-Nish-Lady-Touch-Of-Silver.png 1106w\" sizes=\"(max-width: 345px) 100vw, 345px\" \/><\/a><\/span><a href=\"https:\/\/cool-style.md\/felul-produsului\/tip-sampon\/\">\u0218ampon<\/a> pentru p\u0103r blond <a href=\"https:\/\/nishlady.com\/\" target=\"_blank\" rel=\"noopener\">NishLady<\/a>. Datorit\u0103 pigmen\u021bilor violeti pe care \u00eei con\u021bine, neutralizeaz\u0103 tonurile de galben nedorite din p\u0103r \u0219i face p\u0103rul blond s\u0103 arate natural \u0219i str\u0103lucitor. Acest lucru ajut\u0103 la ob\u021binerea unor tonuri mai cenu\u0219ii, prevenind p\u0103rul galben, mai ales dup\u0103 lumini \u0219i balayage. Pentru rezultate mai eficiente, se recomand\u0103 utilizarea cu alte produse din serie.<\/p>\n<p><strong>Volum:<\/strong> 503 ml<\/p>\n<p><strong>Mod de utilizare:<\/strong> Aplica\u021bi cantitatea necesar\u0103 de \u0219ampon pe p\u0103rul umed. Maseaz\u0103-\u021bi p\u0103rul p\u00e2n\u0103 se formeaz\u0103 o spum\u0103 groas\u0103, apoi cl\u0103te\u0219te-te cu ap\u0103 cald\u0103. Repeta\u021bi procesul dup\u0103 cum este necesar.<\/p>\n<p><span style=\"font-size: 100%;\"><strong>Aten\u021bie:<\/strong> numai pentru uz extern. \u00cen caz de contact cu ochii, cl\u0103ti\u021bi cu mult\u0103 ap\u0103. A nu se lasa la indemana copiilor.<\/span><\/p>","protected":false},"excerpt":{"rendered":"<p><span style=\"font-size: 100%;\">NishLady Touch of Silver Shampoo neutralizeaz\u0103 tonurile galbene, red\u0103 str\u0103lucirea \u0219i m\u0103t\u0103sitatea.<\/span><span style=\"font-size: 100%;\"><\/span><\/p>\n","protected":false},"featured_media":2727,"template":"","meta":[],"product_brand":[],"product_cat":[36],"product_tag":[],"class_list":{"0":"post-2726","1":"product","2":"type-product","3":"status-publish","4":"has-post-thumbnail","6":"product_cat-ingrijirea-par-femei","7":"pa_brand-nishlady","8":"pa_felul-produsului-tip-sampon","9":"pa_producator-turcia","10":"pa_volum-503ml","12":"first","13":"instock","14":"featured","15":"shipping-taxable","16":"purchasable","17":"product-type-simple"},"_links":{"self":[{"href":"https:\/\/cool-style.md\/ro\/wp-json\/wp\/v2\/product\/2726","targetHints":{"allow":["GET"]}}],"collection":[{"href":"https:\/\/cool-style.md\/ro\/wp-json\/wp\/v2\/product"}],"about":[{"href":"https:\/\/cool-style.md\/ro\/wp-json\/wp\/v2\/types\/product"}],"wp:featuredmedia":[{"embeddable":true,"href":"https:\/\/cool-style.md\/ro\/wp-json\/wp\/v2\/media\/2727"}],"wp:attachment":[{"href":"https:\/\/cool-style.md\/ro\/wp-json\/wp\/v2\/media?parent=2726"}],"wp:term":[{"taxonomy":"product_brand","embeddable":true,"href":"https:\/\/cool-style.md\/ro\/wp-json\/wp\/v2\/product_brand?post=2726"},{"taxonomy":"product_cat","embeddable":true,"href":"https:\/\/cool-style.md\/ro\/wp-json\/wp\/v2\/product_cat?post=2726"},{"taxonomy":"product_tag","embeddable":true,"href":"https:\/\/cool-style.md\/ro\/wp-json\/wp\/v2\/product_tag?post=2726"}],"curies":[{"name":"wp","href":"https:\/\/api.w.org\/{rel}","templated":true}]}}