{"id":2728,"date":"2023-11-28T10:54:39","date_gmt":"2023-11-28T10:54:39","guid":{"rendered":"https:\/\/cool-style.md\/?post_type=product&#038;p=2728"},"modified":"2024-12-05T21:00:43","modified_gmt":"2024-12-05T21:00:43","slug":"nishlady-touch-of-silver-conditioner","status":"publish","type":"product","link":"https:\/\/cool-style.md\/ro\/product\/nishlady-touch-of-silver-conditioner\/","title":{"rendered":"Balsam pentru p\u0103r blond NishLady Touch of Silver Conditioner 503ml"},"content":{"rendered":"<h2><span style=\"font-size: 75%;\">Balsam pentru p\u0103r blond NishLady Touch of Silver Conditioner<\/span><\/h2>\n<ul>\n<li>con\u021bine pigmen\u021bi violeti;<\/li>\n<li>neutralizeaz\u0103 \u00eeng\u0103lbenirea;<\/li>\n<li>men\u021bine luminozitatea culorii;<\/li>\n<li>ofer\u0103 o str\u0103lucire s\u0103n\u0103toas\u0103;<\/li>\n<li>nu contine saruri si parabeni.<\/li>\n<\/ul>\n<p><a href=\"https:\/\/cool-style.md\/wp-content\/uploads\/2023\/11\/Cool-style.md-Nish-Lady-Touch-Of-Silver.png\"><img decoding=\"async\" class=\"alignleft wp-image-2725\" src=\"https:\/\/cool-style.md\/wp-content\/uploads\/2023\/11\/Cool-style.md-Nish-Lady-Touch-Of-Silver-473x400.png\" alt=\"NishLady Touch of Silver\" width=\"345\" height=\"292\" srcset=\"https:\/\/cool-style.md\/wp-content\/uploads\/2023\/11\/Cool-style.md-Nish-Lady-Touch-Of-Silver-473x400.png 473w, https:\/\/cool-style.md\/wp-content\/uploads\/2023\/11\/Cool-style.md-Nish-Lady-Touch-Of-Silver-510x431.png 510w, https:\/\/cool-style.md\/wp-content\/uploads\/2023\/11\/Cool-style.md-Nish-Lady-Touch-Of-Silver-946x800.png 946w, https:\/\/cool-style.md\/wp-content\/uploads\/2023\/11\/Cool-style.md-Nish-Lady-Touch-Of-Silver-768x649.png 768w, https:\/\/cool-style.md\/wp-content\/uploads\/2023\/11\/Cool-style.md-Nish-Lady-Touch-Of-Silver.png 1106w\" sizes=\"(max-width: 345px) 100vw, 345px\" \/><\/a><a href=\"https:\/\/cool-style.md\/ro\/felul-produsului\/tip-balsam\/\">Balsamul<\/a> <a href=\"https:\/\/nishlady.com\/\" target=\"_blank\" rel=\"noopener\">Nishlady<\/a> datorit\u0103 nivelului s\u0103u sc\u0103zut de pH, neutralizeaz\u0103 tonurile galbene nedorite, hr\u0103nind p\u0103rul vopsit dup\u0103 vopsire \u0219i eviden\u021biere. Acest lucru face p\u0103rul mai u\u0219or de piept\u0103nat \u0219i \u00eei confer\u0103 un aspect str\u0103lucitor. Pentru rezultate mai eficiente, se recomand\u0103 utilizarea cu alte produse din serie.<\/p>\n<p><strong>Volum:<\/strong> 503 ml<\/p>\n<p><strong>Mod de utilizare:<\/strong> Aplicati pe parul curat si umed dupa samponare cu miscari usoare de masaj. Cl\u0103ti\u021bi cu ap\u0103 cald\u0103 dup\u0103 c\u00e2teva minute.<\/p>\n<p><span style=\"font-size: 100%;\"><strong>Aten\u021bie:<\/strong> numai pentru uz extern. \u00cen caz de contact cu ochii, cl\u0103ti\u021bi cu mult\u0103 ap\u0103. A nu se lasa la indemana copiilor.<\/span><\/p>","protected":false},"excerpt":{"rendered":"<p><span style=\"font-size: 100%;\">NishLady Touch of Silver Conditioner neutralizeaz\u0103 tonurile galbene, red\u0103 str\u0103lucirea \u0219i m\u0103t\u0103sitatea.<\/span><\/p>\n","protected":false},"featured_media":2729,"template":"","meta":[],"product_brand":[],"product_cat":[36],"product_tag":[],"class_list":{"0":"post-2728","1":"product","2":"type-product","3":"status-publish","4":"has-post-thumbnail","6":"product_cat-ingrijirea-par-femei","7":"pa_brand-nishlady","8":"pa_felul-produsului-tip-balsam","9":"pa_producator-turcia","10":"pa_volum-503ml","12":"first","13":"instock","14":"featured","15":"shipping-taxable","16":"purchasable","17":"product-type-simple"},"_links":{"self":[{"href":"https:\/\/cool-style.md\/ro\/wp-json\/wp\/v2\/product\/2728","targetHints":{"allow":["GET"]}}],"collection":[{"href":"https:\/\/cool-style.md\/ro\/wp-json\/wp\/v2\/product"}],"about":[{"href":"https:\/\/cool-style.md\/ro\/wp-json\/wp\/v2\/types\/product"}],"wp:featuredmedia":[{"embeddable":true,"href":"https:\/\/cool-style.md\/ro\/wp-json\/wp\/v2\/media\/2729"}],"wp:attachment":[{"href":"https:\/\/cool-style.md\/ro\/wp-json\/wp\/v2\/media?parent=2728"}],"wp:term":[{"taxonomy":"product_brand","embeddable":true,"href":"https:\/\/cool-style.md\/ro\/wp-json\/wp\/v2\/product_brand?post=2728"},{"taxonomy":"product_cat","embeddable":true,"href":"https:\/\/cool-style.md\/ro\/wp-json\/wp\/v2\/product_cat?post=2728"},{"taxonomy":"product_tag","embeddable":true,"href":"https:\/\/cool-style.md\/ro\/wp-json\/wp\/v2\/product_tag?post=2728"}],"curies":[{"name":"wp","href":"https:\/\/api.w.org\/{rel}","templated":true}]}}