{"id":2732,"date":"2023-11-28T11:03:13","date_gmt":"2023-11-28T11:03:13","guid":{"rendered":"https:\/\/cool-style.md\/?post_type=product&#038;p=2732"},"modified":"2024-12-05T21:02:05","modified_gmt":"2024-12-05T21:02:05","slug":"nishlady-touch-of-silver-hair-care-mask","status":"publish","type":"product","link":"https:\/\/cool-style.md\/ro\/product\/nishlady-touch-of-silver-hair-care-mask\/","title":{"rendered":"Masc\u0103 pentru p\u0103r blond NishLady Touch of Silver Hair Care Mask 296ml"},"content":{"rendered":"<h2><span style=\"font-size: 75%;\">Masc\u0103 pentru p\u0103r blond NishLady Touch of Silver Hair Care Mask<\/span><\/h2>\n<ul>\n<li>con\u021bine pigmen\u021bi violeti;<\/li>\n<li>neutralizeaz\u0103 \u00eeng\u0103lbenirea;<\/li>\n<li>men\u021bine luminozitatea culorii;<\/li>\n<li>ofer\u0103 o str\u0103lucire s\u0103n\u0103toas\u0103;<\/li>\n<li>nu contine saruri si parabeni.<\/li>\n<\/ul>\n<p><a href=\"https:\/\/cool-style.md\/wp-content\/uploads\/2023\/11\/Cool-style.md-Nish-Lady-Touch-Of-Silver.png\"><img decoding=\"async\" class=\"alignleft wp-image-2725\" src=\"https:\/\/cool-style.md\/wp-content\/uploads\/2023\/11\/Cool-style.md-Nish-Lady-Touch-Of-Silver-473x400.png\" alt=\"NishLady Touch of Silver\" width=\"345\" height=\"292\" srcset=\"https:\/\/cool-style.md\/wp-content\/uploads\/2023\/11\/Cool-style.md-Nish-Lady-Touch-Of-Silver-473x400.png 473w, https:\/\/cool-style.md\/wp-content\/uploads\/2023\/11\/Cool-style.md-Nish-Lady-Touch-Of-Silver-510x431.png 510w, https:\/\/cool-style.md\/wp-content\/uploads\/2023\/11\/Cool-style.md-Nish-Lady-Touch-Of-Silver-946x800.png 946w, https:\/\/cool-style.md\/wp-content\/uploads\/2023\/11\/Cool-style.md-Nish-Lady-Touch-Of-Silver-768x649.png 768w, https:\/\/cool-style.md\/wp-content\/uploads\/2023\/11\/Cool-style.md-Nish-Lady-Touch-Of-Silver.png 1106w\" sizes=\"(max-width: 345px) 100vw, 345px\" \/><\/a><a href=\"https:\/\/cool-style.md\/felul-produsului\/tip-masca\/\">Masc\u0103<\/a> <a href=\"https:\/\/nishlady.com\/\" target=\"_blank\" rel=\"noopener\">Nishlady<\/a>, gra\u021bie pigmen\u021bilor violeti pe care \u00eei con\u021bine, transform\u0103 tonurile galbene nedorite \u00een tonuri cenu\u0219ii, oferind \u00eengrijirea necesar\u0103 p\u0103rului obosit \u0219i deteriorat. Formula special dezvoltat\u0103 face p\u0103rul str\u0103lucitor \u0219i s\u0103n\u0103tos. Pentru rezultate mai eficiente, se recomand\u0103 utilizarea cu alte produse din serie.<\/p>\n<p><strong>Volum:<\/strong> 296 ml<\/p>\n<p><strong>Mod de utilizare:<\/strong> Aplica\u021bi o cantitate mic\u0103 de masc\u0103 pe p\u0103r, cl\u0103ti\u021bi bine cu ap\u0103 dup\u0103 c\u00e2teva minute. Se recomand\u0103 utilizarea de 2-3 ori pe s\u0103pt\u0103m\u00e2n\u0103.<\/p>\n<p><span style=\"font-size: 100%;\"><strong>Aten\u021bie:<\/strong> numai pentru uz extern. \u00cen caz de contact cu ochii, cl\u0103ti\u021bi cu mult\u0103 ap\u0103. A nu se lasa la indemana copiilor.<\/span><\/p>","protected":false},"excerpt":{"rendered":"<p><span style=\"font-size: 100%;\">NishLady Touch of Silver Hair Care Mask neutralizeaz\u0103 tonurile galbene, red\u0103 str\u0103lucirea \u0219i m\u0103t\u0103sitatea.<\/span><\/p>\n","protected":false},"featured_media":2733,"template":"","meta":[],"product_brand":[],"product_cat":[36],"product_tag":[],"class_list":{"0":"post-2732","1":"product","2":"type-product","3":"status-publish","4":"has-post-thumbnail","6":"product_cat-ingrijirea-par-femei","7":"pa_brand-nishlady","8":"pa_felul-produsului-tip-masca","9":"pa_producator-turcia","10":"pa_volum-296ml","12":"first","13":"instock","14":"featured","15":"shipping-taxable","16":"purchasable","17":"product-type-simple"},"_links":{"self":[{"href":"https:\/\/cool-style.md\/ro\/wp-json\/wp\/v2\/product\/2732","targetHints":{"allow":["GET"]}}],"collection":[{"href":"https:\/\/cool-style.md\/ro\/wp-json\/wp\/v2\/product"}],"about":[{"href":"https:\/\/cool-style.md\/ro\/wp-json\/wp\/v2\/types\/product"}],"wp:featuredmedia":[{"embeddable":true,"href":"https:\/\/cool-style.md\/ro\/wp-json\/wp\/v2\/media\/2733"}],"wp:attachment":[{"href":"https:\/\/cool-style.md\/ro\/wp-json\/wp\/v2\/media?parent=2732"}],"wp:term":[{"taxonomy":"product_brand","embeddable":true,"href":"https:\/\/cool-style.md\/ro\/wp-json\/wp\/v2\/product_brand?post=2732"},{"taxonomy":"product_cat","embeddable":true,"href":"https:\/\/cool-style.md\/ro\/wp-json\/wp\/v2\/product_cat?post=2732"},{"taxonomy":"product_tag","embeddable":true,"href":"https:\/\/cool-style.md\/ro\/wp-json\/wp\/v2\/product_tag?post=2732"}],"curies":[{"name":"wp","href":"https:\/\/api.w.org\/{rel}","templated":true}]}}