{"id":2736,"date":"2023-11-28T11:15:39","date_gmt":"2023-11-28T11:15:39","guid":{"rendered":"https:\/\/cool-style.md\/?post_type=product&#038;p=2736"},"modified":"2024-12-05T21:03:43","modified_gmt":"2024-12-05T21:03:43","slug":"nishlady-ultimate-volume-shampoo","status":"publish","type":"product","link":"https:\/\/cool-style.md\/ro\/product\/nishlady-ultimate-volume-shampoo\/","title":{"rendered":"\u0218ampon f\u0103r\u0103 sulfa\u021bi pentru volum NishLady Ultimate Volume Shampoo 947ml"},"content":{"rendered":"<h2><span style=\"font-size: 75%;\">\u0218ampon f\u0103r\u0103 sulfa\u021bi pentru volum NishLady Ultimate Volume Shampoo<\/span><\/h2>\n<ul>\n<li>con\u021bine un complex de 11 aminoacizi;<\/li>\n<li>ofer\u0103 volum maxim;<\/li>\n<li>ofer\u0103 o str\u0103lucire s\u0103n\u0103toas\u0103;<\/li>\n<li>nu contine saruri si parabeni.<\/li>\n<\/ul>\n<p><span style=\"font-size: 100%;\"><a href=\"https:\/\/cool-style.md\/wp-content\/uploads\/2023\/11\/Cool-style.md-Nish-Lady-Ultimate-Volume.png\"><img decoding=\"async\" class=\"alignleft wp-image-2744\" src=\"https:\/\/cool-style.md\/wp-content\/uploads\/2023\/11\/Cool-style.md-Nish-Lady-Ultimate-Volume-436x400.png\" alt=\"\" width=\"345\" height=\"316\" srcset=\"https:\/\/cool-style.md\/wp-content\/uploads\/2023\/11\/Cool-style.md-Nish-Lady-Ultimate-Volume-436x400.png 436w, https:\/\/cool-style.md\/wp-content\/uploads\/2023\/11\/Cool-style.md-Nish-Lady-Ultimate-Volume-510x468.png 510w, https:\/\/cool-style.md\/wp-content\/uploads\/2023\/11\/Cool-style.md-Nish-Lady-Ultimate-Volume-872x800.png 872w, https:\/\/cool-style.md\/wp-content\/uploads\/2023\/11\/Cool-style.md-Nish-Lady-Ultimate-Volume-768x704.png 768w, https:\/\/cool-style.md\/wp-content\/uploads\/2023\/11\/Cool-style.md-Nish-Lady-Ultimate-Volume.png 1027w\" sizes=\"(max-width: 345px) 100vw, 345px\" \/><\/a><\/span><a href=\"https:\/\/cool-style.md\/felul-produsului\/tip-sampon\/\">\u0218ampon<\/a> <span style=\"font-size: 100%;\"><a href=\"https:\/\/nishlady.com\/\" target=\"_blank\" rel=\"noopener\">NishLady<\/a><\/span> pentru volum maxim. Dezvoltat folosind tehnologia Intra Cylane pentru p\u0103rul fin, \u00eenv\u0103luie firele \u00een timpul sp\u0103l\u0103rii \u0219i face p\u0103rul mai voluminos \u0219i mai gros. Complexul de 11 aminoacizi din formula sa p\u0103trunde \u00eentre solzii de p\u0103r \u0219i ofer\u0103 volum, men\u021bin\u00e2nd \u00een acela\u0219i timp netezimea. Pentru rezultate mai eficiente, se recomand\u0103 utilizarea cu alte produse din serie.<\/p>\n<p><strong>Volum:<\/strong> 947 ml<\/p>\n<p><strong>Mod de utilizare:<\/strong> Aplica\u021bi cantitatea necesar\u0103 de \u0219ampon pe p\u0103rul umed. Maseaz\u0103-\u021bi p\u0103rul p\u00e2n\u0103 se formeaz\u0103 o spum\u0103 groas\u0103, apoi cl\u0103te\u0219te-te cu ap\u0103 cald\u0103. Repeta\u021bi procesul dup\u0103 cum este necesar.<\/p>\n<p><span style=\"font-size: 100%;\"><strong>Aten\u021bie:<\/strong> numai pentru uz extern. \u00cen caz de contact cu ochii, cl\u0103ti\u021bi cu mult\u0103 ap\u0103. A nu se lasa la indemana copiilor.<\/span><\/p>","protected":false},"excerpt":{"rendered":"<p><span style=\"font-size: 100%;\">NishLady Ultimate Volume Shampoo restabile\u0219te p\u0103rul, red\u00e2ndu-i grosimea \u0219i volumul.<\/span><span style=\"font-size: 100%;\"><\/span><\/p>\n","protected":false},"featured_media":2742,"template":"","meta":[],"product_brand":[],"product_cat":[36],"product_tag":[],"class_list":{"0":"post-2736","1":"product","2":"type-product","3":"status-publish","4":"has-post-thumbnail","6":"product_cat-ingrijirea-par-femei","7":"pa_brand-nishlady","8":"pa_felul-produsului-tip-sampon","9":"pa_producator-turcia","10":"pa_volum-947ml","12":"first","13":"instock","14":"featured","15":"shipping-taxable","16":"purchasable","17":"product-type-simple"},"_links":{"self":[{"href":"https:\/\/cool-style.md\/ro\/wp-json\/wp\/v2\/product\/2736","targetHints":{"allow":["GET"]}}],"collection":[{"href":"https:\/\/cool-style.md\/ro\/wp-json\/wp\/v2\/product"}],"about":[{"href":"https:\/\/cool-style.md\/ro\/wp-json\/wp\/v2\/types\/product"}],"wp:featuredmedia":[{"embeddable":true,"href":"https:\/\/cool-style.md\/ro\/wp-json\/wp\/v2\/media\/2742"}],"wp:attachment":[{"href":"https:\/\/cool-style.md\/ro\/wp-json\/wp\/v2\/media?parent=2736"}],"wp:term":[{"taxonomy":"product_brand","embeddable":true,"href":"https:\/\/cool-style.md\/ro\/wp-json\/wp\/v2\/product_brand?post=2736"},{"taxonomy":"product_cat","embeddable":true,"href":"https:\/\/cool-style.md\/ro\/wp-json\/wp\/v2\/product_cat?post=2736"},{"taxonomy":"product_tag","embeddable":true,"href":"https:\/\/cool-style.md\/ro\/wp-json\/wp\/v2\/product_tag?post=2736"}],"curies":[{"name":"wp","href":"https:\/\/api.w.org\/{rel}","templated":true}]}}