{"id":2739,"date":"2023-11-28T11:15:46","date_gmt":"2023-11-28T11:15:46","guid":{"rendered":"https:\/\/cool-style.md\/?post_type=product&#038;p=2739"},"modified":"2024-12-05T21:04:57","modified_gmt":"2024-12-05T21:04:57","slug":"nishlady-ultimate-volume-bi-phase-conditioner","status":"publish","type":"product","link":"https:\/\/cool-style.md\/ro\/product\/nishlady-ultimate-volume-bi-phase-conditioner\/","title":{"rendered":"Balsam-spray bifazic pentru volum NishLady Ultimate Volume Bi-Phase Conditioner 386ml"},"content":{"rendered":"<h2><span style=\"font-size: 75%;\">Balsam-spray bifazic pentru volum NishLady Ultimate Volume Bi-Phase Conditioner<\/span><\/h2>\n<ul>\n<li>con\u021bine un complex de 11 aminoacizi;<\/li>\n<li>ofer\u0103 volum maxim;<\/li>\n<li>ofer\u0103 o str\u0103lucire s\u0103n\u0103toas\u0103;<\/li>\n<li>nu contine saruri si parabeni.<\/li>\n<\/ul>\n<p><a href=\"https:\/\/cool-style.md\/wp-content\/uploads\/2023\/11\/Cool-style.md-Nish-Lady-Ultimate-Volume.png\"><img decoding=\"async\" class=\"alignleft wp-image-2744\" src=\"https:\/\/cool-style.md\/wp-content\/uploads\/2023\/11\/Cool-style.md-Nish-Lady-Ultimate-Volume-436x400.png\" alt=\"\" width=\"345\" height=\"316\" srcset=\"https:\/\/cool-style.md\/wp-content\/uploads\/2023\/11\/Cool-style.md-Nish-Lady-Ultimate-Volume-436x400.png 436w, https:\/\/cool-style.md\/wp-content\/uploads\/2023\/11\/Cool-style.md-Nish-Lady-Ultimate-Volume-510x468.png 510w, https:\/\/cool-style.md\/wp-content\/uploads\/2023\/11\/Cool-style.md-Nish-Lady-Ultimate-Volume-872x800.png 872w, https:\/\/cool-style.md\/wp-content\/uploads\/2023\/11\/Cool-style.md-Nish-Lady-Ultimate-Volume-768x704.png 768w, https:\/\/cool-style.md\/wp-content\/uploads\/2023\/11\/Cool-style.md-Nish-Lady-Ultimate-Volume.png 1027w\" sizes=\"(max-width: 345px) 100vw, 345px\" \/><\/a>Balsam-spray <a href=\"https:\/\/nishlady.com\/\" target=\"_blank\" rel=\"noopener\">Nishlady<\/a> bifazic pentru volum maxim. Ofer\u0103 o textur\u0103 str\u0103lucitoare \u0219i m\u0103t\u0103soas\u0103 f\u0103r\u0103 a \u00eengreuna p\u0103rul sub\u021bire \u0219i voluminos, iar cu ajutorul a 11 aminoacizi \u00eei red\u0103 aspectul tern \u0219i ne\u00eengrijit. Nu necesit\u0103 cl\u0103tire, protejeaz\u0103 p\u0103rul de expunerea la temperaturi ridicate. Pentru rezultate mai eficiente, se recomand\u0103 utilizarea cu alte produse din serie.<\/p>\n<p><strong>Volum:<\/strong> 386 ml<\/p>\n<p><strong>Mod de utilizare:<\/strong> Pulveriza\u021bi o cantitate necesar\u0103 de spray pe p\u0103rul umed sau uscat \u0219i \u00eencepe\u021bi s\u0103 piept\u0103na\u021bi sau s\u0103 usca\u021bi.<\/p>\n<p><span style=\"font-size: 100%;\"><strong>Aten\u021bie:<\/strong> numai pentru uz extern. \u00cen caz de contact cu ochii, cl\u0103ti\u021bi cu mult\u0103 ap\u0103. A nu se lasa la indemana copiilor.<\/span><\/p>","protected":false},"excerpt":{"rendered":"<p><span style=\"font-size: 100%;\">NishLady Ultimate Volume Bi-Phase Conditioner restabile\u0219te p\u0103rul, red\u00e2ndu-i grosimea \u0219i volumul.<\/span><\/p>\n","protected":false},"featured_media":2748,"template":"","meta":[],"product_brand":[],"product_cat":[36],"product_tag":[],"class_list":{"0":"post-2739","1":"product","2":"type-product","3":"status-publish","4":"has-post-thumbnail","6":"product_cat-ingrijirea-par-femei","7":"pa_brand-nishlady","8":"pa_felul-produsului-tip-balsam","9":"pa_producator-turcia","10":"pa_volum-386ml","12":"first","13":"instock","14":"featured","15":"shipping-taxable","16":"purchasable","17":"product-type-simple"},"_links":{"self":[{"href":"https:\/\/cool-style.md\/ro\/wp-json\/wp\/v2\/product\/2739","targetHints":{"allow":["GET"]}}],"collection":[{"href":"https:\/\/cool-style.md\/ro\/wp-json\/wp\/v2\/product"}],"about":[{"href":"https:\/\/cool-style.md\/ro\/wp-json\/wp\/v2\/types\/product"}],"wp:featuredmedia":[{"embeddable":true,"href":"https:\/\/cool-style.md\/ro\/wp-json\/wp\/v2\/media\/2748"}],"wp:attachment":[{"href":"https:\/\/cool-style.md\/ro\/wp-json\/wp\/v2\/media?parent=2739"}],"wp:term":[{"taxonomy":"product_brand","embeddable":true,"href":"https:\/\/cool-style.md\/ro\/wp-json\/wp\/v2\/product_brand?post=2739"},{"taxonomy":"product_cat","embeddable":true,"href":"https:\/\/cool-style.md\/ro\/wp-json\/wp\/v2\/product_cat?post=2739"},{"taxonomy":"product_tag","embeddable":true,"href":"https:\/\/cool-style.md\/ro\/wp-json\/wp\/v2\/product_tag?post=2739"}],"curies":[{"name":"wp","href":"https:\/\/api.w.org\/{rel}","templated":true}]}}