{"id":2740,"date":"2023-11-28T11:15:59","date_gmt":"2023-11-28T11:15:59","guid":{"rendered":"https:\/\/cool-style.md\/?post_type=product&#038;p=2740"},"modified":"2024-12-05T21:05:19","modified_gmt":"2024-12-05T21:05:19","slug":"nishlady-ultimate-volume-hair-care-mask","status":"publish","type":"product","link":"https:\/\/cool-style.md\/ro\/product\/nishlady-ultimate-volume-hair-care-mask\/","title":{"rendered":"Masc\u0103 pentru volum NishLady Ultimate Volume Hair Care Mask 296ml"},"content":{"rendered":"<h2><span style=\"font-size: 75%;\">Masc\u0103 pentru volum NishLady Ultimate Volume Hair Care Mask<\/span><\/h2>\n<ul>\n<li>con\u021bine un complex de 11 aminoacizi;<\/li>\n<li>ofer\u0103 volum maxim;<\/li>\n<li>ofer\u0103 o str\u0103lucire s\u0103n\u0103toas\u0103;<\/li>\n<li>nu contine saruri si parabeni.<\/li>\n<\/ul>\n<p><a href=\"https:\/\/cool-style.md\/wp-content\/uploads\/2023\/11\/Cool-style.md-Nish-Lady-Ultimate-Volume.png\"><img decoding=\"async\" class=\"alignleft wp-image-2744\" src=\"https:\/\/cool-style.md\/wp-content\/uploads\/2023\/11\/Cool-style.md-Nish-Lady-Ultimate-Volume-436x400.png\" alt=\"\" width=\"345\" height=\"316\" srcset=\"https:\/\/cool-style.md\/wp-content\/uploads\/2023\/11\/Cool-style.md-Nish-Lady-Ultimate-Volume-436x400.png 436w, https:\/\/cool-style.md\/wp-content\/uploads\/2023\/11\/Cool-style.md-Nish-Lady-Ultimate-Volume-510x468.png 510w, https:\/\/cool-style.md\/wp-content\/uploads\/2023\/11\/Cool-style.md-Nish-Lady-Ultimate-Volume-872x800.png 872w, https:\/\/cool-style.md\/wp-content\/uploads\/2023\/11\/Cool-style.md-Nish-Lady-Ultimate-Volume-768x704.png 768w, https:\/\/cool-style.md\/wp-content\/uploads\/2023\/11\/Cool-style.md-Nish-Lady-Ultimate-Volume.png 1027w\" sizes=\"(max-width: 345px) 100vw, 345px\" \/><\/a>Masc\u0103\u00a0<a href=\"https:\/\/nishlady.com\/\" target=\"_blank\" rel=\"noopener\">Nishlady<\/a> pentru volum maxim. Structura sa special dezvoltat\u0103, f\u0103r\u0103 silicon, u\u0219oar\u0103, nu \u00eengreuneaz\u0103 p\u0103rul dup\u0103 procedur\u0103. Ofer\u0103 p\u0103rului un aspect str\u0103lucitor, neted \u0219i s\u0103n\u0103tos, iar datorit\u0103 valorii sc\u0103zute a pH-ului, \u00eenchide stratul de solzi expus de ap\u0103. Masca hr\u0103ne\u0219te p\u0103rul de la r\u0103d\u0103cin\u0103 p\u00e2n\u0103 la v\u00e2rf cu extracte de lime argintie, care joac\u0103 un rol activ \u00een ad\u0103ugarea de grosime \u0219i volum p\u0103rului dumneavoastr\u0103. Pentru rezultate mai eficiente, se recomand\u0103 utilizarea cu alte produse din serie.<\/p>\n<p><strong>Volum:<\/strong> 296 ml<\/p>\n<p><strong>Mod de utilizare:<\/strong> Aplica\u021bi o cantitate mic\u0103 de masc\u0103 pe p\u0103r, cl\u0103ti\u021bi bine cu ap\u0103 dup\u0103 c\u00e2teva minute. Se recomand\u0103 utilizarea de 2-3 ori pe s\u0103pt\u0103m\u00e2n\u0103.<\/p>\n<p><span style=\"font-size: 100%;\"><strong>Aten\u021bie:<\/strong> numai pentru uz extern. \u00cen caz de contact cu ochii, cl\u0103ti\u021bi cu mult\u0103 ap\u0103. A nu se lasa la indemana copiilor.<\/span><\/p>","protected":false},"excerpt":{"rendered":"<p><span style=\"font-size: 100%;\">NishLady Ultimate Volume Hair Care Mask restabile\u0219te p\u0103rul, red\u00e2ndu-i grosimea \u0219i volumul.<\/span><\/p>\n","protected":false},"featured_media":2750,"template":"","meta":[],"product_brand":[],"product_cat":[36],"product_tag":[],"class_list":{"0":"post-2740","1":"product","2":"type-product","3":"status-publish","4":"has-post-thumbnail","6":"product_cat-ingrijirea-par-femei","7":"pa_brand-nishlady","8":"pa_felul-produsului-tip-masca","9":"pa_producator-turcia","10":"pa_volum-296ml","12":"first","13":"instock","14":"featured","15":"shipping-taxable","16":"purchasable","17":"product-type-simple"},"_links":{"self":[{"href":"https:\/\/cool-style.md\/ro\/wp-json\/wp\/v2\/product\/2740","targetHints":{"allow":["GET"]}}],"collection":[{"href":"https:\/\/cool-style.md\/ro\/wp-json\/wp\/v2\/product"}],"about":[{"href":"https:\/\/cool-style.md\/ro\/wp-json\/wp\/v2\/types\/product"}],"wp:featuredmedia":[{"embeddable":true,"href":"https:\/\/cool-style.md\/ro\/wp-json\/wp\/v2\/media\/2750"}],"wp:attachment":[{"href":"https:\/\/cool-style.md\/ro\/wp-json\/wp\/v2\/media?parent=2740"}],"wp:term":[{"taxonomy":"product_brand","embeddable":true,"href":"https:\/\/cool-style.md\/ro\/wp-json\/wp\/v2\/product_brand?post=2740"},{"taxonomy":"product_cat","embeddable":true,"href":"https:\/\/cool-style.md\/ro\/wp-json\/wp\/v2\/product_cat?post=2740"},{"taxonomy":"product_tag","embeddable":true,"href":"https:\/\/cool-style.md\/ro\/wp-json\/wp\/v2\/product_tag?post=2740"}],"curies":[{"name":"wp","href":"https:\/\/api.w.org\/{rel}","templated":true}]}}