{"id":2777,"date":"2023-11-30T10:04:14","date_gmt":"2023-11-30T10:04:14","guid":{"rendered":"https:\/\/cool-style.md\/?post_type=product&#038;p=2777"},"modified":"2024-12-05T21:08:49","modified_gmt":"2024-12-05T21:08:49","slug":"nishlady-fragrance-body-spray-instigate","status":"publish","type":"product","link":"https:\/\/cool-style.md\/ro\/product\/nishlady-fragrance-body-spray-instigate\/","title":{"rendered":"Spray parfumat pentru corp NishLady Fragrance Body Spray Instigate 260ml"},"content":{"rendered":"<h2><span style=\"font-size: 75%;\">Spray parfumat <a href=\"https:\/\/cool-style.md\/cosmetice-femei\/ingrijirea-fata-corp\/\">pentru corp<\/a>\u00a0<a href=\"https:\/\/nishlady.co.uk\/\" target=\"_blank\" rel=\"noopener\">NishLady<\/a> Fragrance Body Spray Instigate<\/span><\/h2>\n<p><a href=\"https:\/\/cool-style.md\/wp-content\/uploads\/2023\/11\/Cool-style.md-NishLady-Parfum-Mist-Body-Instigate-260ml-.jpg\"><img decoding=\"async\" class=\"alignleft wp-image-2778\" src=\"https:\/\/cool-style.md\/wp-content\/uploads\/2023\/11\/Cool-style.md-NishLady-Parfum-Mist-Body-Instigate-260ml--400x400.jpg\" alt=\"NishLady Fragrance Body Spray Instigate\" width=\"345\" height=\"345\" srcset=\"https:\/\/cool-style.md\/wp-content\/uploads\/2023\/11\/Cool-style.md-NishLady-Parfum-Mist-Body-Instigate-260ml--400x400.jpg 400w, https:\/\/cool-style.md\/wp-content\/uploads\/2023\/11\/Cool-style.md-NishLady-Parfum-Mist-Body-Instigate-260ml--300x300.jpg 300w, https:\/\/cool-style.md\/wp-content\/uploads\/2023\/11\/Cool-style.md-NishLady-Parfum-Mist-Body-Instigate-260ml--100x100.jpg 100w, https:\/\/cool-style.md\/wp-content\/uploads\/2023\/11\/Cool-style.md-NishLady-Parfum-Mist-Body-Instigate-260ml--510x510.jpg 510w, https:\/\/cool-style.md\/wp-content\/uploads\/2023\/11\/Cool-style.md-NishLady-Parfum-Mist-Body-Instigate-260ml--800x800.jpg 800w, https:\/\/cool-style.md\/wp-content\/uploads\/2023\/11\/Cool-style.md-NishLady-Parfum-Mist-Body-Instigate-260ml--280x280.jpg 280w, https:\/\/cool-style.md\/wp-content\/uploads\/2023\/11\/Cool-style.md-NishLady-Parfum-Mist-Body-Instigate-260ml--768x768.jpg 768w, https:\/\/cool-style.md\/wp-content\/uploads\/2023\/11\/Cool-style.md-NishLady-Parfum-Mist-Body-Instigate-260ml-.jpg 1000w\" sizes=\"(max-width: 345px) 100vw, 345px\" \/><\/a>Spray u\u0219or hidratant, cu un parfum feminin unic, perfect echilibrat cu note fructate \u0219i florale, captiveaz\u0103 prin armonia unic\u0103 a florilor de cire\u0219 \u0219i piersic \u00een notele de v\u00e2rf \u0219i nu v\u0103 va l\u0103sa s\u0103 rezista\u021bi, impresion\u00e2nd prin dansul iasomiei \u0219i liliacului cu mosc \u00een notele de fund. Note de v\u00e2rf: floare de cire\u0219, piersici, mar. Note de mijloc: liliac, iasomie. Note de fund: mosc, tamarind, note lemnoase.<\/p>\n<p><strong>Volum:<\/strong> 260 ml<\/p>\n<p><strong>Aten\u021bie:<\/strong> numai pentru uz extern. \u00cen caz de contact cu ochii, cl\u0103ti\u021bi cu mult\u0103 ap\u0103. A nu se lasa la indemana copiilor.<\/p>","protected":false},"excerpt":{"rendered":"<p><span style=\"font-size: 100%;\">NishLady Fragrance Body Spray Instigate un spray de corp hidratant cu un parfum feminin unic.<\/span><span style=\"font-size: 100%;\"><\/span><\/p>\n","protected":false},"featured_media":2779,"template":"","meta":[],"product_brand":[],"product_cat":[157,200],"product_tag":[],"class_list":{"0":"post-2777","1":"product","2":"type-product","3":"status-publish","4":"has-post-thumbnail","6":"product_cat-parmum-pentru-femei","7":"product_cat-ingrijirea-fata-corp","8":"pa_brand-nishlady","9":"pa_producator-turcia","10":"pa_volum-260ml","12":"first","13":"instock","14":"featured","15":"shipping-taxable","16":"purchasable","17":"product-type-simple"},"_links":{"self":[{"href":"https:\/\/cool-style.md\/ro\/wp-json\/wp\/v2\/product\/2777","targetHints":{"allow":["GET"]}}],"collection":[{"href":"https:\/\/cool-style.md\/ro\/wp-json\/wp\/v2\/product"}],"about":[{"href":"https:\/\/cool-style.md\/ro\/wp-json\/wp\/v2\/types\/product"}],"wp:featuredmedia":[{"embeddable":true,"href":"https:\/\/cool-style.md\/ro\/wp-json\/wp\/v2\/media\/2779"}],"wp:attachment":[{"href":"https:\/\/cool-style.md\/ro\/wp-json\/wp\/v2\/media?parent=2777"}],"wp:term":[{"taxonomy":"product_brand","embeddable":true,"href":"https:\/\/cool-style.md\/ro\/wp-json\/wp\/v2\/product_brand?post=2777"},{"taxonomy":"product_cat","embeddable":true,"href":"https:\/\/cool-style.md\/ro\/wp-json\/wp\/v2\/product_cat?post=2777"},{"taxonomy":"product_tag","embeddable":true,"href":"https:\/\/cool-style.md\/ro\/wp-json\/wp\/v2\/product_tag?post=2777"}],"curies":[{"name":"wp","href":"https:\/\/api.w.org\/{rel}","templated":true}]}}