{"id":2780,"date":"2023-11-30T10:08:24","date_gmt":"2023-11-30T10:08:24","guid":{"rendered":"https:\/\/cool-style.md\/?post_type=product&#038;p=2780"},"modified":"2024-12-05T21:08:59","modified_gmt":"2024-12-05T21:08:59","slug":"nishlady-fragrance-body-spray-lamour-rose","status":"publish","type":"product","link":"https:\/\/cool-style.md\/ro\/product\/nishlady-fragrance-body-spray-lamour-rose\/","title":{"rendered":"Spray parfumat pentru corp NishLady Fragrance Body Spray L&#8217;amour Rose 260ml"},"content":{"rendered":"<h2><span style=\"font-size: 75%;\">Spray parfumat <a href=\"https:\/\/cool-style.md\/cosmetice-femei\/ingrijirea-fata-corp\/\">pentru corp<\/a>\u00a0<a href=\"https:\/\/nishlady.co.uk\/\" target=\"_blank\" rel=\"noopener\">NishLady<\/a> Fragrance Body Spray L&#8217;amour Rose<\/span><\/h2>\n<p><a href=\"https:\/\/cool-style.md\/wp-content\/uploads\/2023\/11\/Cool-style.md-NishLady-Parfum-Mist-Body-Lamour-Rose-260ml-.jpg\"><img decoding=\"async\" class=\"wp-image-2781 alignleft\" src=\"https:\/\/cool-style.md\/wp-content\/uploads\/2023\/11\/Cool-style.md-NishLady-Parfum-Mist-Body-Lamour-Rose-260ml--400x400.jpg\" alt=\"NishLady Fragrance Body Spray L'amour Rose\" width=\"345\" height=\"345\" srcset=\"https:\/\/cool-style.md\/wp-content\/uploads\/2023\/11\/Cool-style.md-NishLady-Parfum-Mist-Body-Lamour-Rose-260ml--400x400.jpg 400w, https:\/\/cool-style.md\/wp-content\/uploads\/2023\/11\/Cool-style.md-NishLady-Parfum-Mist-Body-Lamour-Rose-260ml--300x300.jpg 300w, https:\/\/cool-style.md\/wp-content\/uploads\/2023\/11\/Cool-style.md-NishLady-Parfum-Mist-Body-Lamour-Rose-260ml--100x100.jpg 100w, https:\/\/cool-style.md\/wp-content\/uploads\/2023\/11\/Cool-style.md-NishLady-Parfum-Mist-Body-Lamour-Rose-260ml--510x510.jpg 510w, https:\/\/cool-style.md\/wp-content\/uploads\/2023\/11\/Cool-style.md-NishLady-Parfum-Mist-Body-Lamour-Rose-260ml--800x800.jpg 800w, https:\/\/cool-style.md\/wp-content\/uploads\/2023\/11\/Cool-style.md-NishLady-Parfum-Mist-Body-Lamour-Rose-260ml--280x280.jpg 280w, https:\/\/cool-style.md\/wp-content\/uploads\/2023\/11\/Cool-style.md-NishLady-Parfum-Mist-Body-Lamour-Rose-260ml--768x768.jpg 768w, https:\/\/cool-style.md\/wp-content\/uploads\/2023\/11\/Cool-style.md-NishLady-Parfum-Mist-Body-Lamour-Rose-260ml-.jpg 1500w\" sizes=\"(max-width: 345px) 100vw, 345px\" \/><\/a>Spray u\u0219or hidratant, cu un parfum feminin unic. Armonia unic\u0103 a florii de bujor din inima parfumului cu note de fruct al pasiunii \u0219i citrice este activat\u0103 pe pielea ta de str\u0103luciri exotice. Note de v\u00e2rf: cap\u0219uni, ananas, fructul pasiunii, grapefruit. Note de mijloc: bujor, lacramioare, iasomie. Note de fund: lichen, chihlimbar. L\u2019Amour Rose va deveni un parfum indispensabil pentru femeile curajoase \u0219i \u00eencrez\u0103toare.<\/p>\n<p><strong>Volum:<\/strong> 260 ml<\/p>\n<p><strong>Aten\u021bie:<\/strong> numai pentru uz extern. \u00cen caz de contact cu ochii, cl\u0103ti\u021bi cu mult\u0103 ap\u0103. A nu se lasa la indemana copiilor.<\/p>","protected":false},"excerpt":{"rendered":"<p><span style=\"font-size: 100%;\">NishLady Fragrance Body Spray L&#8217;amour Rose un spray de corp hidratant cu un parfum feminin unic.<\/span><span style=\"font-size: 100%;\"><\/span><\/p>\n","protected":false},"featured_media":2782,"template":"","meta":[],"product_brand":[],"product_cat":[157,200],"product_tag":[],"class_list":{"0":"post-2780","1":"product","2":"type-product","3":"status-publish","4":"has-post-thumbnail","6":"product_cat-parmum-pentru-femei","7":"product_cat-ingrijirea-fata-corp","8":"pa_brand-nishlady","9":"pa_producator-turcia","10":"pa_volum-260ml","12":"first","13":"instock","14":"featured","15":"shipping-taxable","16":"purchasable","17":"product-type-simple"},"_links":{"self":[{"href":"https:\/\/cool-style.md\/ro\/wp-json\/wp\/v2\/product\/2780","targetHints":{"allow":["GET"]}}],"collection":[{"href":"https:\/\/cool-style.md\/ro\/wp-json\/wp\/v2\/product"}],"about":[{"href":"https:\/\/cool-style.md\/ro\/wp-json\/wp\/v2\/types\/product"}],"wp:featuredmedia":[{"embeddable":true,"href":"https:\/\/cool-style.md\/ro\/wp-json\/wp\/v2\/media\/2782"}],"wp:attachment":[{"href":"https:\/\/cool-style.md\/ro\/wp-json\/wp\/v2\/media?parent=2780"}],"wp:term":[{"taxonomy":"product_brand","embeddable":true,"href":"https:\/\/cool-style.md\/ro\/wp-json\/wp\/v2\/product_brand?post=2780"},{"taxonomy":"product_cat","embeddable":true,"href":"https:\/\/cool-style.md\/ro\/wp-json\/wp\/v2\/product_cat?post=2780"},{"taxonomy":"product_tag","embeddable":true,"href":"https:\/\/cool-style.md\/ro\/wp-json\/wp\/v2\/product_tag?post=2780"}],"curies":[{"name":"wp","href":"https:\/\/api.w.org\/{rel}","templated":true}]}}