{"id":2789,"date":"2023-11-30T10:19:38","date_gmt":"2023-11-30T10:19:38","guid":{"rendered":"https:\/\/cool-style.md\/?post_type=product&#038;p=2789"},"modified":"2024-12-05T21:09:53","modified_gmt":"2024-12-05T21:09:53","slug":"nishlady-fragrance-body-spray-pearl-beach","status":"publish","type":"product","link":"https:\/\/cool-style.md\/ro\/product\/nishlady-fragrance-body-spray-pearl-beach\/","title":{"rendered":"Spray parfumat pentru corp NishLady Fragrance Body Spray Pearl Beach 260ml"},"content":{"rendered":"<h2><span style=\"font-size: 75%;\">Spray parfumat <a href=\"https:\/\/cool-style.md\/cosmetice-femei\/ingrijirea-fata-corp\/\">pentru corp<\/a>\u00a0<a href=\"https:\/\/nishlady.co.uk\/\" target=\"_blank\" rel=\"noopener\">NishLady<\/a> Fragrance Body Spray Pearl Beach<\/span><\/h2>\n<p><a href=\"https:\/\/cool-style.md\/wp-content\/uploads\/2023\/11\/Cool-style.md-NishLady-Parfum-Mist-Body-Pearl-Beach-260ml-.jpg\"><img decoding=\"async\" class=\"wp-image-2790 alignleft\" src=\"https:\/\/cool-style.md\/wp-content\/uploads\/2023\/11\/Cool-style.md-NishLady-Parfum-Mist-Body-Pearl-Beach-260ml-.jpg\" alt=\"NishLady Fragrance Body Spray Pearl Beach\" width=\"345\" height=\"345\" srcset=\"https:\/\/cool-style.md\/wp-content\/uploads\/2023\/11\/Cool-style.md-NishLady-Parfum-Mist-Body-Pearl-Beach-260ml-.jpg 1500w, https:\/\/cool-style.md\/wp-content\/uploads\/2023\/11\/Cool-style.md-NishLady-Parfum-Mist-Body-Pearl-Beach-260ml--300x300.jpg 300w, https:\/\/cool-style.md\/wp-content\/uploads\/2023\/11\/Cool-style.md-NishLady-Parfum-Mist-Body-Pearl-Beach-260ml--100x100.jpg 100w, https:\/\/cool-style.md\/wp-content\/uploads\/2023\/11\/Cool-style.md-NishLady-Parfum-Mist-Body-Pearl-Beach-260ml--510x510.jpg 510w, https:\/\/cool-style.md\/wp-content\/uploads\/2023\/11\/Cool-style.md-NishLady-Parfum-Mist-Body-Pearl-Beach-260ml--400x400.jpg 400w, https:\/\/cool-style.md\/wp-content\/uploads\/2023\/11\/Cool-style.md-NishLady-Parfum-Mist-Body-Pearl-Beach-260ml--800x800.jpg 800w, https:\/\/cool-style.md\/wp-content\/uploads\/2023\/11\/Cool-style.md-NishLady-Parfum-Mist-Body-Pearl-Beach-260ml--280x280.jpg 280w, https:\/\/cool-style.md\/wp-content\/uploads\/2023\/11\/Cool-style.md-NishLady-Parfum-Mist-Body-Pearl-Beach-260ml--768x768.jpg 768w\" sizes=\"(max-width: 345px) 100vw, 345px\" \/><\/a>Spray u\u0219or hidratant, cu un parfum feminin unic. Cu o armonie des\u0103v\u00e2r\u0219it\u0103 a notelor de nuc\u0103 de cocos, caramel \u0219i florale, te vei trezi urm\u0103rind un apus ro\u0219u \u00eentr-o sear\u0103 cald\u0103 de var\u0103. Note de v\u00e2rf: nuc\u0103 de cocos. Note de mijloc: Caramel. Note de jos: florale.<\/p>\n<p><strong>Volum:<\/strong> 260 ml<\/p>\n<p><strong>Aten\u021bie:<\/strong> numai pentru uz extern. \u00cen caz de contact cu ochii, cl\u0103ti\u021bi cu mult\u0103 ap\u0103. A nu se lasa la indemana copiilor.<\/p>","protected":false},"excerpt":{"rendered":"<p><span style=\"font-size: 100%;\">NishLady Fragrance Body Spray Pearl Beach un spray de corp hidratant cu un parfum feminin unic.<\/span><span style=\"font-size: 100%;\"><\/span><\/p>\n","protected":false},"featured_media":2791,"template":"","meta":[],"product_brand":[],"product_cat":[157,200],"product_tag":[],"class_list":{"0":"post-2789","1":"product","2":"type-product","3":"status-publish","4":"has-post-thumbnail","6":"product_cat-parmum-pentru-femei","7":"product_cat-ingrijirea-fata-corp","8":"pa_brand-nishlady","9":"pa_producator-turcia","10":"pa_volum-260ml","12":"first","13":"instock","14":"featured","15":"shipping-taxable","16":"purchasable","17":"product-type-simple"},"_links":{"self":[{"href":"https:\/\/cool-style.md\/ro\/wp-json\/wp\/v2\/product\/2789","targetHints":{"allow":["GET"]}}],"collection":[{"href":"https:\/\/cool-style.md\/ro\/wp-json\/wp\/v2\/product"}],"about":[{"href":"https:\/\/cool-style.md\/ro\/wp-json\/wp\/v2\/types\/product"}],"wp:featuredmedia":[{"embeddable":true,"href":"https:\/\/cool-style.md\/ro\/wp-json\/wp\/v2\/media\/2791"}],"wp:attachment":[{"href":"https:\/\/cool-style.md\/ro\/wp-json\/wp\/v2\/media?parent=2789"}],"wp:term":[{"taxonomy":"product_brand","embeddable":true,"href":"https:\/\/cool-style.md\/ro\/wp-json\/wp\/v2\/product_brand?post=2789"},{"taxonomy":"product_cat","embeddable":true,"href":"https:\/\/cool-style.md\/ro\/wp-json\/wp\/v2\/product_cat?post=2789"},{"taxonomy":"product_tag","embeddable":true,"href":"https:\/\/cool-style.md\/ro\/wp-json\/wp\/v2\/product_tag?post=2789"}],"curies":[{"name":"wp","href":"https:\/\/api.w.org\/{rel}","templated":true}]}}