{"id":2804,"date":"2023-11-30T12:52:21","date_gmt":"2023-11-30T12:52:21","guid":{"rendered":"https:\/\/cool-style.md\/?post_type=product&#038;p=2804"},"modified":"2024-12-05T21:10:54","modified_gmt":"2024-12-05T21:10:54","slug":"nishlady-fragrance-body-spray-golden-honey","status":"publish","type":"product","link":"https:\/\/cool-style.md\/ro\/product\/nishlady-fragrance-body-spray-golden-honey\/","title":{"rendered":"Spray parfumat pentru corp NishLady Fragrance Body Spray Golden Honey 260ml"},"content":{"rendered":"<h2><span style=\"font-size: 75%;\">Spray parfumat <a href=\"https:\/\/cool-style.md\/cosmetice-femei\/ingrijirea-fata-corp\/\">pentru corp<\/a>\u00a0<a href=\"https:\/\/nishlady.co.uk\/\" target=\"_blank\" rel=\"noopener\">NishLady<\/a> Fragrance Body Spray Golden Honey<\/span><\/h2>\n<p><a href=\"https:\/\/cool-style.md\/wp-content\/uploads\/2023\/11\/Cool-style.md-NishLady-Parfum-Mist-Body-Spray-Golden-Honey-260ml-.jpg\"><img decoding=\"async\" class=\"wp-image-2805 alignleft\" src=\"https:\/\/cool-style.md\/wp-content\/uploads\/2023\/11\/Cool-style.md-NishLady-Parfum-Mist-Body-Spray-Golden-Honey-260ml-.jpg\" alt=\"NishLady Fragrance Body Spray Golden Honey\" width=\"350\" height=\"350\" srcset=\"https:\/\/cool-style.md\/wp-content\/uploads\/2023\/11\/Cool-style.md-NishLady-Parfum-Mist-Body-Spray-Golden-Honey-260ml-.jpg 1500w, https:\/\/cool-style.md\/wp-content\/uploads\/2023\/11\/Cool-style.md-NishLady-Parfum-Mist-Body-Spray-Golden-Honey-260ml--300x300.jpg 300w, https:\/\/cool-style.md\/wp-content\/uploads\/2023\/11\/Cool-style.md-NishLady-Parfum-Mist-Body-Spray-Golden-Honey-260ml--100x100.jpg 100w, https:\/\/cool-style.md\/wp-content\/uploads\/2023\/11\/Cool-style.md-NishLady-Parfum-Mist-Body-Spray-Golden-Honey-260ml--510x510.jpg 510w, https:\/\/cool-style.md\/wp-content\/uploads\/2023\/11\/Cool-style.md-NishLady-Parfum-Mist-Body-Spray-Golden-Honey-260ml--400x400.jpg 400w, https:\/\/cool-style.md\/wp-content\/uploads\/2023\/11\/Cool-style.md-NishLady-Parfum-Mist-Body-Spray-Golden-Honey-260ml--800x800.jpg 800w, https:\/\/cool-style.md\/wp-content\/uploads\/2023\/11\/Cool-style.md-NishLady-Parfum-Mist-Body-Spray-Golden-Honey-260ml--280x280.jpg 280w, https:\/\/cool-style.md\/wp-content\/uploads\/2023\/11\/Cool-style.md-NishLady-Parfum-Mist-Body-Spray-Golden-Honey-260ml--768x768.jpg 768w\" sizes=\"(max-width: 350px) 100vw, 350px\" \/><\/a>Spray u\u0219or hidratant, cu un parfum feminin unic, care \u00ee\u021bi va oferi momente de neuitat cu efectul magnific al notelor florale \u0219i de chihlimbar. Acest parfum, care poate deveni partenerul t\u0103u esen\u021bial, seam\u0103n\u0103 aproape cu un s\u0103rut dulce. Note de v\u00e2rf: caprifoi. Note de mijloc: par\u0103 lucioas\u0103. Note de fund: vanilie, ambra. Acest parfum \u00eei va r\u0103sf\u0103\u021ba pe to\u021bi cei din jurul t\u0103u, \u00een special pe tine.<\/p>\n<p><strong>Volum:<\/strong> 260 ml<\/p>\n<p><strong>Aten\u021bie:<\/strong> numai pentru uz extern. \u00cen caz de contact cu ochii, cl\u0103ti\u021bi cu mult\u0103 ap\u0103. A nu se lasa la indemana copiilor.<\/p>","protected":false},"excerpt":{"rendered":"<p><span style=\"font-size: 100%;\">NishLady Fragrance Body Spray Golden Honey un spray de corp hidratant cu un parfum feminin unic.<\/span><span style=\"font-size: 100%;\"><\/span><\/p>\n","protected":false},"featured_media":2806,"template":"","meta":[],"product_brand":[],"product_cat":[157,200],"product_tag":[],"class_list":{"0":"post-2804","1":"product","2":"type-product","3":"status-publish","4":"has-post-thumbnail","6":"product_cat-parmum-pentru-femei","7":"product_cat-ingrijirea-fata-corp","8":"pa_brand-nishlady","9":"pa_producator-turcia","10":"pa_volum-260ml","12":"first","13":"instock","14":"featured","15":"shipping-taxable","16":"purchasable","17":"product-type-simple"},"_links":{"self":[{"href":"https:\/\/cool-style.md\/ro\/wp-json\/wp\/v2\/product\/2804","targetHints":{"allow":["GET"]}}],"collection":[{"href":"https:\/\/cool-style.md\/ro\/wp-json\/wp\/v2\/product"}],"about":[{"href":"https:\/\/cool-style.md\/ro\/wp-json\/wp\/v2\/types\/product"}],"wp:featuredmedia":[{"embeddable":true,"href":"https:\/\/cool-style.md\/ro\/wp-json\/wp\/v2\/media\/2806"}],"wp:attachment":[{"href":"https:\/\/cool-style.md\/ro\/wp-json\/wp\/v2\/media?parent=2804"}],"wp:term":[{"taxonomy":"product_brand","embeddable":true,"href":"https:\/\/cool-style.md\/ro\/wp-json\/wp\/v2\/product_brand?post=2804"},{"taxonomy":"product_cat","embeddable":true,"href":"https:\/\/cool-style.md\/ro\/wp-json\/wp\/v2\/product_cat?post=2804"},{"taxonomy":"product_tag","embeddable":true,"href":"https:\/\/cool-style.md\/ro\/wp-json\/wp\/v2\/product_tag?post=2804"}],"curies":[{"name":"wp","href":"https:\/\/api.w.org\/{rel}","templated":true}]}}