{"id":2837,"date":"2024-05-10T08:00:37","date_gmt":"2024-05-10T08:00:37","guid":{"rendered":"https:\/\/cool-style.md\/?post_type=product&#038;p=2837"},"modified":"2024-12-06T15:58:36","modified_gmt":"2024-12-06T15:58:36","slug":"immortal-vegan-matte-pomade","status":"publish","type":"product","link":"https:\/\/cool-style.md\/ro\/product\/immortal-vegan-matte-pomade\/","title":{"rendered":"Pomad\u0103 mat\u0103 pentru p\u0103r Immortal Vegan Matte Pomade 150ml"},"content":{"rendered":"<h2><span style=\"font-size: 75%;\">Pomad\u0103 mat\u0103 pentru p\u0103r Immortal Vegan Matte Pomade<\/span><\/h2>\n<ul>\n<li><span style=\"font-size: 100%;\">Coafare u\u0219oar\u0103 \u0219i rapid\u0103;<\/span><\/li>\n<li><span style=\"font-size: 100%;\">Potrivit pentru p\u0103r de orice lungime;<\/span><\/li>\n<li><span style=\"font-size: 100%;\">Fixare medie;<\/span><\/li>\n<li><span style=\"font-size: 100%;\">Ofer\u0103 un efect mat;<\/span><\/li>\n<li><span style=\"font-size: 100%;\">Nu \u00eengreuneaz\u0103 p\u0103rul;<\/span><\/li>\n<li><span style=\"font-size: 100%;\">Se spal\u0103 la \u0219amponare.<\/span><\/li>\n<\/ul>\n<p><span style=\"font-size: 100%;\"><a href=\"https:\/\/cool-style.md\/wp-content\/uploads\/2024\/05\/Cool-style.md-Immortal-Vegan-Matte-Pomade-150-ml-.jpg\"><img decoding=\"async\" class=\"wp-image-2843 aligncenter\" src=\"https:\/\/cool-style.md\/wp-content\/uploads\/2024\/05\/Cool-style.md-Immortal-Vegan-Matte-Pomade-150-ml--643x400.jpg\" alt=\"Cool-style.md Immortal Vegan Matte Pomade 150 ml\" width=\"440\" height=\"274\" srcset=\"https:\/\/cool-style.md\/wp-content\/uploads\/2024\/05\/Cool-style.md-Immortal-Vegan-Matte-Pomade-150-ml--643x400.jpg 643w, https:\/\/cool-style.md\/wp-content\/uploads\/2024\/05\/Cool-style.md-Immortal-Vegan-Matte-Pomade-150-ml--768x478.jpg 768w, https:\/\/cool-style.md\/wp-content\/uploads\/2024\/05\/Cool-style.md-Immortal-Vegan-Matte-Pomade-150-ml--510x317.jpg 510w, https:\/\/cool-style.md\/wp-content\/uploads\/2024\/05\/Cool-style.md-Immortal-Vegan-Matte-Pomade-150-ml-.jpg 1021w\" sizes=\"(max-width: 440px) 100vw, 440px\" \/><\/a><a href=\"https:\/\/cool-style.md\/wp-content\/uploads\/2024\/05\/istockphoto-1127356957-612x612-1.jpg\"><img decoding=\"async\" class=\"wp-image-2847 alignleft\" src=\"https:\/\/cool-style.md\/wp-content\/uploads\/2024\/05\/istockphoto-1127356957-612x612-1.jpg\" alt=\"Vegan\" width=\"76\" height=\"76\" srcset=\"https:\/\/cool-style.md\/wp-content\/uploads\/2024\/05\/istockphoto-1127356957-612x612-1.jpg 169w, https:\/\/cool-style.md\/wp-content\/uploads\/2024\/05\/istockphoto-1127356957-612x612-1-100x100.jpg 100w\" sizes=\"(max-width: 76px) 100vw, 76px\" \/><\/a>Pomad\u0103 mat\u0103 pentru aranjarea p\u0103rului <a href=\"https:\/\/immortal.com.tr\/\" target=\"_blank\" rel=\"noopener\">Immortal<\/a> ajut\u0103 la modelarea p\u0103rului. Ofer\u0103 p\u0103rului un aspect mat deosebit de natural, permi\u021b\u00e2ndu-v\u0103 s\u0103 men\u021bine\u021bi stilul dorit pe mult timp. Ofer\u0103 o fixare medie. Datorit\u0103 con\u021binutului de vitamine \u0219i 11 extracte naturale, ofer\u0103 \u00eengrijire \u0219i restaurare excelent\u0103 a p\u0103rului. Potrivit\u0103 <a href=\"https:\/\/cool-style.md\/ro\/product-category\/cosmetice-barbati\/coafarea-barbati\/\">pentru toate tipurile de p\u0103r<\/a>.<\/span><\/p>\n<p><span style=\"font-size: 100%;\"><strong>Fixare:<\/strong> medie<\/span><\/p>\n<p><span style=\"font-size: 100%;\"><strong>Volum:<\/strong> 150 ml<\/span><\/p>\n<p><span style=\"font-size: 100%;\"><strong>Mod de utilizare:<\/strong> Freca\u021bi o cantitate mic\u0103 de pomad\u0103 \u00eentre palme. Aplica\u021bi uniform pe p\u0103rul curat \u0219i umed \u0219i crea\u021bi forma dorit\u0103.<\/span><\/p>\n<p><span style=\"font-size: 100%;\"><strong>Aten\u021bie:<\/strong> numai pentru uz extern. \u00cen caz de contact cu ochii, cl\u0103ti\u021bi cu mult\u0103 ap\u0103. A nu se lasa la indemana copiilor.<\/span><\/p>","protected":false},"excerpt":{"rendered":"<p><span style=\"font-size: 100%;\">Immortal Vegan Matte Pomade ofer\u0103 p\u0103rului un aspect mat deosebit de natural, permi\u021b\u00e2ndu-v\u0103 s\u0103 men\u021bine\u021bi stilul dorit pe mult timp.<\/span><span style=\"font-size: 100%;\"><\/span><\/p>\n","protected":false},"featured_media":3243,"template":"","meta":[],"product_brand":[],"product_cat":[35,30],"product_tag":[],"class_list":{"0":"post-2837","1":"product","2":"type-product","3":"status-publish","4":"has-post-thumbnail","6":"product_cat-coafarea-femei","7":"product_cat-coafarea-barbati","8":"pa_brand-immortal","9":"pa_felul-produsului-tip-ceara","10":"pa_fixare-medie","11":"pa_producator-turcia","12":"pa_volum-150ml","14":"first","15":"instock","16":"featured","17":"shipping-taxable","18":"purchasable","19":"product-type-simple"},"_links":{"self":[{"href":"https:\/\/cool-style.md\/ro\/wp-json\/wp\/v2\/product\/2837","targetHints":{"allow":["GET"]}}],"collection":[{"href":"https:\/\/cool-style.md\/ro\/wp-json\/wp\/v2\/product"}],"about":[{"href":"https:\/\/cool-style.md\/ro\/wp-json\/wp\/v2\/types\/product"}],"wp:featuredmedia":[{"embeddable":true,"href":"https:\/\/cool-style.md\/ro\/wp-json\/wp\/v2\/media\/3243"}],"wp:attachment":[{"href":"https:\/\/cool-style.md\/ro\/wp-json\/wp\/v2\/media?parent=2837"}],"wp:term":[{"taxonomy":"product_brand","embeddable":true,"href":"https:\/\/cool-style.md\/ro\/wp-json\/wp\/v2\/product_brand?post=2837"},{"taxonomy":"product_cat","embeddable":true,"href":"https:\/\/cool-style.md\/ro\/wp-json\/wp\/v2\/product_cat?post=2837"},{"taxonomy":"product_tag","embeddable":true,"href":"https:\/\/cool-style.md\/ro\/wp-json\/wp\/v2\/product_tag?post=2837"}],"curies":[{"name":"wp","href":"https:\/\/api.w.org\/{rel}","templated":true}]}}