{"id":2851,"date":"2024-05-10T11:15:30","date_gmt":"2024-05-10T11:15:30","guid":{"rendered":"https:\/\/cool-style.md\/?post_type=product&#038;p=2851"},"modified":"2024-12-06T16:01:10","modified_gmt":"2024-12-06T16:01:10","slug":"immortal-vegan-hair-straightener","status":"publish","type":"product","link":"https:\/\/cool-style.md\/ro\/product\/immortal-vegan-hair-straightener\/","title":{"rendered":"Crem\u0103 reparatoare pentru \u00eendreptarea p\u0103rului Immortal Vegan Hair Straightener 1000ml"},"content":{"rendered":"<h2><span style=\"font-size: 75%;\">Crem\u0103 reparatoare pentru \u00eendreptarea p\u0103rului <\/span><span style=\"font-size: 75%;\">Immortal Vegan Hair Straightener<\/span><\/h2>\n<ul>\n<li>Ingrediente naturale;<\/li>\n<li>Con\u021bine vitamine;<\/li>\n<li>Protejeaz\u0103 p\u0103rul de efectele termice;<\/li>\n<li>P\u0103streaz\u0103 culoarea;<\/li>\n<li><span style=\"font-size: 100%;\">Nu \u00eengreuneaz\u0103 p\u0103rul;<\/span><\/li>\n<\/ul>\n<p><span style=\"font-size: 100%;\"><a href=\"https:\/\/cool-style.md\/wp-content\/uploads\/2024\/05\/Cool-style.md-Immortal-Vegan-Serie-e1715331273603.jpg\"><img decoding=\"async\" class=\"wp-image-2850 aligncenter\" src=\"https:\/\/cool-style.md\/wp-content\/uploads\/2024\/05\/Cool-style.md-Immortal-Vegan-Serie-e1715331273603-676x400.jpg\" alt=\"Cool-style.md Immortal Vegan Serie\" width=\"441\" height=\"261\" srcset=\"https:\/\/cool-style.md\/wp-content\/uploads\/2024\/05\/Cool-style.md-Immortal-Vegan-Serie-e1715331273603-676x400.jpg 676w, https:\/\/cool-style.md\/wp-content\/uploads\/2024\/05\/Cool-style.md-Immortal-Vegan-Serie-e1715331273603-768x454.jpg 768w, https:\/\/cool-style.md\/wp-content\/uploads\/2024\/05\/Cool-style.md-Immortal-Vegan-Serie-e1715331273603-510x302.jpg 510w, https:\/\/cool-style.md\/wp-content\/uploads\/2024\/05\/Cool-style.md-Immortal-Vegan-Serie-e1715331273603.jpg 1080w\" sizes=\"(max-width: 441px) 100vw, 441px\" \/><\/a><a href=\"https:\/\/cool-style.md\/wp-content\/uploads\/2024\/05\/istockphoto-1127356957-612x612-1.jpg\"><img decoding=\"async\" class=\"wp-image-2847 alignleft\" src=\"https:\/\/cool-style.md\/wp-content\/uploads\/2024\/05\/istockphoto-1127356957-612x612-1.jpg\" alt=\"Vegan\" width=\"76\" height=\"76\" srcset=\"https:\/\/cool-style.md\/wp-content\/uploads\/2024\/05\/istockphoto-1127356957-612x612-1.jpg 169w, https:\/\/cool-style.md\/wp-content\/uploads\/2024\/05\/istockphoto-1127356957-612x612-1-100x100.jpg 100w\" sizes=\"(max-width: 76px) 100vw, 76px\" \/><\/a><\/span><\/p>\n<p><span style=\"font-size: 100%;\">Crema-\u00eengrijire pentru \u00eendreptarea p\u0103rului revitalizant\u0103 <a href=\"https:\/\/immortal.com.tr\/\" target=\"_blank\" rel=\"noopener\">Immortal<\/a> este un produs profesional de \u00eendreptat f\u0103r\u0103 formaldehid\u0103, care \u00eendreapt\u0103 rapid \u0219i convenabil p\u0103rul timp de p\u00e2n\u0103 la 12 s\u0103pt\u0103m\u00e2ni. Formula sa vegan\u0103 con\u021bine vitamine \u0219i 11 extracte de plante, inclusiv cheratine vegetale, pentru a hr\u0103ni \u0219i proteja p\u0103rul. Tehnologia inovatoare de re-bond protejeaz\u0103 p\u0103rul de instrumentele de coafare termic\u0103 \u0219i de deteriorare \u0219i men\u021bine vibra\u021bia culorii. Potrivit\u0103 <a href=\"https:\/\/cool-style.md\/ro\/product-category\/cosmetice-barbati\/coafarea-barbati\/\">pentru toate tipurile de p\u0103r<\/a>.<\/span><\/p>\n<p><span style=\"font-size: 100%;\"><strong>Volum:<\/strong> 1000 ml<\/span><\/p>\n<p><span style=\"font-size: 100%;\"><strong>Mod de utilizare:<\/strong> Aplica\u021bi crema generos pe p\u0103rul cur\u0103\u021bat \u0219i distribui\u021bi uniform cu un pieptene. A\u0219tepta\u021bi 5 p\u00e2n\u0103 la 50 de minute, apoi trece\u021bi la \u00eendreptarea \u0219i modelarea p\u0103rului.<\/span><\/p>\n<p><span style=\"font-size: 100%;\"><strong>Aten\u021bie:<\/strong> numai pentru uz extern. \u00cen caz de contact cu ochii, cl\u0103ti\u021bi cu mult\u0103 ap\u0103. A nu se lasa la indemana copiilor.<\/span><\/p>","protected":false},"excerpt":{"rendered":"<p>Immortal Vegan Hair Straightener <span style=\"font-size: 100%;\">este un produs profesional de \u00eendreptat f\u0103r\u0103 formaldehid\u0103, care \u00eendreapt\u0103 rapid \u0219i convenabil p\u0103rul timp de p\u00e2n\u0103 la 12 s\u0103pt\u0103m\u00e2ni.<\/span><span style=\"font-size: 100%;\"><\/span><\/p>\n","protected":false},"featured_media":2853,"template":"","meta":[],"product_brand":[],"product_cat":[36],"product_tag":[],"class_list":{"0":"post-2851","1":"product","2":"type-product","3":"status-publish","4":"has-post-thumbnail","6":"product_cat-ingrijirea-par-femei","7":"pa_brand-immortal","8":"pa_felul-produsului-tip-crema","9":"pa_producator-turcia","10":"pa_volum-1000ml","12":"first","13":"instock","14":"featured","15":"shipping-taxable","16":"purchasable","17":"product-type-simple"},"_links":{"self":[{"href":"https:\/\/cool-style.md\/ro\/wp-json\/wp\/v2\/product\/2851","targetHints":{"allow":["GET"]}}],"collection":[{"href":"https:\/\/cool-style.md\/ro\/wp-json\/wp\/v2\/product"}],"about":[{"href":"https:\/\/cool-style.md\/ro\/wp-json\/wp\/v2\/types\/product"}],"wp:featuredmedia":[{"embeddable":true,"href":"https:\/\/cool-style.md\/ro\/wp-json\/wp\/v2\/media\/2853"}],"wp:attachment":[{"href":"https:\/\/cool-style.md\/ro\/wp-json\/wp\/v2\/media?parent=2851"}],"wp:term":[{"taxonomy":"product_brand","embeddable":true,"href":"https:\/\/cool-style.md\/ro\/wp-json\/wp\/v2\/product_brand?post=2851"},{"taxonomy":"product_cat","embeddable":true,"href":"https:\/\/cool-style.md\/ro\/wp-json\/wp\/v2\/product_cat?post=2851"},{"taxonomy":"product_tag","embeddable":true,"href":"https:\/\/cool-style.md\/ro\/wp-json\/wp\/v2\/product_tag?post=2851"}],"curies":[{"name":"wp","href":"https:\/\/api.w.org\/{rel}","templated":true}]}}