{"id":2857,"date":"2024-05-10T12:58:39","date_gmt":"2024-05-10T12:58:39","guid":{"rendered":"https:\/\/cool-style.md\/?post_type=product&#038;p=2857"},"modified":"2024-12-06T16:02:41","modified_gmt":"2024-12-06T16:02:41","slug":"immortal-vegan-shampoo-500ml","status":"publish","type":"product","link":"https:\/\/cool-style.md\/ro\/product\/immortal-vegan-shampoo-500ml\/","title":{"rendered":"\u0218ampon revitalizant pentru p\u0103r Immortal Vegan Shampoo 500ml"},"content":{"rendered":"<h2><span style=\"font-size: 75%;\">\u0218ampon revitalizant pentru p\u0103r Immortal Vegan Shampoo <\/span><\/h2>\n<ul>\n<li>Ingrediente naturale;<\/li>\n<li>Con\u021bine vitamine;<\/li>\n<li>Revitalizeaz\u0103 p\u0103rul;<\/li>\n<li>\u00cenmoaie \u0219i adaug\u0103 str\u0103lucire;<\/li>\n<li>Ofer\u0103 volum;<\/li>\n<\/ul>\n<p><span style=\"font-size: 100%;\"><a href=\"https:\/\/cool-style.md\/wp-content\/uploads\/2024\/05\/Cool-style.md-Immortal-Vegan-Serie-e1715331273603.jpg\"><img decoding=\"async\" class=\"wp-image-2850 aligncenter\" src=\"https:\/\/cool-style.md\/wp-content\/uploads\/2024\/05\/Cool-style.md-Immortal-Vegan-Serie-e1715331273603-676x400.jpg\" alt=\"Cool-style.md Immortal Vegan Serie\" width=\"441\" height=\"261\" srcset=\"https:\/\/cool-style.md\/wp-content\/uploads\/2024\/05\/Cool-style.md-Immortal-Vegan-Serie-e1715331273603-676x400.jpg 676w, https:\/\/cool-style.md\/wp-content\/uploads\/2024\/05\/Cool-style.md-Immortal-Vegan-Serie-e1715331273603-768x454.jpg 768w, https:\/\/cool-style.md\/wp-content\/uploads\/2024\/05\/Cool-style.md-Immortal-Vegan-Serie-e1715331273603-510x302.jpg 510w, https:\/\/cool-style.md\/wp-content\/uploads\/2024\/05\/Cool-style.md-Immortal-Vegan-Serie-e1715331273603.jpg 1080w\" sizes=\"(max-width: 441px) 100vw, 441px\" \/><\/a><a href=\"https:\/\/cool-style.md\/wp-content\/uploads\/2024\/05\/istockphoto-1127356957-612x612-1.jpg\"><img decoding=\"async\" class=\"wp-image-2847 alignleft\" src=\"https:\/\/cool-style.md\/wp-content\/uploads\/2024\/05\/istockphoto-1127356957-612x612-1.jpg\" alt=\"Vegan\" width=\"76\" height=\"76\" srcset=\"https:\/\/cool-style.md\/wp-content\/uploads\/2024\/05\/istockphoto-1127356957-612x612-1.jpg 169w, https:\/\/cool-style.md\/wp-content\/uploads\/2024\/05\/istockphoto-1127356957-612x612-1-100x100.jpg 100w\" sizes=\"(max-width: 76px) 100vw, 76px\" \/><\/a><\/span><\/p>\n<p><span style=\"font-size: 100%;\">Datorit\u0103 vitaminelor \u0219i celor 11 extracte naturale pe care le con\u021bine, \u0219amponul pentru p\u0103r <a href=\"https:\/\/immortal.com.tr\/\" target=\"_blank\" rel=\"noopener\">Immortal<\/a> asigur\u0103 \u00eengrijirea \u0219i restaurarea p\u0103rului. Hidrateaz\u0103 \u0219i hr\u0103ne\u0219te p\u0103rul, \u00eei confer\u0103 str\u0103lucire. Keratina vegetal\u0103 re\u021bine umiditatea p\u0103rului \u0219i \u00eei confer\u0103 moliciune \u0219i str\u0103lucire m\u0103t\u0103soas\u0103. Sus\u021bine p\u0103rul, f\u0103c\u00e2ndu-l mai gros \u0219i mai voluminos, controleaz\u0103 staticitatea p\u0103rului, nu \u00eengreuneaz\u0103 p\u0103rul, f\u0103c\u00e2ndu-l mai rezistent la rupere. Potrivit <a href=\"https:\/\/cool-style.md\/ro\/product-category\/cosmetice-barbati\/coafarea-barbati\/\">pentru toate tipurile de p\u0103r<\/a>.<\/span><\/p>\n<p><span style=\"font-size: 100%;\"><strong>Volum:<\/strong> 500 ml<\/span><\/p>\n<p><span style=\"font-size: 100%;\"><strong>Mod de utilizare:<\/strong> Aplica\u021bi cantitatea necesar\u0103 de \u0219ampon pe p\u0103rul umed. Maseaz\u0103-\u021bi p\u0103rul p\u00e2n\u0103 se formeaz\u0103 o spum\u0103 groas\u0103, apoi cl\u0103te\u0219te-te cu ap\u0103 cald\u0103. Repeta\u021bi procesul dup\u0103 cum este necesar.<\/span><\/p>\n<p><span style=\"font-size: 100%;\"><strong>Aten\u021bie:<\/strong> numai pentru uz extern. \u00cen caz de contact cu ochii, cl\u0103ti\u021bi cu mult\u0103 ap\u0103. A nu se lasa la indemana copiilor.<\/span><\/p>","protected":false},"excerpt":{"rendered":"<p><span style=\"font-size: 100%;\">Immortal Vegan Shampoo datorit\u0103 vitaminelor \u0219i celor 11 extracte naturale pe care le con\u021bine, asigur\u0103 \u00eengrijirea \u0219i restaurarea p\u0103rului.<\/span><span style=\"font-size: 100%;\"><\/span><\/p>\n","protected":false},"featured_media":3238,"template":"","meta":[],"product_brand":[],"product_cat":[36],"product_tag":[],"class_list":{"0":"post-2857","1":"product","2":"type-product","3":"status-publish","4":"has-post-thumbnail","6":"product_cat-ingrijirea-par-femei","7":"pa_brand-immortal","8":"pa_felul-produsului-tip-sampon","9":"pa_producator-turcia","10":"pa_volum-500ml","12":"first","13":"instock","14":"featured","15":"shipping-taxable","16":"purchasable","17":"product-type-simple"},"_links":{"self":[{"href":"https:\/\/cool-style.md\/ro\/wp-json\/wp\/v2\/product\/2857","targetHints":{"allow":["GET"]}}],"collection":[{"href":"https:\/\/cool-style.md\/ro\/wp-json\/wp\/v2\/product"}],"about":[{"href":"https:\/\/cool-style.md\/ro\/wp-json\/wp\/v2\/types\/product"}],"wp:featuredmedia":[{"embeddable":true,"href":"https:\/\/cool-style.md\/ro\/wp-json\/wp\/v2\/media\/3238"}],"wp:attachment":[{"href":"https:\/\/cool-style.md\/ro\/wp-json\/wp\/v2\/media?parent=2857"}],"wp:term":[{"taxonomy":"product_brand","embeddable":true,"href":"https:\/\/cool-style.md\/ro\/wp-json\/wp\/v2\/product_brand?post=2857"},{"taxonomy":"product_cat","embeddable":true,"href":"https:\/\/cool-style.md\/ro\/wp-json\/wp\/v2\/product_cat?post=2857"},{"taxonomy":"product_tag","embeddable":true,"href":"https:\/\/cool-style.md\/ro\/wp-json\/wp\/v2\/product_tag?post=2857"}],"curies":[{"name":"wp","href":"https:\/\/api.w.org\/{rel}","templated":true}]}}