{"id":2868,"date":"2024-05-10T13:32:11","date_gmt":"2024-05-10T13:32:11","guid":{"rendered":"https:\/\/cool-style.md\/?post_type=product&#038;p=2868"},"modified":"2024-12-06T16:04:59","modified_gmt":"2024-12-06T16:04:59","slug":"immortal-vegan-intense-hair-mask-500ml","status":"publish","type":"product","link":"https:\/\/cool-style.md\/ro\/product\/immortal-vegan-intense-hair-mask-500ml\/","title":{"rendered":"Masc\u0103 nutritiv\u0103 pentru p\u0103r Immortal Vegan Intense Hair Mask 500ml"},"content":{"rendered":"<h2><span style=\"font-size: 75%;\">Masc\u0103 nutritiv\u0103 pentru p\u0103r\u00a0Immortal Vegan Intense Hair Mask<\/span><\/h2>\n<ul>\n<li>Ingrediente naturale;<\/li>\n<li>Con\u021bine vitamine;<\/li>\n<li>Revitalizeaz\u0103 p\u0103rul;<\/li>\n<li>\u00cenmoaie \u0219i adaug\u0103 str\u0103lucire;<\/li>\n<li>Ofer\u0103 volum;<\/li>\n<\/ul>\n<p><span style=\"font-size: 100%;\"><a href=\"https:\/\/cool-style.md\/wp-content\/uploads\/2024\/05\/Cool-style.md-Immortal-Vegan-Serie-e1715331273603.jpg\"><img decoding=\"async\" class=\"wp-image-2850 aligncenter\" src=\"https:\/\/cool-style.md\/wp-content\/uploads\/2024\/05\/Cool-style.md-Immortal-Vegan-Serie-e1715331273603-676x400.jpg\" alt=\"Cool-style.md Immortal Vegan Serie\" width=\"441\" height=\"261\" srcset=\"https:\/\/cool-style.md\/wp-content\/uploads\/2024\/05\/Cool-style.md-Immortal-Vegan-Serie-e1715331273603-676x400.jpg 676w, https:\/\/cool-style.md\/wp-content\/uploads\/2024\/05\/Cool-style.md-Immortal-Vegan-Serie-e1715331273603-768x454.jpg 768w, https:\/\/cool-style.md\/wp-content\/uploads\/2024\/05\/Cool-style.md-Immortal-Vegan-Serie-e1715331273603-510x302.jpg 510w, https:\/\/cool-style.md\/wp-content\/uploads\/2024\/05\/Cool-style.md-Immortal-Vegan-Serie-e1715331273603.jpg 1080w\" sizes=\"(max-width: 441px) 100vw, 441px\" \/><\/a><a href=\"https:\/\/cool-style.md\/wp-content\/uploads\/2024\/05\/istockphoto-1127356957-612x612-1.jpg\"><img decoding=\"async\" class=\"wp-image-2847 alignleft\" src=\"https:\/\/cool-style.md\/wp-content\/uploads\/2024\/05\/istockphoto-1127356957-612x612-1.jpg\" alt=\"Vegan\" width=\"76\" height=\"76\" srcset=\"https:\/\/cool-style.md\/wp-content\/uploads\/2024\/05\/istockphoto-1127356957-612x612-1.jpg 169w, https:\/\/cool-style.md\/wp-content\/uploads\/2024\/05\/istockphoto-1127356957-612x612-1-100x100.jpg 100w\" sizes=\"(max-width: 76px) 100vw, 76px\" \/><\/a><\/span><\/p>\n<p><span style=\"font-size: 100%;\">Datorit\u0103 vitaminelor \u0219i celor 11 extracte naturale pe care le con\u021bine, masc\u0103 de p\u0103r <a href=\"https:\/\/immortal.com.tr\/\" target=\"_blank\" rel=\"noopener\">Immortal<\/a> asigur\u0103 \u00eengrijirea \u0219i restaurarea p\u0103rului. Masc\u0103 nutritiv\u0103 hr\u0103ne\u0219te instantaneu p\u0103rul \u0219i \u00eei confer\u0103 volum natural, \u00eendrept\u00e2nd p\u0103rul cre\u021b. Ofer\u0103 piept\u0103nare u\u0219oar\u0103, face p\u0103rul moale, neted \u0219i str\u0103lucitor. Potrivit <a href=\"https:\/\/cool-style.md\/ro\/product-category\/cosmetice-barbati\/coafarea-barbati\/\">pentru toate tipurile de p\u0103r<\/a>.<\/span><\/p>\n<p><span style=\"font-size: 100%;\"><strong>Volum:<\/strong> 500 ml<\/span><\/p>\n<p><span style=\"font-size: 100%;\"><strong>Mod de utilizare:<\/strong> Aplica\u021bi pe p\u0103rul curat \u0219i umed dup\u0103 \u0219amponare cu mi\u0219c\u0103ri u\u0219oare de masaj. Cl\u0103ti\u021bi cu ap\u0103 cald\u0103 dup\u0103 c\u00e2teva minute.<\/span><\/p>\n<p><span style=\"font-size: 100%;\"><strong>Aten\u021bie:<\/strong> numai pentru uz extern. \u00cen caz de contact cu ochii, cl\u0103ti\u021bi cu mult\u0103 ap\u0103. A nu se lasa la indemana copiilor.<\/span><\/p>","protected":false},"excerpt":{"rendered":"<p><span style=\"font-size: 100%;\">Immortal Vegan Intense Hair Mask hr\u0103ne\u0219te instantaneu p\u0103rul \u0219i \u00eei confer\u0103 volum natural, \u00eendrept\u00e2nd p\u0103rul cre\u021b.<\/span><span style=\"font-size: 100%;\"><\/span><\/p>\n","protected":false},"featured_media":3241,"template":"","meta":[],"product_brand":[],"product_cat":[36],"product_tag":[],"class_list":{"0":"post-2868","1":"product","2":"type-product","3":"status-publish","4":"has-post-thumbnail","6":"product_cat-ingrijirea-par-femei","7":"pa_brand-immortal","8":"pa_felul-produsului-tip-masca","9":"pa_producator-turcia","10":"pa_volum-500ml","12":"first","13":"instock","14":"featured","15":"shipping-taxable","16":"purchasable","17":"product-type-simple"},"_links":{"self":[{"href":"https:\/\/cool-style.md\/ro\/wp-json\/wp\/v2\/product\/2868","targetHints":{"allow":["GET"]}}],"collection":[{"href":"https:\/\/cool-style.md\/ro\/wp-json\/wp\/v2\/product"}],"about":[{"href":"https:\/\/cool-style.md\/ro\/wp-json\/wp\/v2\/types\/product"}],"wp:featuredmedia":[{"embeddable":true,"href":"https:\/\/cool-style.md\/ro\/wp-json\/wp\/v2\/media\/3241"}],"wp:attachment":[{"href":"https:\/\/cool-style.md\/ro\/wp-json\/wp\/v2\/media?parent=2868"}],"wp:term":[{"taxonomy":"product_brand","embeddable":true,"href":"https:\/\/cool-style.md\/ro\/wp-json\/wp\/v2\/product_brand?post=2868"},{"taxonomy":"product_cat","embeddable":true,"href":"https:\/\/cool-style.md\/ro\/wp-json\/wp\/v2\/product_cat?post=2868"},{"taxonomy":"product_tag","embeddable":true,"href":"https:\/\/cool-style.md\/ro\/wp-json\/wp\/v2\/product_tag?post=2868"}],"curies":[{"name":"wp","href":"https:\/\/api.w.org\/{rel}","templated":true}]}}