{"id":2873,"date":"2024-05-10T13:50:33","date_gmt":"2024-05-10T13:50:33","guid":{"rendered":"https:\/\/cool-style.md\/?post_type=product&#038;p=2873"},"modified":"2024-12-06T16:06:13","modified_gmt":"2024-12-06T16:06:13","slug":"immortal-vegan-silver-shampoo-500ml","status":"publish","type":"product","link":"https:\/\/cool-style.md\/ro\/product\/immortal-vegan-silver-shampoo-500ml\/","title":{"rendered":"\u0218ampon pentru p\u0103r \u00eempotriva pigmentului galben Immortal Vegan Silver Shampoo 500ml"},"content":{"rendered":"<h2><span style=\"font-size: 75%;\">\u0218ampon pentru p\u0103r \u00eempotriva pigmentului galben Immortal Vegan Silver Shampoo<\/span><\/h2>\n<ul>\n<li>Ingrediente naturale;<\/li>\n<li>Cur\u0103\u021b\u0103 \u0219i catifeleaz\u0103 p\u0103rul;<\/li>\n<li>Neutralizeaz\u0103 tonurile galbene;<\/li>\n<li>Men\u021bine luminozitatea culorii;<\/li>\n<li>Ofer\u0103 o str\u0103lucire s\u0103n\u0103toas\u0103.<\/li>\n<\/ul>\n<p><span style=\"font-size: 100%;\"><a href=\"https:\/\/cool-style.md\/wp-content\/uploads\/2024\/05\/Cool-style.md-Immortal-Vegan-Silver-Shampoo.jpg\"><img decoding=\"async\" class=\"wp-image-2872 alignright\" src=\"https:\/\/cool-style.md\/wp-content\/uploads\/2024\/05\/Cool-style.md-Immortal-Vegan-Silver-Shampoo-250x400.jpg\" alt=\"Immortal Vegan Silver Shampoo\" width=\"188\" height=\"301\" srcset=\"https:\/\/cool-style.md\/wp-content\/uploads\/2024\/05\/Cool-style.md-Immortal-Vegan-Silver-Shampoo-250x400.jpg 250w, https:\/\/cool-style.md\/wp-content\/uploads\/2024\/05\/Cool-style.md-Immortal-Vegan-Silver-Shampoo.jpg 333w\" sizes=\"(max-width: 188px) 100vw, 188px\" \/><\/a><a href=\"https:\/\/cool-style.md\/wp-content\/uploads\/2024\/05\/istockphoto-1127356957-612x612-1.jpg\"><img decoding=\"async\" class=\"wp-image-2847 alignleft\" src=\"https:\/\/cool-style.md\/wp-content\/uploads\/2024\/05\/istockphoto-1127356957-612x612-1.jpg\" alt=\"Vegan\" width=\"76\" height=\"76\" srcset=\"https:\/\/cool-style.md\/wp-content\/uploads\/2024\/05\/istockphoto-1127356957-612x612-1.jpg 169w, https:\/\/cool-style.md\/wp-content\/uploads\/2024\/05\/istockphoto-1127356957-612x612-1-100x100.jpg 100w\" sizes=\"(max-width: 76px) 100vw, 76px\" \/><\/a><\/span><\/p>\n<p><span style=\"font-size: 100%;\">\u0218amponul <a href=\"https:\/\/immortal.com.tr\/\" target=\"_blank\" rel=\"noopener\">Immortal<\/a>cu func\u021bie de \u00eengrijire \u0219i protec\u021bie neutralizeaz\u0103 nuan\u021bele galben-portocalii nedorite din p\u0103r, datorit\u0103 pigmen\u021bilor speciali din compozi\u021bie. \u0218amponul ofer\u0103 o \u00eengrijire eficient\u0103, previne albirea \u0219i decolorarea p\u0103rului sub influen\u021ba timpului \u0219i a soarelui, contribuind la crearea p\u0103rului str\u0103lucitor. Datorit\u0103 formulei sale de neutralizare a culorii, men\u021bine durabilitatea p\u0103rului vopsit. Potrivit <a href=\"https:\/\/cool-style.md\/ro\/product-category\/cosmetice-barbati\/coafarea-barbati\/\">pentru toate tipurile de p\u0103r<\/a>.<\/span><\/p>\n<p><span style=\"font-size: 100%;\"><strong>Volum:<\/strong> 500 ml<\/span><\/p>\n<p><span style=\"font-size: 100%;\"><strong>Mod de utilizare:<\/strong> Aplica\u021bi cantitatea necesar\u0103 de \u0219ampon pe p\u0103rul umed. Maseaz\u0103-\u021bi p\u0103rul p\u00e2n\u0103 se formeaz\u0103 o spum\u0103 groas\u0103, apoi cl\u0103te\u0219te-te cu ap\u0103 cald\u0103. Repeta\u021bi procesul dup\u0103 cum este necesar.<\/span><\/p>\n<p><span style=\"font-size: 100%;\"><strong>Aten\u021bie:<\/strong> numai pentru uz extern. \u00cen caz de contact cu ochii, cl\u0103ti\u021bi cu mult\u0103 ap\u0103. A nu se lasa la indemana copiilor.<\/span><\/p>","protected":false},"excerpt":{"rendered":"<p><span style=\"font-size: 100%;\">Immortal Vegan Silver Shampoo neutralizeaz\u0103 nuan\u021bele galben-portocalii nedorite din p\u0103r, datorit\u0103 pigmen\u021bilor speciali din compozi\u021bie.<\/span><span style=\"font-size: 100%;\"><\/span><\/p>\n","protected":false},"featured_media":3242,"template":"","meta":[],"product_brand":[],"product_cat":[36],"product_tag":[],"class_list":{"0":"post-2873","1":"product","2":"type-product","3":"status-publish","4":"has-post-thumbnail","6":"product_cat-ingrijirea-par-femei","7":"pa_brand-immortal","8":"pa_felul-produsului-tip-sampon","9":"pa_producator-turcia","10":"pa_volum-500ml","12":"first","13":"instock","14":"featured","15":"shipping-taxable","16":"purchasable","17":"product-type-simple"},"_links":{"self":[{"href":"https:\/\/cool-style.md\/ro\/wp-json\/wp\/v2\/product\/2873","targetHints":{"allow":["GET"]}}],"collection":[{"href":"https:\/\/cool-style.md\/ro\/wp-json\/wp\/v2\/product"}],"about":[{"href":"https:\/\/cool-style.md\/ro\/wp-json\/wp\/v2\/types\/product"}],"wp:featuredmedia":[{"embeddable":true,"href":"https:\/\/cool-style.md\/ro\/wp-json\/wp\/v2\/media\/3242"}],"wp:attachment":[{"href":"https:\/\/cool-style.md\/ro\/wp-json\/wp\/v2\/media?parent=2873"}],"wp:term":[{"taxonomy":"product_brand","embeddable":true,"href":"https:\/\/cool-style.md\/ro\/wp-json\/wp\/v2\/product_brand?post=2873"},{"taxonomy":"product_cat","embeddable":true,"href":"https:\/\/cool-style.md\/ro\/wp-json\/wp\/v2\/product_cat?post=2873"},{"taxonomy":"product_tag","embeddable":true,"href":"https:\/\/cool-style.md\/ro\/wp-json\/wp\/v2\/product_tag?post=2873"}],"curies":[{"name":"wp","href":"https:\/\/api.w.org\/{rel}","templated":true}]}}