{"id":2911,"date":"2024-05-14T11:08:38","date_gmt":"2024-05-14T11:08:38","guid":{"rendered":"https:\/\/cool-style.md\/?post_type=product&#038;p=2911"},"modified":"2024-12-06T16:11:30","modified_gmt":"2024-12-06T16:11:30","slug":"immortal-big-pink-matte-pomade","status":"publish","type":"product","link":"https:\/\/cool-style.md\/ro\/product\/immortal-big-pink-matte-pomade\/","title":{"rendered":"Pomad\u0103 mat\u0103 pentru p\u0103r Immortal Big Pink Matte Pomade 100ml"},"content":{"rendered":"<h2><span style=\"font-size: 75%;\">Pomad\u0103 mat\u0103 pentru p\u0103r Immortal Big Pink Matte Pomade<\/span><\/h2>\n<ul>\n<li><span style=\"font-size: 100%;\">Coafare u\u0219oar\u0103 \u0219i rapid\u0103;<\/span><\/li>\n<li><span style=\"font-size: 100%;\">Potrivit pentru p\u0103r de orice lungime;<\/span><\/li>\n<li><span style=\"font-size: 100%;\">Fixare medie;<\/span><\/li>\n<li>Ofer\u0103 un aspect mat natural;<\/li>\n<li><span style=\"font-size: 100%;\">Nu \u00eengreuneaz\u0103 p\u0103rul;<\/span><\/li>\n<li><span style=\"font-size: 100%;\">Se spal\u0103 la \u0219amponare.<a href=\"https:\/\/cool-style.md\/wp-content\/uploads\/2024\/05\/Cool-style.md-Immortal-Big-Pink-Matte-Pomade-100ml-.jpg\"><img decoding=\"async\" class=\"aligncenter wp-image-2912\" src=\"https:\/\/cool-style.md\/wp-content\/uploads\/2024\/05\/Cool-style.md-Immortal-Big-Pink-Matte-Pomade-100ml--400x400.jpg\" alt=\"Immortal Big Pink Matte Pomade\" width=\"265\" height=\"265\" srcset=\"https:\/\/cool-style.md\/wp-content\/uploads\/2024\/05\/Cool-style.md-Immortal-Big-Pink-Matte-Pomade-100ml--400x400.jpg 400w, https:\/\/cool-style.md\/wp-content\/uploads\/2024\/05\/Cool-style.md-Immortal-Big-Pink-Matte-Pomade-100ml--800x800.jpg 800w, https:\/\/cool-style.md\/wp-content\/uploads\/2024\/05\/Cool-style.md-Immortal-Big-Pink-Matte-Pomade-100ml--280x280.jpg 280w, https:\/\/cool-style.md\/wp-content\/uploads\/2024\/05\/Cool-style.md-Immortal-Big-Pink-Matte-Pomade-100ml--768x768.jpg 768w, https:\/\/cool-style.md\/wp-content\/uploads\/2024\/05\/Cool-style.md-Immortal-Big-Pink-Matte-Pomade-100ml--300x300.jpg 300w, https:\/\/cool-style.md\/wp-content\/uploads\/2024\/05\/Cool-style.md-Immortal-Big-Pink-Matte-Pomade-100ml--510x510.jpg 510w, https:\/\/cool-style.md\/wp-content\/uploads\/2024\/05\/Cool-style.md-Immortal-Big-Pink-Matte-Pomade-100ml--100x100.jpg 100w, https:\/\/cool-style.md\/wp-content\/uploads\/2024\/05\/Cool-style.md-Immortal-Big-Pink-Matte-Pomade-100ml-.jpg 1080w\" sizes=\"(max-width: 265px) 100vw, 265px\" \/><\/a><\/span><\/li>\n<\/ul>\n<p><span style=\"font-size: 100%;\"><a href=\"https:\/\/cool-style.md\/wp-content\/uploads\/2024\/05\/Cool-style.md-Immortal-Fixare-5-Stralucire-1-RO.png\"><img decoding=\"async\" class=\"alignleft wp-image-2914\" src=\"https:\/\/cool-style.md\/wp-content\/uploads\/2024\/05\/Cool-style.md-Immortal-Fixare-5-Stralucire-1-RO.png\" alt=\"Immortal Fixare 5, Stralucire 1\" width=\"225\" height=\"92\" srcset=\"https:\/\/cool-style.md\/wp-content\/uploads\/2024\/05\/Cool-style.md-Immortal-Fixare-5-Stralucire-1-RO.png 574w, https:\/\/cool-style.md\/wp-content\/uploads\/2024\/05\/Cool-style.md-Immortal-Fixare-5-Stralucire-1-RO-510x209.png 510w\" sizes=\"(max-width: 225px) 100vw, 225px\" \/><\/a>Pomad\u0103 mat\u0103 pentru aranjarea p\u0103rului <a href=\"https:\/\/immortal.com.tr\/\" target=\"_blank\" rel=\"noopener\">Immortal<\/a> ajut\u0103 la modelarea p\u0103rului. Formula ofer\u0103 o fixare flexibil\u0103, asigur\u0103 coafura \u0219i ofer\u0103 p\u0103rului\u00a0<\/span><span style=\"font-size: 14.4px;\">volum <\/span><span style=\"font-size: 14.4px;\">\u0219i<\/span><span style=\"font-size: 100%;\">\u00a0aspect mat. Potrivit\u0103 pentru crearea de coafuri casual. Nu las\u0103 urme pe p\u0103r sau luciu gras. Se potrive\u0219te Potrivit\u0103 <\/span><a style=\"font-size: 100%;\" href=\"https:\/\/cool-style.md\/ro\/product-category\/cosmetice-barbati\/coafarea-barbati\/\">pentru toate tipurile de p\u0103r<\/a><span style=\"font-size: 100%;\">.<\/span><\/p>\n<p><span style=\"font-size: 100%;\"><strong>Fixare:<\/strong> medie<\/span><\/p>\n<p><span style=\"font-size: 100%;\"><strong>Volum:<\/strong> 100 ml<\/span><\/p>\n<p><span style=\"font-size: 100%;\"><strong>Mod de utilizare:<\/strong> Freca\u021bi o cantitate mic\u0103 de pomad\u0103 \u00eentre palme. Aplica\u021bi uniform pe p\u0103rul curat \u0219i umed \u0219i crea\u021bi forma dorit\u0103.<\/span><\/p>\n<p><span style=\"font-size: 100%;\"><strong>Aten\u021bie:<\/strong> numai pentru uz extern. \u00cen caz de contact cu ochii, cl\u0103ti\u021bi cu mult\u0103 ap\u0103. A nu se lasa la indemana copiilor.<\/span><\/p>","protected":false},"excerpt":{"rendered":"<p><span style=\"font-size: 100%;\">Immortal Big Pink Matte Pomade ofer\u0103 o fixare flexibil\u0103, asigur\u0103 coafura \u0219i confer\u0103\u00a0p\u0103rului\u00a0<span style=\"font-size: 14.4px;\">volum <\/span><span style=\"font-size: 14.4px;\">\u0219i <\/span>aspect mat.<\/span><span style=\"font-size: 100%;\"><\/span><\/p>\n","protected":false},"featured_media":2913,"template":"","meta":[],"product_brand":[],"product_cat":[30],"product_tag":[],"class_list":{"0":"post-2911","1":"product","2":"type-product","3":"status-publish","4":"has-post-thumbnail","6":"product_cat-coafarea-barbati","7":"pa_brand-immortal","8":"pa_felul-produsului-tip-ceara","9":"pa_fixare-medie","10":"pa_producator-turcia","11":"pa_volum-100ml","13":"first","14":"instock","15":"featured","16":"shipping-taxable","17":"purchasable","18":"product-type-simple"},"_links":{"self":[{"href":"https:\/\/cool-style.md\/ro\/wp-json\/wp\/v2\/product\/2911","targetHints":{"allow":["GET"]}}],"collection":[{"href":"https:\/\/cool-style.md\/ro\/wp-json\/wp\/v2\/product"}],"about":[{"href":"https:\/\/cool-style.md\/ro\/wp-json\/wp\/v2\/types\/product"}],"wp:featuredmedia":[{"embeddable":true,"href":"https:\/\/cool-style.md\/ro\/wp-json\/wp\/v2\/media\/2913"}],"wp:attachment":[{"href":"https:\/\/cool-style.md\/ro\/wp-json\/wp\/v2\/media?parent=2911"}],"wp:term":[{"taxonomy":"product_brand","embeddable":true,"href":"https:\/\/cool-style.md\/ro\/wp-json\/wp\/v2\/product_brand?post=2911"},{"taxonomy":"product_cat","embeddable":true,"href":"https:\/\/cool-style.md\/ro\/wp-json\/wp\/v2\/product_cat?post=2911"},{"taxonomy":"product_tag","embeddable":true,"href":"https:\/\/cool-style.md\/ro\/wp-json\/wp\/v2\/product_tag?post=2911"}],"curies":[{"name":"wp","href":"https:\/\/api.w.org\/{rel}","templated":true}]}}