{"id":2922,"date":"2024-05-14T11:48:59","date_gmt":"2024-05-14T11:48:59","guid":{"rendered":"https:\/\/cool-style.md\/?post_type=product&#038;p=2922"},"modified":"2024-12-06T16:12:12","modified_gmt":"2024-12-06T16:12:12","slug":"immortal-black-hair-styling-wax","status":"publish","type":"product","link":"https:\/\/cool-style.md\/ro\/product\/immortal-black-hair-styling-wax\/","title":{"rendered":"Cear\u0103 colorat\u0103 pentru p\u0103r Immortal Black Hair Styling Wax 100ml"},"content":{"rendered":"<h2><span style=\"font-size: 75%;\">Cear\u0103 colorat\u0103 pentru p\u0103r Immortal Black Hair Styling Wax<\/span><\/h2>\n<ul>\n<li><span style=\"font-size: 100%;\">Coafare u\u0219oar\u0103 \u0219i rapid\u0103;<\/span><\/li>\n<li><span style=\"font-size: 100%;\">Potrivit pentru p\u0103r de orice lungime;<\/span><\/li>\n<li><span style=\"font-size: 100%;\">Fixare medie;<\/span><\/li>\n<li>Coloreaz\u0103 p\u0103rul la coafare;<\/li>\n<li><span style=\"font-size: 100%;\">Nu \u00eengreuneaz\u0103 p\u0103rul;<\/span><\/li>\n<li><span style=\"font-size: 100%;\">Se spal\u0103 la \u0219amponare.<a href=\"https:\/\/cool-style.md\/wp-content\/uploads\/2024\/05\/Cool-style.md-Immortal-Black-Hair-Styling-Wax-100ml.jpg\"><img decoding=\"async\" class=\"aligncenter wp-image-2923\" src=\"https:\/\/cool-style.md\/wp-content\/uploads\/2024\/05\/Cool-style.md-Immortal-Black-Hair-Styling-Wax-100ml-400x400.jpg\" alt=\"Immortal Black Hair Styling Wax\" width=\"234\" height=\"234\" srcset=\"https:\/\/cool-style.md\/wp-content\/uploads\/2024\/05\/Cool-style.md-Immortal-Black-Hair-Styling-Wax-100ml-400x400.jpg 400w, https:\/\/cool-style.md\/wp-content\/uploads\/2024\/05\/Cool-style.md-Immortal-Black-Hair-Styling-Wax-100ml-280x280.jpg 280w, https:\/\/cool-style.md\/wp-content\/uploads\/2024\/05\/Cool-style.md-Immortal-Black-Hair-Styling-Wax-100ml-300x300.jpg 300w, https:\/\/cool-style.md\/wp-content\/uploads\/2024\/05\/Cool-style.md-Immortal-Black-Hair-Styling-Wax-100ml-510x510.jpg 510w, https:\/\/cool-style.md\/wp-content\/uploads\/2024\/05\/Cool-style.md-Immortal-Black-Hair-Styling-Wax-100ml-100x100.jpg 100w, https:\/\/cool-style.md\/wp-content\/uploads\/2024\/05\/Cool-style.md-Immortal-Black-Hair-Styling-Wax-100ml.jpg 700w\" sizes=\"(max-width: 234px) 100vw, 234px\" \/><\/a><\/span><\/li>\n<\/ul>\n<p><span style=\"font-size: 100%;\">Cear\u0103 pentru aranjarea p\u0103rului <a href=\"https:\/\/immortal.com.tr\/\" target=\"_blank\" rel=\"noopener\">Immortal<\/a> ajut\u0103 la modelarea p\u0103rului. Ceara vopse\u0219te p\u0103rul \u00een negru chiar \u00een timpul coaf\u0103rii. Are o textur\u0103 cremoas\u0103 pe baz\u0103 de ap\u0103. Potrivit\u0103 <a href=\"https:\/\/cool-style.md\/ro\/product-category\/cosmetice-barbati\/coafarea-barbati\/\">pentru toate tipurile de p\u0103r<\/a>.<\/span><\/p>\n<p><span style=\"font-size: 100%;\"><strong>Fixare:<\/strong> medie<\/span><\/p>\n<p><span style=\"font-size: 100%;\"><strong>Volum:<\/strong> 100 ml<\/span><\/p>\n<p><span style=\"font-size: 100%;\"><strong>Mod de utilizare:<\/strong> Folosi\u021bi m\u0103nu\u0219i. Freca\u021bi o cantitate mic\u0103 de ruj \u00eentre palme. Aplica\u021bi un strat uniform pe p\u0103rul curat \u0219i u\u0219or umed \u0219i crea\u021bi forma dorit\u0103. Nu aplica\u021bi pe r\u0103d\u0103cinile p\u0103rului sau pe barb\u0103.<\/span><\/p>\n<p><span style=\"font-size: 100%;\"><strong>Aten\u021bie:<\/strong> numai pentru uz extern. \u00cen caz de contact cu ochii, cl\u0103ti\u021bi cu mult\u0103 ap\u0103. A nu se lasa la indemana copiilor.<\/span><\/p>","protected":false},"excerpt":{"rendered":"<p><span style=\"font-size: 100%;\">Immortal Black Hair Styling Wax vopse\u0219te p\u0103rul \u00een negru chiar \u00een timpul coaf\u0103rii.<\/span><span style=\"font-size: 100%;\"><\/span><\/p>\n","protected":false},"featured_media":2924,"template":"","meta":[],"product_brand":[],"product_cat":[30],"product_tag":[],"class_list":{"0":"post-2922","1":"product","2":"type-product","3":"status-publish","4":"has-post-thumbnail","6":"product_cat-coafarea-barbati","7":"pa_brand-immortal","8":"pa_felul-produsului-tip-ceara","9":"pa_fixare-medie","10":"pa_producator-turcia","11":"pa_volum-100ml","13":"first","14":"instock","15":"featured","16":"shipping-taxable","17":"purchasable","18":"product-type-simple"},"_links":{"self":[{"href":"https:\/\/cool-style.md\/ro\/wp-json\/wp\/v2\/product\/2922","targetHints":{"allow":["GET"]}}],"collection":[{"href":"https:\/\/cool-style.md\/ro\/wp-json\/wp\/v2\/product"}],"about":[{"href":"https:\/\/cool-style.md\/ro\/wp-json\/wp\/v2\/types\/product"}],"wp:featuredmedia":[{"embeddable":true,"href":"https:\/\/cool-style.md\/ro\/wp-json\/wp\/v2\/media\/2924"}],"wp:attachment":[{"href":"https:\/\/cool-style.md\/ro\/wp-json\/wp\/v2\/media?parent=2922"}],"wp:term":[{"taxonomy":"product_brand","embeddable":true,"href":"https:\/\/cool-style.md\/ro\/wp-json\/wp\/v2\/product_brand?post=2922"},{"taxonomy":"product_cat","embeddable":true,"href":"https:\/\/cool-style.md\/ro\/wp-json\/wp\/v2\/product_cat?post=2922"},{"taxonomy":"product_tag","embeddable":true,"href":"https:\/\/cool-style.md\/ro\/wp-json\/wp\/v2\/product_tag?post=2922"}],"curies":[{"name":"wp","href":"https:\/\/api.w.org\/{rel}","templated":true}]}}