{"id":2941,"date":"2024-05-14T14:08:19","date_gmt":"2024-05-14T14:08:19","guid":{"rendered":"https:\/\/cool-style.md\/?post_type=product&#038;p=2941"},"modified":"2024-12-06T16:15:17","modified_gmt":"2024-12-06T16:15:17","slug":"immortal-infuse-iconic-men-cream-pomade","status":"publish","type":"product","link":"https:\/\/cool-style.md\/ro\/product\/immortal-infuse-iconic-men-cream-pomade\/","title":{"rendered":"Crem\u0103-pomad\u0103 pentru p\u0103r Immortal Infuse Iconic Men Cream Pomade 150ml"},"content":{"rendered":"<h2><span style=\"font-size: 75%;\">Crem\u0103-pomad\u0103 pentru p\u0103r Immortal Infuse Iconic Men Cream Pomade<\/span><\/h2>\n<ul>\n<li><span style=\"font-size: 100%;\">Coafare u\u0219oar\u0103 \u0219i rapid\u0103;<\/span><\/li>\n<li><span style=\"font-size: 100%;\">Potrivit pentru p\u0103r de orice lungime;<\/span><\/li>\n<li><span style=\"font-size: 100%;\">Fixare medie;<\/span><\/li>\n<li>Ofer\u0103 un aspect natural;<\/li>\n<li><span style=\"font-size: 100%;\">Nu \u00eengreuneaz\u0103 p\u0103rul;<\/span><\/li>\n<li><span style=\"font-size: 100%;\">Se spal\u0103 la \u0219amponare.<a href=\"https:\/\/cool-style.md\/wp-content\/uploads\/2024\/05\/Cool-style.md-Immortal-Infuse-Wax-Iconic-Men-150ml-.jpg\"><img decoding=\"async\" class=\"aligncenter wp-image-2944\" src=\"https:\/\/cool-style.md\/wp-content\/uploads\/2024\/05\/Cool-style.md-Immortal-Infuse-Wax-Iconic-Men-150ml--400x400.jpg\" alt=\"Immortal Infuse Iconic Men Cream Pomade\" width=\"300\" height=\"300\" srcset=\"https:\/\/cool-style.md\/wp-content\/uploads\/2024\/05\/Cool-style.md-Immortal-Infuse-Wax-Iconic-Men-150ml--400x400.jpg 400w, https:\/\/cool-style.md\/wp-content\/uploads\/2024\/05\/Cool-style.md-Immortal-Infuse-Wax-Iconic-Men-150ml--800x800.jpg 800w, https:\/\/cool-style.md\/wp-content\/uploads\/2024\/05\/Cool-style.md-Immortal-Infuse-Wax-Iconic-Men-150ml--280x280.jpg 280w, https:\/\/cool-style.md\/wp-content\/uploads\/2024\/05\/Cool-style.md-Immortal-Infuse-Wax-Iconic-Men-150ml--768x768.jpg 768w, https:\/\/cool-style.md\/wp-content\/uploads\/2024\/05\/Cool-style.md-Immortal-Infuse-Wax-Iconic-Men-150ml--1536x1536.jpg 1536w, https:\/\/cool-style.md\/wp-content\/uploads\/2024\/05\/Cool-style.md-Immortal-Infuse-Wax-Iconic-Men-150ml--300x300.jpg 300w, https:\/\/cool-style.md\/wp-content\/uploads\/2024\/05\/Cool-style.md-Immortal-Infuse-Wax-Iconic-Men-150ml--510x510.jpg 510w, https:\/\/cool-style.md\/wp-content\/uploads\/2024\/05\/Cool-style.md-Immortal-Infuse-Wax-Iconic-Men-150ml--100x100.jpg 100w, https:\/\/cool-style.md\/wp-content\/uploads\/2024\/05\/Cool-style.md-Immortal-Infuse-Wax-Iconic-Men-150ml-.jpg 1600w\" sizes=\"(max-width: 300px) 100vw, 300px\" \/><\/a><\/span><\/li>\n<\/ul>\n<p><span style=\"font-size: 100%;\"><a href=\"https:\/\/cool-style.md\/wp-content\/uploads\/2024\/05\/Cool-style.md-Immortal-Fixare-6-Stralucire-5-RO.png\"><img decoding=\"async\" class=\"alignleft wp-image-2942\" src=\"https:\/\/cool-style.md\/wp-content\/uploads\/2024\/05\/Cool-style.md-Immortal-Fixare-6-Stralucire-5-RO.png\" alt=\"Immortal Fixare 6, Stralucire 5\" width=\"225\" height=\"92\" srcset=\"https:\/\/cool-style.md\/wp-content\/uploads\/2024\/05\/Cool-style.md-Immortal-Fixare-6-Stralucire-5-RO.png 577w, https:\/\/cool-style.md\/wp-content\/uploads\/2024\/05\/Cool-style.md-Immortal-Fixare-6-Stralucire-5-RO-510x208.png 510w\" sizes=\"(max-width: 225px) 100vw, 225px\" \/><\/a>Pomad\u0103 pentru aranjarea p\u0103rului <a href=\"https:\/\/immortal.com.tr\/\" target=\"_blank\" rel=\"noopener\">Immortal<\/a> ajut\u0103 la modelarea p\u0103rului. Formula, \u00eembog\u0103\u021bit\u0103 cu cheratina vegetal\u0103, este conceput\u0103 pentru a crea un aspect natural cu o str\u0103lucire subtil\u0103. \u00cenmoaie p\u0103rul, ofer\u0103 o fixare medie cu o str\u0103lucire pl\u0103cut\u0103. Potrivit\u0103 <a href=\"https:\/\/cool-style.md\/ro\/product-category\/cosmetice-barbati\/coafarea-barbati\/\">pentru toate tipurile de p\u0103r<\/a>.<\/span><\/p>\n<p><span style=\"font-size: 100%;\"><strong>Fixare:<\/strong> medie<\/span><\/p>\n<p><span style=\"font-size: 100%;\"><strong>Volum:<\/strong> 150 ml<\/span><\/p>\n<p><span style=\"font-size: 100%;\"><strong>Mod de utilizare:<\/strong> Freca\u021bi o cantitate mic\u0103 de pomad\u0103 \u00eentre palme. Aplica\u021bi uniform pe p\u0103rul curat \u0219i umed \u0219i crea\u021bi forma dorit\u0103.<\/span><\/p>\n<p><span style=\"font-size: 100%;\"><strong>Aten\u021bie:<\/strong> numai pentru uz extern. \u00cen caz de contact cu ochii, cl\u0103ti\u021bi cu mult\u0103 ap\u0103. A nu se lasa la indemana copiilor.<\/span><\/p>","protected":false},"excerpt":{"rendered":"<p><span style=\"font-size: 100%;\">Immortal Infuse Iconic Men Cream Pomade creeaz\u0103 un stil de lung\u0103 durat\u0103 pentru \u00eentreaga zi, ofer\u0103 un aspect \u00a0natural cu o str\u0103lucire<\/span>\u00a0u\u0219oar\u0103<span style=\"font-size: 100%;\">.<\/span><span style=\"font-size: 100%;\"><\/span><\/p>\n","protected":false},"featured_media":2947,"template":"","meta":[],"product_brand":[],"product_cat":[30],"product_tag":[],"class_list":{"0":"post-2941","1":"product","2":"type-product","3":"status-publish","4":"has-post-thumbnail","6":"product_cat-coafarea-barbati","7":"pa_brand-immortal","8":"pa_felul-produsului-tip-ceara","9":"pa_fixare-medie","10":"pa_producator-turcia","11":"pa_volum-150ml","13":"first","14":"instock","15":"featured","16":"shipping-taxable","17":"purchasable","18":"product-type-simple"},"_links":{"self":[{"href":"https:\/\/cool-style.md\/ro\/wp-json\/wp\/v2\/product\/2941","targetHints":{"allow":["GET"]}}],"collection":[{"href":"https:\/\/cool-style.md\/ro\/wp-json\/wp\/v2\/product"}],"about":[{"href":"https:\/\/cool-style.md\/ro\/wp-json\/wp\/v2\/types\/product"}],"wp:featuredmedia":[{"embeddable":true,"href":"https:\/\/cool-style.md\/ro\/wp-json\/wp\/v2\/media\/2947"}],"wp:attachment":[{"href":"https:\/\/cool-style.md\/ro\/wp-json\/wp\/v2\/media?parent=2941"}],"wp:term":[{"taxonomy":"product_brand","embeddable":true,"href":"https:\/\/cool-style.md\/ro\/wp-json\/wp\/v2\/product_brand?post=2941"},{"taxonomy":"product_cat","embeddable":true,"href":"https:\/\/cool-style.md\/ro\/wp-json\/wp\/v2\/product_cat?post=2941"},{"taxonomy":"product_tag","embeddable":true,"href":"https:\/\/cool-style.md\/ro\/wp-json\/wp\/v2\/product_tag?post=2941"}],"curies":[{"name":"wp","href":"https:\/\/api.w.org\/{rel}","templated":true}]}}