{"id":2990,"date":"2024-05-15T11:29:48","date_gmt":"2024-05-15T11:29:48","guid":{"rendered":"https:\/\/cool-style.md\/?post_type=product&#038;p=2990"},"modified":"2024-12-06T16:19:05","modified_gmt":"2024-12-06T16:19:05","slug":"immortal-nyc-hair-styling-wax-strawberry","status":"publish","type":"product","link":"https:\/\/cool-style.md\/ro\/product\/immortal-nyc-hair-styling-wax-strawberry\/","title":{"rendered":"Cear\u0103 de styling Immortal NYC Hair Styling Wax Strawberry 150ml"},"content":{"rendered":"<h2><span style=\"font-size: 75%;\">Cear\u0103 de styling Immortal NYC Hair Styling Wax Strawberry<\/span><\/h2>\n<ul>\n<li><span style=\"font-size: 100%;\">Coafare u\u0219oar\u0103 \u0219i rapid\u0103;<\/span><\/li>\n<li><span style=\"font-size: 100%;\">Potrivit pentru p\u0103r de orice lungime;<\/span><\/li>\n<li><span style=\"font-size: 100%;\">Fixare extra puternic\u0103;<\/span><\/li>\n<li>Ofer\u0103 o str\u0103lucire atractiv\u0103;<\/li>\n<li><span style=\"font-size: 100%;\">Nu \u00eengreuneaz\u0103 p\u0103rul;<\/span><\/li>\n<li><span style=\"font-size: 100%;\">Se spal\u0103 la \u0219amponare.<a href=\"https:\/\/cool-style.md\/wp-content\/uploads\/2024\/05\/Cool-style.md-Immortal-NYC-Hair-Wax-Strawberry-150ml-e1715772752261.jpg\"><img decoding=\"async\" class=\"aligncenter wp-image-2992\" src=\"https:\/\/cool-style.md\/wp-content\/uploads\/2024\/05\/Cool-style.md-Immortal-NYC-Hair-Wax-Strawberry-150ml-e1715772752261-563x400.jpg\" alt=\"Immortal NYC Hair Styling Wax Strawberry\" width=\"400\" height=\"284\" srcset=\"https:\/\/cool-style.md\/wp-content\/uploads\/2024\/05\/Cool-style.md-Immortal-NYC-Hair-Wax-Strawberry-150ml-e1715772752261-563x400.jpg 563w, https:\/\/cool-style.md\/wp-content\/uploads\/2024\/05\/Cool-style.md-Immortal-NYC-Hair-Wax-Strawberry-150ml-e1715772752261-768x545.jpg 768w, https:\/\/cool-style.md\/wp-content\/uploads\/2024\/05\/Cool-style.md-Immortal-NYC-Hair-Wax-Strawberry-150ml-e1715772752261-510x362.jpg 510w, https:\/\/cool-style.md\/wp-content\/uploads\/2024\/05\/Cool-style.md-Immortal-NYC-Hair-Wax-Strawberry-150ml-e1715772752261.jpg 1024w\" sizes=\"(max-width: 400px) 100vw, 400px\" \/><\/a><\/span><\/li>\n<\/ul>\n<p><span style=\"font-size: 100%;\"><a href=\"https:\/\/cool-style.md\/wp-content\/uploads\/2024\/05\/Cool-style.md-Immortal-Fixare-9-Stralucire-9-RO.png\"><img decoding=\"async\" class=\"alignleft wp-image-2956\" src=\"https:\/\/cool-style.md\/wp-content\/uploads\/2024\/05\/Cool-style.md-Immortal-Fixare-9-Stralucire-9-RO.png\" alt=\"Immortal Fixare 9, Stralucire 9\" width=\"225\" height=\"95\" srcset=\"https:\/\/cool-style.md\/wp-content\/uploads\/2024\/05\/Cool-style.md-Immortal-Fixare-9-Stralucire-9-RO.png 554w, https:\/\/cool-style.md\/wp-content\/uploads\/2024\/05\/Cool-style.md-Immortal-Fixare-9-Stralucire-9-RO-510x216.png 510w\" sizes=\"(max-width: 225px) 100vw, 225px\" \/><\/a>Cear\u0103 pentru aranjarea p\u0103rului <a href=\"https:\/\/immortal.com.tr\/\" target=\"_blank\" rel=\"noopener\">Immortal<\/a> ajut\u0103 la modelarea p\u0103rului. Ofer\u0103 str\u0103lucire maxim\u0103 \u0219i \u021binere de durat\u0103 p\u0103rului, ofer\u0103 o arom\u0103 pl\u0103cut\u0103 \u0219i v\u0103 permite s\u0103 crea\u021bi orice stil.<\/span><span style=\"font-size: 100%;\">\u00a0Potrivit\u0103 <\/span><a style=\"font-size: 100%;\" href=\"https:\/\/cool-style.md\/ro\/product-category\/cosmetice-barbati\/coafarea-barbati\/\">pentru toate tipurile de p\u0103r<\/a><span style=\"font-size: 100%;\">.<\/span><\/p>\n<p><span style=\"font-size: 100%;\"><strong>Fixare:<\/strong> extra puternic\u0103<\/span><\/p>\n<p><span style=\"font-size: 100%;\"><strong>Volum:<\/strong> 150 ml<\/span><\/p>\n<p><span style=\"font-size: 100%;\"><strong>Mod de utilizare:<\/strong> Freca\u021bi o cantitate mic\u0103 de cear\u0103 \u00eentre palme. Aplica\u021bi uniform pe p\u0103rul curat \u0219i umed \u0219i crea\u021bi forma dorit\u0103.<\/span><\/p>\n<p><span style=\"font-size: 100%;\"><strong>Aten\u021bie:<\/strong> numai pentru uz extern. \u00cen caz de contact cu ochii, cl\u0103ti\u021bi cu mult\u0103 ap\u0103. A nu se lasa la indemana copiilor.<\/span><\/p>","protected":false},"excerpt":{"rendered":"<p><span style=\"font-size: 100%;\">Immortal NYC Hair Styling Wax Strawberry ofer\u0103 str\u0103lucire maxim\u0103 \u0219i fixare de durat\u0103 p\u0103rului.<\/span><span style=\"font-size: 100%;\"><\/span><\/p>\n","protected":false},"featured_media":2993,"template":"","meta":[],"product_brand":[],"product_cat":[30],"product_tag":[],"class_list":{"0":"post-2990","1":"product","2":"type-product","3":"status-publish","4":"has-post-thumbnail","6":"product_cat-coafarea-barbati","7":"pa_brand-immortal","8":"pa_felul-produsului-tip-ceara","9":"pa_fixare-extra-puternica","10":"pa_producator-turcia","11":"pa_volum-150ml","13":"first","14":"instock","15":"featured","16":"shipping-taxable","17":"purchasable","18":"product-type-simple"},"_links":{"self":[{"href":"https:\/\/cool-style.md\/ro\/wp-json\/wp\/v2\/product\/2990","targetHints":{"allow":["GET"]}}],"collection":[{"href":"https:\/\/cool-style.md\/ro\/wp-json\/wp\/v2\/product"}],"about":[{"href":"https:\/\/cool-style.md\/ro\/wp-json\/wp\/v2\/types\/product"}],"wp:featuredmedia":[{"embeddable":true,"href":"https:\/\/cool-style.md\/ro\/wp-json\/wp\/v2\/media\/2993"}],"wp:attachment":[{"href":"https:\/\/cool-style.md\/ro\/wp-json\/wp\/v2\/media?parent=2990"}],"wp:term":[{"taxonomy":"product_brand","embeddable":true,"href":"https:\/\/cool-style.md\/ro\/wp-json\/wp\/v2\/product_brand?post=2990"},{"taxonomy":"product_cat","embeddable":true,"href":"https:\/\/cool-style.md\/ro\/wp-json\/wp\/v2\/product_cat?post=2990"},{"taxonomy":"product_tag","embeddable":true,"href":"https:\/\/cool-style.md\/ro\/wp-json\/wp\/v2\/product_tag?post=2990"}],"curies":[{"name":"wp","href":"https:\/\/api.w.org\/{rel}","templated":true}]}}