{"id":3016,"date":"2024-05-15T12:25:03","date_gmt":"2024-05-15T12:25:03","guid":{"rendered":"https:\/\/cool-style.md\/?post_type=product&#038;p=3016"},"modified":"2024-05-16T12:36:28","modified_gmt":"2024-05-16T12:36:28","slug":"immortal-penuar-black","status":"publish","type":"product","link":"https:\/\/cool-style.md\/ro\/product\/immortal-penuar-black\/","title":{"rendered":"Pelerina Immortal Penuar Black cu guler"},"content":{"rendered":"<h2><span style=\"font-size: 75%;\">Pelerina Immortal Penuar Black cu guler din neopren<\/span><\/h2>\n<p>Pelerina <a href=\"https:\/\/immortal.com.tr\/\" target=\"_blank\" rel=\"noopener\">Immortal<\/a>\u00a0de \u00eenalt\u0103 calitate pentru saloane, fabricat\u0103 din material rezistent \u0219i impermeabil. Gulerul din neopren se potrive\u0219te perfect \u00een jurul g\u00e2tului, \u00eempiedic\u00e2nd p\u0103trunderea firelor de p\u0103r \u0219i a impurit\u0103\u021bilor \u00een timpul procedurii. Se foloseste pentru diferite tipuri de lucrari: tunsoare, vopsit, coafat etc.<\/p>\n<p><a href=\"https:\/\/cool-style.md\/wp-content\/uploads\/2024\/05\/Cool-style.md-Guler-de-neopren.webp\"><img decoding=\"async\" class=\" wp-image-3018 alignleft\" src=\"https:\/\/cool-style.md\/wp-content\/uploads\/2024\/05\/Cool-style.md-Guler-de-neopren-400x400.webp\" alt=\"Cool-style.md Guler de neopren\" width=\"281\" height=\"281\" srcset=\"https:\/\/cool-style.md\/wp-content\/uploads\/2024\/05\/Cool-style.md-Guler-de-neopren-400x400.webp 400w, https:\/\/cool-style.md\/wp-content\/uploads\/2024\/05\/Cool-style.md-Guler-de-neopren-800x800.webp 800w, https:\/\/cool-style.md\/wp-content\/uploads\/2024\/05\/Cool-style.md-Guler-de-neopren-280x280.webp 280w, https:\/\/cool-style.md\/wp-content\/uploads\/2024\/05\/Cool-style.md-Guler-de-neopren-768x768.webp 768w, https:\/\/cool-style.md\/wp-content\/uploads\/2024\/05\/Cool-style.md-Guler-de-neopren-300x300.webp 300w, https:\/\/cool-style.md\/wp-content\/uploads\/2024\/05\/Cool-style.md-Guler-de-neopren-510x510.webp 510w, https:\/\/cool-style.md\/wp-content\/uploads\/2024\/05\/Cool-style.md-Guler-de-neopren-100x100.webp 100w, https:\/\/cool-style.md\/wp-content\/uploads\/2024\/05\/Cool-style.md-Guler-de-neopren.webp 1080w\" sizes=\"(max-width: 281px) 100vw, 281px\" \/><\/a>Materialul pelerinei neocape &#8211; este poliester, care are propriet\u0103\u021bi hidrofuge, astfel \u00eenc\u00e2t va proteja \u00een mod fiabil clientul de murd\u0103rie \u0219i exces de umiditate. Neocape poate fi folosit cu sau f\u0103r\u0103 gulere de unic\u0103 folosin\u021b\u0103. C\u00e2nd este utilizat f\u0103r\u0103 gulere de unic\u0103 folosin\u021b\u0103, v\u0103 recomand\u0103m s\u0103 trata\u021bi guler cu dezinfectan\u021bi f\u0103r\u0103 alcool \u0219i neagresivi (de exemplu, solu\u021bie de clorhexidin\u0103).<\/p>\n<p>Un <a href=\"https:\/\/cool-style.md\/ro\/accesorii\/\">accesoriu<\/a> esential pentru orice salon pentru a proteja hainele si pielea clientului de lichide fierbinti, stropi, murdarie, praf, vopsea, lipici si fire de par fine.<\/p>","protected":false},"excerpt":{"rendered":"<p><span style=\"font-size: 100%;\">Immortal Penuar Black v\u0103 va ajuta s\u0103 proteja\u021bi \u00eembr\u0103c\u0103mintea clientului de murd\u0103rie \u00een timpul lucrului.<\/span><span style=\"font-size: 100%;\"><\/span><\/p>\n","protected":false},"featured_media":3017,"template":"","meta":[],"product_brand":[],"product_cat":[29,132],"product_tag":[],"class_list":{"0":"post-3016","1":"product","2":"type-product","3":"status-publish","4":"has-post-thumbnail","6":"product_cat-accesorii","7":"product_cat-diverse-accesorii","8":"pa_brand-immortal","9":"pa_felul-produsului-tip-pelerina","10":"pa_producator-turcia","12":"first","13":"instock","14":"shipping-taxable","15":"purchasable","16":"product-type-simple"},"_links":{"self":[{"href":"https:\/\/cool-style.md\/ro\/wp-json\/wp\/v2\/product\/3016","targetHints":{"allow":["GET"]}}],"collection":[{"href":"https:\/\/cool-style.md\/ro\/wp-json\/wp\/v2\/product"}],"about":[{"href":"https:\/\/cool-style.md\/ro\/wp-json\/wp\/v2\/types\/product"}],"wp:featuredmedia":[{"embeddable":true,"href":"https:\/\/cool-style.md\/ro\/wp-json\/wp\/v2\/media\/3017"}],"wp:attachment":[{"href":"https:\/\/cool-style.md\/ro\/wp-json\/wp\/v2\/media?parent=3016"}],"wp:term":[{"taxonomy":"product_brand","embeddable":true,"href":"https:\/\/cool-style.md\/ro\/wp-json\/wp\/v2\/product_brand?post=3016"},{"taxonomy":"product_cat","embeddable":true,"href":"https:\/\/cool-style.md\/ro\/wp-json\/wp\/v2\/product_cat?post=3016"},{"taxonomy":"product_tag","embeddable":true,"href":"https:\/\/cool-style.md\/ro\/wp-json\/wp\/v2\/product_tag?post=3016"}],"curies":[{"name":"wp","href":"https:\/\/api.w.org\/{rel}","templated":true}]}}