{"id":3024,"date":"2024-05-15T14:06:51","date_gmt":"2024-05-15T14:06:51","guid":{"rendered":"https:\/\/cool-style.md\/?post_type=product&#038;p=3024"},"modified":"2024-12-06T16:22:29","modified_gmt":"2024-12-06T16:22:29","slug":"immortal-old-school-cologne-73-reserve","status":"publish","type":"product","link":"https:\/\/cool-style.md\/ro\/product\/immortal-old-school-cologne-73-reserve\/","title":{"rendered":"Colonie dup\u0103 ras Immortal Old School Cologne 73 Reserve 150ml"},"content":{"rendered":"<h2><span style=\"font-size: 75%;\">Colonie dup\u0103 ras Immortal Old School Cologne 73 Reserve<\/span><\/h2>\n<ul>\n<li>Aroma persistenta;<\/li>\n<li>Ideal pentru toate tipurile de piele;<\/li>\n<li>Cur\u0103\u021b\u0103 pielea \u0219i \u00eemprosp\u0103teaz\u0103;<\/li>\n<li>Are efect antiseptic;<\/li>\n<li>Vindec\u0103 \u0219i calmeaz\u0103 pielea;<\/li>\n<\/ul>\n<p><a href=\"https:\/\/cool-style.md\/wp-content\/uploads\/2024\/05\/Cool-style.md-Immortal-Old-School-Cologne-73-Reserve-150ml.jpg\"><img decoding=\"async\" class=\"aligncenter wp-image-3025\" src=\"https:\/\/cool-style.md\/wp-content\/uploads\/2024\/05\/Cool-style.md-Immortal-Old-School-Cologne-73-Reserve-150ml-495x400.jpg\" alt=\"Immortal Old School Cologne 73 Reserve\" width=\"300\" height=\"242\" srcset=\"https:\/\/cool-style.md\/wp-content\/uploads\/2024\/05\/Cool-style.md-Immortal-Old-School-Cologne-73-Reserve-150ml-495x400.jpg 495w, https:\/\/cool-style.md\/wp-content\/uploads\/2024\/05\/Cool-style.md-Immortal-Old-School-Cologne-73-Reserve-150ml-768x621.jpg 768w, https:\/\/cool-style.md\/wp-content\/uploads\/2024\/05\/Cool-style.md-Immortal-Old-School-Cologne-73-Reserve-150ml-510x412.jpg 510w, https:\/\/cool-style.md\/wp-content\/uploads\/2024\/05\/Cool-style.md-Immortal-Old-School-Cologne-73-Reserve-150ml.jpg 880w\" sizes=\"(max-width: 300px) 100vw, 300px\" \/><\/a>Colonie <a href=\"https:\/\/cool-style.md\/ro\/cosmetice-barbati\/pentru-barbierit\/\">dup\u0103 ras<\/a> <a href=\"https:\/\/immortal.com.tr\/\" target=\"_blank\" rel=\"noopener\">Immortal<\/a> hidrateaz\u0103 pielea, previne uscarea \u0219i irita\u021bia care apar adesea dup\u0103 b\u0103rbierit, cur\u0103\u021b\u0103 pielea de reziduurile de produs de ras. Ofer\u0103 o senza\u021bie de prospe\u021bime \u0219i puritate, are o arom\u0103 masculin\u0103 rafinat\u0103 care confer\u0103 \u00eencredere \u0219i atractivitate.<\/p>\n<p>Aroma sa are note fructate \u0219i florale care persist\u0103 pe piele, f\u0103c\u00e2ndu-te \u00een centrul aten\u021biei supreme.<\/p>\n<p>Bergamota \u0219i litchiul suculent formeaz\u0103 o combina\u021bie unic\u0103 de note care combin\u0103 condimentul \u0219i prospe\u021bimea, vigoarea \u0219i dulcea\u021ba. Piersicul adaug\u0103 profunzime \u0219i arom\u0103 de fructe coapte, unde coaja sub\u021bire se deschide \u00een timp, iar sucul limpede devine \u0219i mai bogat la soare. Iasomia confer\u0103 parfumului o unicitate care nu poate fi confundat\u0103 cu alte arome. Bujorul senzual adaug\u0103 elegan\u021b\u0103 \u0219i gra\u021bie buchetului, \u00een timp ce traseul lemnos-mosc v\u0103 \u00eenv\u0103luie cu umiditate u\u0219oar\u0103 \u0219i atrac\u021bie magnetic\u0103.<\/p>\n<p><strong>Volum:<\/strong> 150 ml<\/p>\n<p><strong>Mod de utilizare:<\/strong> Freca\u021bi o cantitate mic\u0103 de produs \u00eentre palme \u0219i aplica\u021bi cu mi\u0219c\u0103ri u\u0219oare pe pielea fe\u021bei. Repeta\u021bi dup\u0103 fiecare b\u0103rbierit.<\/p>\n<p><strong>Aten\u021bie:<\/strong> numai pentru uz extern. \u00cen caz de contact cu ochii, cl\u0103ti\u021bi cu mult\u0103 ap\u0103. A nu se lasa la indemana copiilor.<\/p>","protected":false},"excerpt":{"rendered":"<p><span style=\"font-size: 100%;\">Immortal Old School Cologne 73 Reserve calmeaz\u0103 \u0219i hidrateaz\u0103 pielea dup\u0103 ras.<\/span><span style=\"font-size: 100%;\"><\/span><\/p>\n","protected":false},"featured_media":3026,"template":"","meta":[],"product_brand":[],"product_cat":[34],"product_tag":[],"class_list":{"0":"post-3024","1":"product","2":"type-product","3":"status-publish","4":"has-post-thumbnail","6":"product_cat-pentru-barbierit","7":"pa_brand-immortal","8":"pa_felul-produsului-tip-colonie","9":"pa_producator-turcia","10":"pa_volum-150ml","12":"first","13":"instock","14":"featured","15":"shipping-taxable","16":"purchasable","17":"product-type-simple"},"_links":{"self":[{"href":"https:\/\/cool-style.md\/ro\/wp-json\/wp\/v2\/product\/3024","targetHints":{"allow":["GET"]}}],"collection":[{"href":"https:\/\/cool-style.md\/ro\/wp-json\/wp\/v2\/product"}],"about":[{"href":"https:\/\/cool-style.md\/ro\/wp-json\/wp\/v2\/types\/product"}],"wp:featuredmedia":[{"embeddable":true,"href":"https:\/\/cool-style.md\/ro\/wp-json\/wp\/v2\/media\/3026"}],"wp:attachment":[{"href":"https:\/\/cool-style.md\/ro\/wp-json\/wp\/v2\/media?parent=3024"}],"wp:term":[{"taxonomy":"product_brand","embeddable":true,"href":"https:\/\/cool-style.md\/ro\/wp-json\/wp\/v2\/product_brand?post=3024"},{"taxonomy":"product_cat","embeddable":true,"href":"https:\/\/cool-style.md\/ro\/wp-json\/wp\/v2\/product_cat?post=3024"},{"taxonomy":"product_tag","embeddable":true,"href":"https:\/\/cool-style.md\/ro\/wp-json\/wp\/v2\/product_tag?post=3024"}],"curies":[{"name":"wp","href":"https:\/\/api.w.org\/{rel}","templated":true}]}}