{"id":3030,"date":"2024-05-15T14:31:06","date_gmt":"2024-05-15T14:31:06","guid":{"rendered":"https:\/\/cool-style.md\/?post_type=product&#038;p=3030"},"modified":"2024-12-06T16:23:00","modified_gmt":"2024-12-06T16:23:00","slug":"immortal-old-school-cologne-71-reserve","status":"publish","type":"product","link":"https:\/\/cool-style.md\/ro\/product\/immortal-old-school-cologne-71-reserve\/","title":{"rendered":"Colonie dup\u0103 ras Immortal Old School Cologne 71 Reserve 150ml"},"content":{"rendered":"<h2><span style=\"font-size: 75%;\">Colonie dup\u0103 ras Immortal Old School Cologne 71 Reserve<\/span><\/h2>\n<ul>\n<li>Aroma persistenta;<\/li>\n<li>Ideal pentru toate tipurile de piele;<\/li>\n<li>Cur\u0103\u021b\u0103 pielea \u0219i \u00eemprosp\u0103teaz\u0103;<\/li>\n<li>Are efect antiseptic;<\/li>\n<li>Vindec\u0103 \u0219i calmeaz\u0103 pielea;<\/li>\n<\/ul>\n<p><a href=\"https:\/\/cool-style.md\/wp-content\/uploads\/2024\/05\/Cool-style.md-Immortal-Old-School-Cologne-71-Reserve-150ml.jpg\"><img decoding=\"async\" class=\"aligncenter wp-image-3031\" src=\"https:\/\/cool-style.md\/wp-content\/uploads\/2024\/05\/Cool-style.md-Immortal-Old-School-Cologne-71-Reserve-150ml-521x400.jpg\" alt=\"Immortal Old School Cologne 71 Reserve\" width=\"300\" height=\"230\" srcset=\"https:\/\/cool-style.md\/wp-content\/uploads\/2024\/05\/Cool-style.md-Immortal-Old-School-Cologne-71-Reserve-150ml-521x400.jpg 521w, https:\/\/cool-style.md\/wp-content\/uploads\/2024\/05\/Cool-style.md-Immortal-Old-School-Cologne-71-Reserve-150ml-768x589.jpg 768w, https:\/\/cool-style.md\/wp-content\/uploads\/2024\/05\/Cool-style.md-Immortal-Old-School-Cologne-71-Reserve-150ml-510x391.jpg 510w, https:\/\/cool-style.md\/wp-content\/uploads\/2024\/05\/Cool-style.md-Immortal-Old-School-Cologne-71-Reserve-150ml.jpg 880w\" sizes=\"(max-width: 300px) 100vw, 300px\" \/><\/a>Colonie <a href=\"https:\/\/cool-style.md\/ro\/cosmetice-barbati\/pentru-barbierit\/\">dup\u0103 ras<\/a> <a href=\"https:\/\/immortal.com.tr\/\" target=\"_blank\" rel=\"noopener\">Immortal<\/a> hidrateaz\u0103 pielea, previne uscarea \u0219i irita\u021bia care apar adesea dup\u0103 b\u0103rbierit, cur\u0103\u021b\u0103 pielea de reziduurile de produs de ras. Ofer\u0103 o senza\u021bie de prospe\u021bime \u0219i puritate, are o arom\u0103 masculin\u0103 rafinat\u0103 care confer\u0103 \u00eencredere \u0219i atractivitate.<\/p>\n<p>O arom\u0103 elegant\u0103 care combin\u0103 note de tutun de pip\u0103 \u0219i condimente, cre\u00e2nd asocieri cu un club de gentleman englez. Acest parfum este inspirat de popularul parfum de lux Tom Ford Tobacco Vanille.<\/p>\n<p><strong>Volum:<\/strong> 150 ml<\/p>\n<p><strong>Mod de utilizare:<\/strong> Freca\u021bi o cantitate mic\u0103 de produs \u00eentre palme \u0219i aplica\u021bi cu mi\u0219c\u0103ri u\u0219oare pe pielea fe\u021bei. Repeta\u021bi dup\u0103 fiecare b\u0103rbierit.<\/p>\n<p><strong>Aten\u021bie:<\/strong> numai pentru uz extern. \u00cen caz de contact cu ochii, cl\u0103ti\u021bi cu mult\u0103 ap\u0103. A nu se lasa la indemana copiilor.<\/p>","protected":false},"excerpt":{"rendered":"<p><span style=\"font-size: 100%;\">Immortal Old School Cologne 71 Reserve calmeaz\u0103 \u0219i hidrateaz\u0103 pielea dup\u0103 ras.<\/span><span style=\"font-size: 100%;\"><\/span><\/p>\n","protected":false},"featured_media":3032,"template":"","meta":[],"product_brand":[],"product_cat":[34],"product_tag":[],"class_list":{"0":"post-3030","1":"product","2":"type-product","3":"status-publish","4":"has-post-thumbnail","6":"product_cat-pentru-barbierit","7":"pa_brand-immortal","8":"pa_felul-produsului-tip-colonie","9":"pa_producator-turcia","10":"pa_volum-150ml","12":"first","13":"instock","14":"featured","15":"shipping-taxable","16":"purchasable","17":"product-type-simple"},"_links":{"self":[{"href":"https:\/\/cool-style.md\/ro\/wp-json\/wp\/v2\/product\/3030","targetHints":{"allow":["GET"]}}],"collection":[{"href":"https:\/\/cool-style.md\/ro\/wp-json\/wp\/v2\/product"}],"about":[{"href":"https:\/\/cool-style.md\/ro\/wp-json\/wp\/v2\/types\/product"}],"wp:featuredmedia":[{"embeddable":true,"href":"https:\/\/cool-style.md\/ro\/wp-json\/wp\/v2\/media\/3032"}],"wp:attachment":[{"href":"https:\/\/cool-style.md\/ro\/wp-json\/wp\/v2\/media?parent=3030"}],"wp:term":[{"taxonomy":"product_brand","embeddable":true,"href":"https:\/\/cool-style.md\/ro\/wp-json\/wp\/v2\/product_brand?post=3030"},{"taxonomy":"product_cat","embeddable":true,"href":"https:\/\/cool-style.md\/ro\/wp-json\/wp\/v2\/product_cat?post=3030"},{"taxonomy":"product_tag","embeddable":true,"href":"https:\/\/cool-style.md\/ro\/wp-json\/wp\/v2\/product_tag?post=3030"}],"curies":[{"name":"wp","href":"https:\/\/api.w.org\/{rel}","templated":true}]}}