{"id":3044,"date":"2024-05-16T11:24:24","date_gmt":"2024-05-16T11:24:24","guid":{"rendered":"https:\/\/cool-style.md\/?post_type=product&#038;p=3044"},"modified":"2024-12-06T16:25:50","modified_gmt":"2024-12-06T16:25:50","slug":"immortal-eau-de-cologne-04-reserve","status":"publish","type":"product","link":"https:\/\/cool-style.md\/ro\/product\/immortal-eau-de-cologne-04-reserve\/","title":{"rendered":"Colonie dup\u0103 ras Immortal Eau De Cologne 04 Reserve 500ml"},"content":{"rendered":"<h2><span style=\"font-size: 75%;\">Colonie dup\u0103 ras Immortal Eau De Cologne 04 Reserve<\/span><\/h2>\n<ul>\n<li>Aroma persistenta;<\/li>\n<li>Ideal pentru toate tipurile de piele;<\/li>\n<li>Cur\u0103\u021b\u0103 pielea \u0219i \u00eemprosp\u0103teaz\u0103;<\/li>\n<li>Are efect antiseptic;<\/li>\n<li>Vindec\u0103 \u0219i calmeaz\u0103 pielea;<\/li>\n<\/ul>\n<p><a href=\"https:\/\/cool-style.md\/wp-content\/uploads\/2024\/05\/Cool-style.md-Immortal-Cologne-04-Reserve.webp\"><img decoding=\"async\" class=\"alignleft wp-image-3046\" src=\"https:\/\/cool-style.md\/wp-content\/uploads\/2024\/05\/Cool-style.md-Immortal-Cologne-04-Reserve-400x400.webp\" alt=\"Immortal Eau De Cologne 04 Reserve\" width=\"300\" height=\"300\" srcset=\"https:\/\/cool-style.md\/wp-content\/uploads\/2024\/05\/Cool-style.md-Immortal-Cologne-04-Reserve-400x400.webp 400w, https:\/\/cool-style.md\/wp-content\/uploads\/2024\/05\/Cool-style.md-Immortal-Cologne-04-Reserve-800x800.webp 800w, https:\/\/cool-style.md\/wp-content\/uploads\/2024\/05\/Cool-style.md-Immortal-Cologne-04-Reserve-280x280.webp 280w, https:\/\/cool-style.md\/wp-content\/uploads\/2024\/05\/Cool-style.md-Immortal-Cologne-04-Reserve-768x768.webp 768w, https:\/\/cool-style.md\/wp-content\/uploads\/2024\/05\/Cool-style.md-Immortal-Cologne-04-Reserve-300x300.webp 300w, https:\/\/cool-style.md\/wp-content\/uploads\/2024\/05\/Cool-style.md-Immortal-Cologne-04-Reserve-510x510.webp 510w, https:\/\/cool-style.md\/wp-content\/uploads\/2024\/05\/Cool-style.md-Immortal-Cologne-04-Reserve-100x100.webp 100w, https:\/\/cool-style.md\/wp-content\/uploads\/2024\/05\/Cool-style.md-Immortal-Cologne-04-Reserve.webp 1024w\" sizes=\"(max-width: 300px) 100vw, 300px\" \/><\/a>Colonie <a href=\"https:\/\/cool-style.md\/ro\/cosmetice-barbati\/pentru-barbierit\/\">dup\u0103 ras<\/a> <a href=\"https:\/\/immortal.com.tr\/\" target=\"_blank\" rel=\"noopener\">Immortal<\/a> &#8211; un parfum proasp\u0103t, lemnos de citrice, inspirat de chiparosul italian \u0219i peisajele mediteraneene. Parfumul este construit pe re\u021binere, care reflect\u0103 partea sa str\u0103lucitoare \u00eentr-o arom\u0103 elegant\u0103, proasp\u0103t\u0103, lemnoas\u0103 de citrice, cu note de bergamot\u0103 \u0219i l\u0103m\u00e2ie.<\/p>\n<p>Note de v\u00e2rf sunt lamaie siciliana, bergamota. Note de mijloc sunt chiparos, galbanum si salvie. Note de baz\u0103 &#8211; cedru.<\/p>\n<p><strong>Volum:<\/strong> 500 ml<\/p>\n<p><strong>Mod de utilizare:<\/strong> Freca\u021bi o cantitate mic\u0103 de produs \u00eentre palme \u0219i aplica\u021bi cu mi\u0219c\u0103ri u\u0219oare pe pielea fe\u021bei. Repeta\u021bi dup\u0103 fiecare b\u0103rbierit.<\/p>\n<p><strong>Aten\u021bie:<\/strong> numai pentru uz extern. \u00cen caz de contact cu ochii, cl\u0103ti\u021bi cu mult\u0103 ap\u0103. A nu se lasa la indemana copiilor.<\/p>","protected":false},"excerpt":{"rendered":"<p><span style=\"font-size: 100%;\">Immortal Eau De Cologne 04 Reserve ofer\u0103 o senza\u021bie de cur\u0103\u021benie \u0219i confort, \u00eemprosp\u0103t\u00e2nd pielea.<\/span><span style=\"font-size: 100%;\"><\/span><\/p>\n","protected":false},"featured_media":3045,"template":"","meta":[],"product_brand":[],"product_cat":[34],"product_tag":[],"class_list":{"0":"post-3044","1":"product","2":"type-product","3":"status-publish","4":"has-post-thumbnail","6":"product_cat-pentru-barbierit","7":"pa_brand-immortal","8":"pa_felul-produsului-tip-colonie","9":"pa_producator-turcia","10":"pa_volum-500ml","12":"first","13":"instock","14":"featured","15":"shipping-taxable","16":"purchasable","17":"product-type-simple"},"_links":{"self":[{"href":"https:\/\/cool-style.md\/ro\/wp-json\/wp\/v2\/product\/3044","targetHints":{"allow":["GET"]}}],"collection":[{"href":"https:\/\/cool-style.md\/ro\/wp-json\/wp\/v2\/product"}],"about":[{"href":"https:\/\/cool-style.md\/ro\/wp-json\/wp\/v2\/types\/product"}],"wp:featuredmedia":[{"embeddable":true,"href":"https:\/\/cool-style.md\/ro\/wp-json\/wp\/v2\/media\/3045"}],"wp:attachment":[{"href":"https:\/\/cool-style.md\/ro\/wp-json\/wp\/v2\/media?parent=3044"}],"wp:term":[{"taxonomy":"product_brand","embeddable":true,"href":"https:\/\/cool-style.md\/ro\/wp-json\/wp\/v2\/product_brand?post=3044"},{"taxonomy":"product_cat","embeddable":true,"href":"https:\/\/cool-style.md\/ro\/wp-json\/wp\/v2\/product_cat?post=3044"},{"taxonomy":"product_tag","embeddable":true,"href":"https:\/\/cool-style.md\/ro\/wp-json\/wp\/v2\/product_tag?post=3044"}],"curies":[{"name":"wp","href":"https:\/\/api.w.org\/{rel}","templated":true}]}}