{"id":3050,"date":"2024-05-16T11:33:01","date_gmt":"2024-05-16T11:33:01","guid":{"rendered":"https:\/\/cool-style.md\/?post_type=product&#038;p=3050"},"modified":"2024-12-06T16:26:33","modified_gmt":"2024-12-06T16:26:33","slug":"immortal-eau-de-cologne-02-reserve","status":"publish","type":"product","link":"https:\/\/cool-style.md\/ro\/product\/immortal-eau-de-cologne-02-reserve\/","title":{"rendered":"Colonie dup\u0103 ras Immortal Eau De Cologne 02 Reserve 500ml"},"content":{"rendered":"<h2><span style=\"font-size: 75%;\">Colonie dup\u0103 ras Immortal Eau De Cologne 02 Reserve<\/span><\/h2>\n<ul>\n<li>Aroma persistenta;<\/li>\n<li>Ideal pentru toate tipurile de piele;<\/li>\n<li>Cur\u0103\u021b\u0103 pielea \u0219i \u00eemprosp\u0103teaz\u0103;<\/li>\n<li>Are efect antiseptic;<\/li>\n<li>Vindec\u0103 \u0219i calmeaz\u0103 pielea;<\/li>\n<\/ul>\n<p><a href=\"https:\/\/cool-style.md\/wp-content\/uploads\/2024\/05\/Cool-style.md-Immortal-Cologne-02-Reserve.webp\"><img decoding=\"async\" class=\"alignleft wp-image-3052\" src=\"https:\/\/cool-style.md\/wp-content\/uploads\/2024\/05\/Cool-style.md-Immortal-Cologne-02-Reserve-400x400.webp\" alt=\"Immortal Eau De Cologne 02 Reserve\" width=\"300\" height=\"300\" srcset=\"https:\/\/cool-style.md\/wp-content\/uploads\/2024\/05\/Cool-style.md-Immortal-Cologne-02-Reserve-400x400.webp 400w, https:\/\/cool-style.md\/wp-content\/uploads\/2024\/05\/Cool-style.md-Immortal-Cologne-02-Reserve-800x800.webp 800w, https:\/\/cool-style.md\/wp-content\/uploads\/2024\/05\/Cool-style.md-Immortal-Cologne-02-Reserve-280x280.webp 280w, https:\/\/cool-style.md\/wp-content\/uploads\/2024\/05\/Cool-style.md-Immortal-Cologne-02-Reserve-768x768.webp 768w, https:\/\/cool-style.md\/wp-content\/uploads\/2024\/05\/Cool-style.md-Immortal-Cologne-02-Reserve-300x300.webp 300w, https:\/\/cool-style.md\/wp-content\/uploads\/2024\/05\/Cool-style.md-Immortal-Cologne-02-Reserve-510x510.webp 510w, https:\/\/cool-style.md\/wp-content\/uploads\/2024\/05\/Cool-style.md-Immortal-Cologne-02-Reserve-100x100.webp 100w, https:\/\/cool-style.md\/wp-content\/uploads\/2024\/05\/Cool-style.md-Immortal-Cologne-02-Reserve.webp 1024w\" sizes=\"(max-width: 300px) 100vw, 300px\" \/><\/a>Colonie <a href=\"https:\/\/cool-style.md\/ro\/cosmetice-barbati\/pentru-barbierit\/\">dup\u0103 ras<\/a> <a href=\"https:\/\/immortal.com.tr\/\" target=\"_blank\" rel=\"noopener\">Immortal<\/a> &#8211; o nou\u0103 genera\u021bie de traseu aromatic, n\u0103scut ca urmare a ciocnirii explozive a \u00eenaltei tehnologii \u0219i parfumerie. Maximiza\u021bi inova\u021bia \u0219i creativitatea pentru a stimula \u00eencrederea \u00een sine, puterea seduc\u0103toare \u0219i energia. Parfum \u00eendr\u0103zne\u021b. Energia revigorant\u0103 a l\u0103m\u00e2ii se combin\u0103 cu atractia cremoas\u0103 a lavandei \u0219i senzualitatea vaniliei lemnoase.<\/p>\n<p>Note de v\u00e2rf sunt lavanda, coaja de lamaie. Note de mijloc: lavanda, mar, fum, note de pamant, paciuli. Note de baz\u0103 &#8211; vanilie, lavand\u0103.<\/p>\n<p><strong>Volum:<\/strong> 500 ml<\/p>\n<p><strong>Mod de utilizare:<\/strong> Freca\u021bi o cantitate mic\u0103 de produs \u00eentre palme \u0219i aplica\u021bi cu mi\u0219c\u0103ri u\u0219oare pe pielea fe\u021bei. Repeta\u021bi dup\u0103 fiecare b\u0103rbierit.<\/p>\n<p><strong>Aten\u021bie:<\/strong> numai pentru uz extern. \u00cen caz de contact cu ochii, cl\u0103ti\u021bi cu mult\u0103 ap\u0103. A nu se lasa la indemana copiilor.<\/p>","protected":false},"excerpt":{"rendered":"<p><span style=\"font-size: 100%;\">Immortal Eau De Cologne 02 Reserve ofer\u0103 o senza\u021bie de cur\u0103\u021benie \u0219i confort, \u00eemprosp\u0103t\u00e2nd pielea.<\/span><span style=\"font-size: 100%;\"><\/span><\/p>\n","protected":false},"featured_media":3051,"template":"","meta":[],"product_brand":[],"product_cat":[34],"product_tag":[],"class_list":{"0":"post-3050","1":"product","2":"type-product","3":"status-publish","4":"has-post-thumbnail","6":"product_cat-pentru-barbierit","7":"pa_brand-immortal","8":"pa_felul-produsului-tip-colonie","9":"pa_producator-turcia","10":"pa_volum-500ml","12":"first","13":"instock","14":"featured","15":"shipping-taxable","16":"purchasable","17":"product-type-simple"},"_links":{"self":[{"href":"https:\/\/cool-style.md\/ro\/wp-json\/wp\/v2\/product\/3050","targetHints":{"allow":["GET"]}}],"collection":[{"href":"https:\/\/cool-style.md\/ro\/wp-json\/wp\/v2\/product"}],"about":[{"href":"https:\/\/cool-style.md\/ro\/wp-json\/wp\/v2\/types\/product"}],"wp:featuredmedia":[{"embeddable":true,"href":"https:\/\/cool-style.md\/ro\/wp-json\/wp\/v2\/media\/3051"}],"wp:attachment":[{"href":"https:\/\/cool-style.md\/ro\/wp-json\/wp\/v2\/media?parent=3050"}],"wp:term":[{"taxonomy":"product_brand","embeddable":true,"href":"https:\/\/cool-style.md\/ro\/wp-json\/wp\/v2\/product_brand?post=3050"},{"taxonomy":"product_cat","embeddable":true,"href":"https:\/\/cool-style.md\/ro\/wp-json\/wp\/v2\/product_cat?post=3050"},{"taxonomy":"product_tag","embeddable":true,"href":"https:\/\/cool-style.md\/ro\/wp-json\/wp\/v2\/product_tag?post=3050"}],"curies":[{"name":"wp","href":"https:\/\/api.w.org\/{rel}","templated":true}]}}