{"id":3061,"date":"2024-05-16T12:34:42","date_gmt":"2024-05-16T12:34:42","guid":{"rendered":"https:\/\/cool-style.md\/?post_type=product&#038;p=3061"},"modified":"2024-12-06T16:28:26","modified_gmt":"2024-12-06T16:28:26","slug":"immortal-atomiser-spray-bulb","status":"publish","type":"product","link":"https:\/\/cool-style.md\/ro\/product\/immortal-atomiser-spray-bulb\/","title":{"rendered":"Pompa atomizator de parfum Immortal Atomiser Spray Bulb"},"content":{"rendered":"<h2><span style=\"font-size: 75%;\">Pompa atomizator de parfum Immortal Atomiser Spray Bulb<\/span><\/h2>\n<p><a href=\"https:\/\/cool-style.md\/wp-content\/uploads\/2024\/05\/Cool-style.md-Immortal-Atomizer-Spray-Bulb-.webp\"><img decoding=\"async\" class=\"alignright wp-image-3058\" src=\"https:\/\/cool-style.md\/wp-content\/uploads\/2024\/05\/Cool-style.md-Immortal-Atomizer-Spray-Bulb--400x400.webp\" alt=\"Immortal Atomiser Spray Bulb\" width=\"300\" height=\"300\" srcset=\"https:\/\/cool-style.md\/wp-content\/uploads\/2024\/05\/Cool-style.md-Immortal-Atomizer-Spray-Bulb--400x400.webp 400w, https:\/\/cool-style.md\/wp-content\/uploads\/2024\/05\/Cool-style.md-Immortal-Atomizer-Spray-Bulb--280x280.webp 280w, https:\/\/cool-style.md\/wp-content\/uploads\/2024\/05\/Cool-style.md-Immortal-Atomizer-Spray-Bulb--300x300.webp 300w, https:\/\/cool-style.md\/wp-content\/uploads\/2024\/05\/Cool-style.md-Immortal-Atomizer-Spray-Bulb--510x510.webp 510w, https:\/\/cool-style.md\/wp-content\/uploads\/2024\/05\/Cool-style.md-Immortal-Atomizer-Spray-Bulb--100x100.webp 100w, https:\/\/cool-style.md\/wp-content\/uploads\/2024\/05\/Cool-style.md-Immortal-Atomizer-Spray-Bulb-.webp 700w\" sizes=\"(max-width: 300px) 100vw, 300px\" \/><\/a><\/p>\n<p>Atomizorul de parfum <a href=\"https:\/\/immortal.com.tr\/\" target=\"_blank\" rel=\"noopener\">Immortal<\/a> este un atomizor exact \u0219i discret care are un stil clasic \u0219i elegant. Acest accesoriu pentru b\u0103rba\u021bi de lux este conceput pentru aplicarea uniform\u0103 pe piele a apelor de colonie sau a lo\u021biunilor de dup\u0103 ras. Acest lucru v\u0103 permite s\u0103 utiliza\u021bi produsul \u00een mod economic prin controlul consumului acestuia.<\/p>\n<p>Un <a href=\"https:\/\/cool-style.md\/ro\/accesorii\/\">instrument<\/a> aproape indispensabil pentru iubitorii de b\u0103rbierit tradi\u021bional, pentru b\u0103rba\u021bii c\u0103rora le pas\u0103 de utilizarea economic\u0103 a produselor aftershave. Potrivit pentru diverse recipiente din sticl\u0103 marca Immortal.<\/p>","protected":false},"excerpt":{"rendered":"<p><span style=\"font-size: 100%;\">Immortal Atomiser Spray Bulb este conceput pentru aplicarea uniform\u0103\u00a0 <\/span><span style=\"font-size: 100%;\">a apelor de colonie sau a lo\u021biunilor de dup\u0103 ras.<\/span><span style=\"font-size: 100%;\"><\/span><\/p>\n","protected":false},"featured_media":3059,"template":"","meta":[],"product_brand":[],"product_cat":[29,132],"product_tag":[],"class_list":{"0":"post-3061","1":"product","2":"type-product","3":"status-publish","4":"has-post-thumbnail","6":"product_cat-accesorii","7":"product_cat-diverse-accesorii","8":"pa_brand-immortal","9":"pa_producator-turcia","11":"first","12":"instock","13":"shipping-taxable","14":"purchasable","15":"product-type-simple"},"_links":{"self":[{"href":"https:\/\/cool-style.md\/ro\/wp-json\/wp\/v2\/product\/3061","targetHints":{"allow":["GET"]}}],"collection":[{"href":"https:\/\/cool-style.md\/ro\/wp-json\/wp\/v2\/product"}],"about":[{"href":"https:\/\/cool-style.md\/ro\/wp-json\/wp\/v2\/types\/product"}],"wp:featuredmedia":[{"embeddable":true,"href":"https:\/\/cool-style.md\/ro\/wp-json\/wp\/v2\/media\/3059"}],"wp:attachment":[{"href":"https:\/\/cool-style.md\/ro\/wp-json\/wp\/v2\/media?parent=3061"}],"wp:term":[{"taxonomy":"product_brand","embeddable":true,"href":"https:\/\/cool-style.md\/ro\/wp-json\/wp\/v2\/product_brand?post=3061"},{"taxonomy":"product_cat","embeddable":true,"href":"https:\/\/cool-style.md\/ro\/wp-json\/wp\/v2\/product_cat?post=3061"},{"taxonomy":"product_tag","embeddable":true,"href":"https:\/\/cool-style.md\/ro\/wp-json\/wp\/v2\/product_tag?post=3061"}],"curies":[{"name":"wp","href":"https:\/\/api.w.org\/{rel}","templated":true}]}}