{"id":3074,"date":"2024-05-16T13:58:19","date_gmt":"2024-05-16T13:58:19","guid":{"rendered":"https:\/\/cool-style.md\/?post_type=product&#038;p=3074"},"modified":"2024-12-06T16:33:04","modified_gmt":"2024-12-06T16:33:04","slug":"immortal-chaos-sea-salt-spray","status":"publish","type":"product","link":"https:\/\/cool-style.md\/ro\/product\/immortal-chaos-sea-salt-spray\/","title":{"rendered":"Spray de sare pentru volumul p\u0103rului Immortal Chaos Sea Salt Spray 250ml"},"content":{"rendered":"<h2><span style=\"font-size: 75%;\">Spray de sare pentru volumul p\u0103rului Immortal Chaos Sea Salt Spray<\/span><\/h2>\n<ul>\n<li><span style=\"font-size: 100%;\">Coafare u\u0219oar\u0103 \u0219i rapid\u0103;<\/span><\/li>\n<li><span style=\"font-size: 100%;\">Potrivit pentru p\u0103r de orice lungime;<\/span><\/li>\n<li><span style=\"font-size: 100%;\">Fixare u\u0219oar\u0103;<\/span><\/li>\n<li><span style=\"font-size: 100%;\">Nu \u00eengreuneaz\u0103 p\u0103rul;<\/span><\/li>\n<li><span style=\"font-size: 100%;\">Se spal\u0103 la \u0219amponare.<a href=\"https:\/\/cool-style.md\/wp-content\/uploads\/2024\/05\/Cool-style.md-Immortal-Chaos-Sea-Salt.png\"><img decoding=\"async\" class=\"aligncenter wp-image-3073\" src=\"https:\/\/cool-style.md\/wp-content\/uploads\/2024\/05\/Cool-style.md-Immortal-Chaos-Sea-Salt-713x400.png\" alt=\"Immortal Chaos Sea Salt\" width=\"800\" height=\"449\" srcset=\"https:\/\/cool-style.md\/wp-content\/uploads\/2024\/05\/Cool-style.md-Immortal-Chaos-Sea-Salt-713x400.png 713w, https:\/\/cool-style.md\/wp-content\/uploads\/2024\/05\/Cool-style.md-Immortal-Chaos-Sea-Salt-1400x785.png 1400w, https:\/\/cool-style.md\/wp-content\/uploads\/2024\/05\/Cool-style.md-Immortal-Chaos-Sea-Salt-768x431.png 768w, https:\/\/cool-style.md\/wp-content\/uploads\/2024\/05\/Cool-style.md-Immortal-Chaos-Sea-Salt-510x286.png 510w, https:\/\/cool-style.md\/wp-content\/uploads\/2024\/05\/Cool-style.md-Immortal-Chaos-Sea-Salt.png 1500w\" sizes=\"(max-width: 800px) 100vw, 800px\" \/><\/a><\/span><\/li>\n<\/ul>\n<p><span style=\"font-size: 100%;\">Spray de sare <a href=\"https:\/\/immortal.com.tr\/\" target=\"_blank\" rel=\"noopener\">Immortal<\/a> con\u021bine sare de mare natural\u0103. Proiectat\u0103 special pentru a ajuta la ob\u021binerea unui stil unic. Datorit\u0103 formulei sale unice, ofer\u0103 o coafare u\u0219oar\u0103, un aspect natural mat \u0219i las\u0103 p\u0103rul viu, flexibil \u0219i plin de mi\u0219care. Spray-ul texturiaz\u0103 p\u0103rul, f\u0103c\u00e2ndu-l mai voluminos \u0219i buclele separare. Nu las\u0103 urme pe p\u0103r, potrivit\u0103 pentru utilizarea zilnica, nu \u00eengreuneaz\u0103 p\u0103rul.<\/span><span style=\"font-size: 100%;\"> Potrivit\u0103 <\/span><a style=\"font-size: 100%;\" href=\"https:\/\/cool-style.md\/ro\/product-category\/cosmetice-barbati\/coafarea-barbati\/\">pentru toate tipurile de p\u0103r<\/a><span style=\"font-size: 100%;\">.<\/span><\/p>\n<p><span style=\"font-size: 100%;\"><strong>Fixare:<\/strong> u\u0219oar\u0103<\/span><\/p>\n<p><span style=\"font-size: 100%;\"><strong>Volum:<\/strong> 250 ml<\/span><\/p>\n<p><span style=\"font-size: 100%;\"><strong>Mod de utilizare:<\/strong> Pulveriza\u021bi pe p\u0103rul umed. Pentru o eviden\u021biere mai eficient\u0103 a texturii, \u00eencepe\u021bi s\u0103 distribui\u021bi produsul de la mijlocul buclelor, \u0219i nu de la r\u0103d\u0103cini.<\/span><\/p>\n<p><span style=\"font-size: 100%;\"><strong>Aten\u021bie:<\/strong> numai pentru uz extern. \u00cen caz de contact cu ochii, cl\u0103ti\u021bi cu mult\u0103 ap\u0103. A nu se lasa la indemana copiilor.<\/span><\/p>","protected":false},"excerpt":{"rendered":"<p><span style=\"font-size: 100%;\">Immortal Chaos Sea Salt Spray texturizeaz\u0103 p\u0103rul, \u00eel face mai voluminos, separ\u00e2nd buclele.<\/span><span style=\"font-size: 100%;\"><\/span><\/p>\n","protected":false},"featured_media":3076,"template":"","meta":[],"product_brand":[],"product_cat":[30],"product_tag":[],"class_list":{"0":"post-3074","1":"product","2":"type-product","3":"status-publish","4":"has-post-thumbnail","6":"product_cat-coafarea-barbati","7":"pa_brand-immortal","8":"pa_felul-produsului-tip-spray-sare","9":"pa_fixare-usoara","10":"pa_producator-turcia","11":"pa_volum-250ml","13":"first","14":"instock","15":"featured","16":"shipping-taxable","17":"purchasable","18":"product-type-simple"},"_links":{"self":[{"href":"https:\/\/cool-style.md\/ro\/wp-json\/wp\/v2\/product\/3074","targetHints":{"allow":["GET"]}}],"collection":[{"href":"https:\/\/cool-style.md\/ro\/wp-json\/wp\/v2\/product"}],"about":[{"href":"https:\/\/cool-style.md\/ro\/wp-json\/wp\/v2\/types\/product"}],"wp:featuredmedia":[{"embeddable":true,"href":"https:\/\/cool-style.md\/ro\/wp-json\/wp\/v2\/media\/3076"}],"wp:attachment":[{"href":"https:\/\/cool-style.md\/ro\/wp-json\/wp\/v2\/media?parent=3074"}],"wp:term":[{"taxonomy":"product_brand","embeddable":true,"href":"https:\/\/cool-style.md\/ro\/wp-json\/wp\/v2\/product_brand?post=3074"},{"taxonomy":"product_cat","embeddable":true,"href":"https:\/\/cool-style.md\/ro\/wp-json\/wp\/v2\/product_cat?post=3074"},{"taxonomy":"product_tag","embeddable":true,"href":"https:\/\/cool-style.md\/ro\/wp-json\/wp\/v2\/product_tag?post=3074"}],"curies":[{"name":"wp","href":"https:\/\/api.w.org\/{rel}","templated":true}]}}